{"id":11,"date":"2017-07-09T06:10:49","date_gmt":"2017-07-09T06:10:49","guid":{"rendered":"http:\/\/www.sepmachinery.com\/?page_id=11"},"modified":"2024-07-05T07:48:18","modified_gmt":"2024-07-05T07:48:18","slug":"about","status":"publish","type":"page","link":"https:\/\/sepmachinery.com\/es\/about\/","title":{"rendered":"NOSOTROS"},"content":{"rendered":"<div data-elementor-type=\"wp-page\" data-elementor-id=\"11\" class=\"elementor elementor-11\" data-elementor-post-type=\"page\">\n\t\t\t\t\t\t<section class=\"elementor-section elementor-top-section elementor-element elementor-element-38c54beb elementor-section-full_width elementor-section-height-default elementor-section-height-default\" data-id=\"38c54beb\" data-element_type=\"section\" data-e-type=\"section\" data-settings=\"{&quot;background_background&quot;:&quot;classic&quot;}\">\n\t\t\t\t\t\t\t<div class=\"elementor-background-overlay\"><\/div>\n\t\t\t\t\t\t\t<div class=\"elementor-container elementor-column-gap-default\">\n\t\t\t\t\t<div class=\"elementor-column elementor-col-50 elementor-top-column elementor-element elementor-element-15b365e1 elementor-hidden-mobile\" data-id=\"15b365e1\" data-element_type=\"column\" data-e-type=\"column\" data-settings=\"{&quot;background_background&quot;:&quot;classic&quot;}\">\n\t\t\t<div class=\"elementor-widget-wrap elementor-element-populated\">\n\t\t\t\t\t<div class=\"elementor-background-overlay\"><\/div>\n\t\t\t\t\t\t<div class=\"elementor-element elementor-element-7c8cb6d5 elementor-hidden-mobile elementor-widget elementor-widget-spacer\" data-id=\"7c8cb6d5\" data-element_type=\"widget\" data-e-type=\"widget\" data-widget_type=\"spacer.default\">\n\t\t\t\t<div class=\"elementor-widget-container\">\n\t\t\t\t\t\t\t<div class=\"elementor-spacer\">\n\t\t\t<div class=\"elementor-spacer-inner\"><\/div>\n\t\t<\/div>\n\t\t\t\t\t\t<\/div>\n\t\t\t\t<\/div>\n\t\t\t\t\t<\/div>\n\t\t<\/div>\n\t\t\t\t<div class=\"elementor-column elementor-col-50 elementor-top-column elementor-element elementor-element-20b8212e\" data-id=\"20b8212e\" data-element_type=\"column\" data-e-type=\"column\" data-settings=\"{&quot;background_background&quot;:&quot;classic&quot;}\">\n\t\t\t<div class=\"elementor-widget-wrap elementor-element-populated\">\n\t\t\t\t\t\t<section class=\"elementor-section elementor-inner-section elementor-element elementor-element-43a8ded0 elementor-section-boxed elementor-section-height-default elementor-section-height-default\" data-id=\"43a8ded0\" data-element_type=\"section\" data-e-type=\"section\">\n\t\t\t\t\t\t<div class=\"elementor-container elementor-column-gap-default\">\n\t\t\t\t\t<div class=\"elementor-column elementor-col-100 elementor-inner-column elementor-element elementor-element-6d5bd34d\" data-id=\"6d5bd34d\" data-element_type=\"column\" data-e-type=\"column\">\n\t\t\t<div class=\"elementor-widget-wrap elementor-element-populated\">\n\t\t\t\t\t\t<div class=\"elementor-element elementor-element-16347d4 .envato-kit-138-bracket {   color: green; } elementor-widget elementor-widget-heading\" data-id=\"16347d4\" data-element_type=\"widget\" data-e-type=\"widget\" data-widget_type=\"heading.default\">\n\t\t\t\t<div class=\"elementor-widget-container\">\n\t\t\t\t\t<h3 class=\"elementor-heading-title elementor-size-default\">Maquinaria alimentaria<\/h3>\t\t\t\t<\/div>\n\t\t\t\t<\/div>\n\t\t\t\t<div class=\"elementor-element elementor-element-3bfc2ff elementor-widget elementor-widget-heading\" data-id=\"3bfc2ff\" data-element_type=\"widget\" data-e-type=\"widget\" data-widget_type=\"heading.default\">\n\t\t\t\t<div class=\"elementor-widget-container\">\n\t\t\t\t\t<h1 class=\"elementor-heading-title elementor-size-default\">Acerca de September Machinery<\/h1>\t\t\t\t<\/div>\n\t\t\t\t<\/div>\n\t\t\t\t<div class=\"elementor-element elementor-element-5399f549 elementor-widget-divider--view-line elementor-widget elementor-widget-divider\" data-id=\"5399f549\" data-element_type=\"widget\" data-e-type=\"widget\" data-widget_type=\"divider.default\">\n\t\t\t\t<div class=\"elementor-widget-container\">\n\t\t\t\t\t\t\t<div class=\"elementor-divider\">\n\t\t\t<span class=\"elementor-divider-separator\">\n\t\t\t\t\t\t<\/span>\n\t\t<\/div>\n\t\t\t\t\t\t<\/div>\n\t\t\t\t<\/div>\n\t\t\t\t\t<\/div>\n\t\t<\/div>\n\t\t\t\t\t<\/div>\n\t\t<\/section>\n\t\t\t\t<div class=\"elementor-element elementor-element-2255e6b4 elementor-widget elementor-widget-spacer\" data-id=\"2255e6b4\" data-element_type=\"widget\" data-e-type=\"widget\" data-widget_type=\"spacer.default\">\n\t\t\t\t<div class=\"elementor-widget-container\">\n\t\t\t\t\t\t\t<div class=\"elementor-spacer\">\n\t\t\t<div class=\"elementor-spacer-inner\"><\/div>\n\t\t<\/div>\n\t\t\t\t\t\t<\/div>\n\t\t\t\t<\/div>\n\t\t\t\t<section class=\"elementor-section elementor-inner-section elementor-element elementor-element-2e976720 elementor-section-boxed elementor-section-height-default elementor-section-height-default\" data-id=\"2e976720\" data-element_type=\"section\" data-e-type=\"section\">\n\t\t\t\t\t\t<div class=\"elementor-container elementor-column-gap-default\">\n\t\t\t\t\t<div class=\"elementor-column elementor-col-50 elementor-inner-column elementor-element elementor-element-23da3968\" data-id=\"23da3968\" data-element_type=\"column\" data-e-type=\"column\">\n\t\t\t<div class=\"elementor-widget-wrap elementor-element-populated\">\n\t\t\t\t\t\t<div class=\"elementor-element elementor-element-75097c38 .envato-kit-138-bracket {   color: green; } elementor-widget elementor-widget-heading\" data-id=\"75097c38\" data-element_type=\"widget\" data-e-type=\"widget\" data-widget_type=\"heading.default\">\n\t\t\t\t<div class=\"elementor-widget-container\">\n\t\t\t\t\t<h3 class=\"elementor-heading-title elementor-size-default\">nuestra historia<\/h3>\t\t\t\t<\/div>\n\t\t\t\t<\/div>\n\t\t\t\t\t<\/div>\n\t\t<\/div>\n\t\t\t\t<div class=\"elementor-column elementor-col-50 elementor-inner-column elementor-element elementor-element-465703aa\" data-id=\"465703aa\" data-element_type=\"column\" data-e-type=\"column\">\n\t\t\t<div class=\"elementor-widget-wrap elementor-element-populated\">\n\t\t\t\t\t\t<div class=\"elementor-element elementor-element-2d1262f2 elementor-widget elementor-widget-text-editor\" data-id=\"2d1262f2\" data-element_type=\"widget\" data-e-type=\"widget\" data-widget_type=\"text-editor.default\">\n\t\t\t\t<div class=\"elementor-widget-container\">\n\t\t\t\t\t\t\t\t\t<p>Establecido en 2018, September Machinery es un proveedor de confianza de transportadores de alimentos de alta calidad en China. Con un enfoque en la fiabilidad y la satisfacci\u00f3n del cliente, tenemos una rica historia de entrega de soluciones de transporte innovadoras que agilizan los procesos de producci\u00f3n<\/p>\t\t\t\t\t\t\t\t<\/div>\n\t\t\t\t<\/div>\n\t\t\t\t\t<\/div>\n\t\t<\/div>\n\t\t\t\t\t<\/div>\n\t\t<\/section>\n\t\t\t\t<section class=\"elementor-section elementor-inner-section elementor-element elementor-element-33beced4 elementor-section-boxed elementor-section-height-default elementor-section-height-default\" data-id=\"33beced4\" data-element_type=\"section\" data-e-type=\"section\">\n\t\t\t\t\t\t<div class=\"elementor-container elementor-column-gap-no\">\n\t\t\t\t\t<div class=\"elementor-column elementor-col-50 elementor-inner-column elementor-element elementor-element-74b03cce\" data-id=\"74b03cce\" data-element_type=\"column\" data-e-type=\"column\">\n\t\t\t<div class=\"elementor-widget-wrap elementor-element-populated\">\n\t\t\t\t\t\t<div class=\"elementor-element elementor-element-3a75631 elementor-hidden-tablet elementor-widget__width-initial elementor-widget elementor-widget-image\" data-id=\"3a75631\" data-element_type=\"widget\" data-e-type=\"widget\" data-widget_type=\"image.default\">\n\t\t\t\t<div class=\"elementor-widget-container\">\n\t\t\t\t\t\t\t\t\t\t\t\t\t\t\t<img fetchpriority=\"high\" decoding=\"async\" width=\"300\" height=\"300\" src=\"https:\/\/sepmachinery.com\/wp-content\/uploads\/2023\/06\/september-company.png\" class=\"attachment-large size-large wp-image-7000\" alt=\"\" srcset=\"https:\/\/sepmachinery.com\/wp-content\/uploads\/2023\/06\/september-company.png 300w, https:\/\/sepmachinery.com\/wp-content\/uploads\/2023\/06\/september-company-80x80.png 80w, https:\/\/sepmachinery.com\/wp-content\/uploads\/2023\/06\/september-company-12x12.png 12w, https:\/\/sepmachinery.com\/wp-content\/uploads\/2023\/06\/elementor\/thumbs\/september-company-q88gn30yoas6he81jnprbasmm4m4myg82jpukbdya8.png 200w\" sizes=\"(max-width: 300px) 100vw, 300px\" \/>\t\t\t\t\t\t\t\t\t\t\t\t\t\t\t<\/div>\n\t\t\t\t<\/div>\n\t\t\t\t\t<\/div>\n\t\t<\/div>\n\t\t\t\t<div class=\"elementor-column elementor-col-50 elementor-inner-column elementor-element elementor-element-157f89b6\" data-id=\"157f89b6\" data-element_type=\"column\" data-e-type=\"column\">\n\t\t\t<div class=\"elementor-widget-wrap elementor-element-populated\">\n\t\t\t\t\t\t<div class=\"elementor-element elementor-element-2c9e8b8a elementor-widget elementor-widget-text-editor\" data-id=\"2c9e8b8a\" data-element_type=\"widget\" data-e-type=\"widget\" data-widget_type=\"text-editor.default\">\n\t\t\t\t<div class=\"elementor-widget-container\">\n\t\t\t\t\t\t\t\t\t<p>Priorizamos la calidad y la satisfacci\u00f3n del cliente. Nuestros sistemas de transporte se dise\u00f1an y fabrican meticulosamente para superar las normas del sector, garantizando la seguridad y la eficacia de sus procesos de producci\u00f3n. Centr\u00e1ndonos en la fiabilidad, ofrecemos soluciones personalizadas adaptadas a sus requisitos exclusivos, que se integran perfectamente en sus operaciones actuales.<\/p>\t\t\t\t\t\t\t\t<\/div>\n\t\t\t\t<\/div>\n\t\t\t\t\t<\/div>\n\t\t<\/div>\n\t\t\t\t\t<\/div>\n\t\t<\/section>\n\t\t\t\t<section class=\"elementor-section elementor-inner-section elementor-element elementor-element-1092ce46 elementor-section-boxed elementor-section-height-default elementor-section-height-default\" data-id=\"1092ce46\" data-element_type=\"section\" data-e-type=\"section\">\n\t\t\t\t\t\t<div class=\"elementor-container elementor-column-gap-default\">\n\t\t\t\t\t<div class=\"elementor-column elementor-col-50 elementor-inner-column elementor-element elementor-element-30630a09\" data-id=\"30630a09\" data-element_type=\"column\" data-e-type=\"column\">\n\t\t\t<div class=\"elementor-widget-wrap elementor-element-populated\">\n\t\t\t\t\t\t<div class=\"elementor-element elementor-element-5cacd164 .envato-kit-138-bracket {   color: green; } elementor-widget elementor-widget-heading\" data-id=\"5cacd164\" data-element_type=\"widget\" data-e-type=\"widget\" data-widget_type=\"heading.default\">\n\t\t\t\t<div class=\"elementor-widget-container\">\n\t\t\t\t\t<h3 class=\"elementor-heading-title elementor-size-default\">Especialidades<\/h3>\t\t\t\t<\/div>\n\t\t\t\t<\/div>\n\t\t\t\t\t<\/div>\n\t\t<\/div>\n\t\t\t\t<div class=\"elementor-column elementor-col-50 elementor-inner-column elementor-element elementor-element-178d31c0\" data-id=\"178d31c0\" data-element_type=\"column\" data-e-type=\"column\">\n\t\t\t<div class=\"elementor-widget-wrap elementor-element-populated\">\n\t\t\t\t\t\t<div class=\"elementor-element elementor-element-127a5d32 elementor-widget elementor-widget-text-editor\" data-id=\"127a5d32\" data-element_type=\"widget\" data-e-type=\"widget\" data-widget_type=\"text-editor.default\">\n\t\t\t\t<div class=\"elementor-widget-container\">\n\t\t\t\t\t\t\t\t\t<p>A lo largo de los a\u00f1os, hemos ampliado nuestras especialidades para incluir una amplia gama de transportadores de alimentos, tales como <span style=\"color: #99cc00;\"><a style=\"color: #99cc00;\" href=\"https:\/\/sepmachinery.com\/es\/bucket-elevator\/\">elevadores de cangilones<\/a>, <a style=\"color: #99cc00;\" href=\"https:\/\/sepmachinery.com\/es\/incline-conveyor\/\">cintas transportadoras<\/a>, <a style=\"color: #99cc00;\" href=\"https:\/\/sepmachinery.com\/es\/stainless-steel-platforms-mezzanines\/\">plataformas de trabajo<\/a>, <a style=\"color: #99cc00;\" href=\"https:\/\/sepmachinery.com\/es\/rotary-accumulation-tables\/\">mesas giratorias de acumulaci\u00f3n<\/a>, <a style=\"color: #99cc00;\" href=\"https:\/\/sepmachinery.com\/es\/takeaway-conveyor\/\">transportadores de salida<\/a>, <a style=\"color: #99cc00;\" href=\"https:\/\/sepmachinery.com\/es\/screw-conveyor\/\">transportadores de tornillo<\/a>, <\/span><a href=\"https:\/\/sepmachinery.com\/es\/infeed-vibratory-feeder\/\"><span style=\"color: #99cc00;\">alimentadores vibrotatorios,<\/span><\/a> y mucho m\u00e1s. Nuestro equipo de ingenieros y t\u00e9cnicos experimentados garantiza que nuestros sistemas de transporte se mantengan a la vanguardia de los avances tecnol\u00f3gicos.<\/p>\t\t\t\t\t\t\t\t<\/div>\n\t\t\t\t<\/div>\n\t\t\t\t\t<\/div>\n\t\t<\/div>\n\t\t\t\t\t<\/div>\n\t\t<\/section>\n\t\t\t\t\t<\/div>\n\t\t<\/div>\n\t\t\t\t\t<\/div>\n\t\t<\/section>\n\t\t\t\t<\/div>","protected":false},"excerpt":{"rendered":"<p>Food machinery About September Machinery our history Established in 2018, September Machinery is a trusted provider of high-quality food conveyors in China. With a focus on reliability and customer satisfaction, we have a rich history of delivering innovative conveyor solutions that streamline production processes We prioritize quality and customer satisfaction. Our conveyor systems are meticulously [&hellip;]<\/p>\n","protected":false},"author":1,"featured_media":4578,"parent":0,"menu_order":0,"comment_status":"closed","ping_status":"closed","template":"","meta":{"two_page_speed":[],"footnotes":""},"class_list":["post-11","page","type-page","status-publish","has-post-thumbnail","hentry"],"_links":{"self":[{"href":"https:\/\/sepmachinery.com\/es\/wp-json\/wp\/v2\/pages\/11","targetHints":{"allow":["GET"]}}],"collection":[{"href":"https:\/\/sepmachinery.com\/es\/wp-json\/wp\/v2\/pages"}],"about":[{"href":"https:\/\/sepmachinery.com\/es\/wp-json\/wp\/v2\/types\/page"}],"author":[{"embeddable":true,"href":"https:\/\/sepmachinery.com\/es\/wp-json\/wp\/v2\/users\/1"}],"replies":[{"embeddable":true,"href":"https:\/\/sepmachinery.com\/es\/wp-json\/wp\/v2\/comments?post=11"}],"version-history":[{"count":64,"href":"https:\/\/sepmachinery.com\/es\/wp-json\/wp\/v2\/pages\/11\/revisions"}],"predecessor-version":[{"id":8182,"href":"https:\/\/sepmachinery.com\/es\/wp-json\/wp\/v2\/pages\/11\/revisions\/8182"}],"wp:featuredmedia":[{"embeddable":true,"href":"https:\/\/sepmachinery.com\/es\/wp-json\/wp\/v2\/media\/4578"}],"wp:attachment":[{"href":"https:\/\/sepmachinery.com\/es\/wp-json\/wp\/v2\/media?parent=11"}],"curies":[{"name":"wp","href":"https:\/\/api.w.org\/{rel}","templated":true}]}}