{"id":140,"date":"2017-07-13T22:26:27","date_gmt":"2017-07-13T22:26:27","guid":{"rendered":"http:\/\/www.sepmachinery.com\/?page_id=140"},"modified":"2023-07-04T00:55:28","modified_gmt":"2023-07-04T00:55:28","slug":"takeaway-conveyor","status":"publish","type":"page","link":"https:\/\/sepmachinery.com\/es\/takeaway-conveyor\/","title":{"rendered":"Transportador de salida"},"content":{"rendered":"<div data-elementor-type=\"wp-page\" data-elementor-id=\"140\" class=\"elementor elementor-140\" data-elementor-post-type=\"page\">\n\t\t\t\t<div class=\"elementor-element elementor-element-80f705a e-con-full e-flex e-con e-parent\" data-id=\"80f705a\" data-element_type=\"container\" data-e-type=\"container\">\n\t\t<div class=\"elementor-element elementor-element-7f00e35 e-flex e-con-boxed e-con e-parent\" data-id=\"7f00e35\" data-element_type=\"container\" data-e-type=\"container\" data-settings=\"{&quot;background_background&quot;:&quot;classic&quot;}\">\n\t\t\t\t\t<div class=\"e-con-inner\">\n\t\t\t\t<div class=\"elementor-element elementor-element-2f11920 elementor-widget elementor-widget-heading\" data-id=\"2f11920\" data-element_type=\"widget\" data-e-type=\"widget\" data-widget_type=\"heading.default\">\n\t\t\t\t<div class=\"elementor-widget-container\">\n\t\t\t\t\t<h1 class=\"elementor-heading-title elementor-size-default\">Transportador de salida<\/h1>\t\t\t\t<\/div>\n\t\t\t\t<\/div>\n\t\t\t\t<div class=\"elementor-element elementor-element-2fae2cf elementor-widget elementor-widget-text-editor\" data-id=\"2fae2cf\" data-element_type=\"widget\" data-e-type=\"widget\" data-widget_type=\"text-editor.default\">\n\t\t\t\t<div class=\"elementor-widget-container\">\n\t\t\t\t\t\t\t\t\t<p>Tanto si su producto es caf\u00e9, frambuesas congeladas o frutas, querr\u00e1 elaborarlo con la m\u00e1xima calidad posible y con un envase que le diferencie de la competencia. Nuestras m\u00e1quinas pueden transportar una gran variedad de productos. Seleccione y explore nuestras soluciones para su producto. El transportador de salida est\u00e1 fabricado en acero inoxidable y equipado con cintas de vuelo modulares (PP, PU o PVC) para retirar las bolsas terminadas de la m\u00e1quina de formado, llenado y sellado y elevarlas al sistema de control o a la mesa de salida de envases (tambi\u00e9n denominada mesa de acumulaci\u00f3n giratoria), para despu\u00e9s retirarlas manualmente a otro lugar.<\/p><h3>Par\u00e1metros de los transportadores de salida:<\/h3><ul><li>Ancho de banda est\u00e1ndar: 250 mm<\/li><li>Tipo de correa est\u00e1ndar: PP, PVC y PU<\/li><li>Altura de descarga est\u00e1ndar: 900 mm<\/li><\/ul><p>Caja de control de velocidad independiente, con parada, velocidad ajustable y parada de emergencia<\/p><p>Velocidad ajustable<\/p><p>Material SUS 304#<\/p><p>Altura personalizable<\/p>\t\t\t\t\t\t\t\t<\/div>\n\t\t\t\t<\/div>\n\t\t\t\t\t<\/div>\n\t\t\t\t<\/div>\n\t\t\t\t<\/div>\n\t\t<div class=\"elementor-element elementor-element-c6f8bc2 e-flex e-con-boxed e-con e-parent\" data-id=\"c6f8bc2\" data-element_type=\"container\" data-e-type=\"container\">\n\t\t\t\t\t<div class=\"e-con-inner\">\n\t\t<div class=\"elementor-element elementor-element-6a06c27 e-con-full e-flex e-con e-parent\" data-id=\"6a06c27\" data-element_type=\"container\" data-e-type=\"container\">\n\t\t\t\t<div class=\"elementor-element elementor-element-1cd391f elementor-widget elementor-widget-image\" data-id=\"1cd391f\" data-element_type=\"widget\" data-e-type=\"widget\" data-settings=\"{&quot;_animation&quot;:&quot;none&quot;}\" data-widget_type=\"image.default\">\n\t\t\t\t<div class=\"elementor-widget-container\">\n\t\t\t\t\t\t\t\t\t\t\t\t\t\t\t<img fetchpriority=\"high\" decoding=\"async\" width=\"700\" height=\"700\" src=\"https:\/\/sepmachinery.com\/wp-content\/uploads\/2023\/06\/Take-away-conveyors.jpg\" class=\"elementor-animation-shrink attachment-large size-large wp-image-5925\" alt=\"Cintas transportadoras\" srcset=\"https:\/\/sepmachinery.com\/wp-content\/uploads\/2023\/06\/Take-away-conveyors.jpg 700w, https:\/\/sepmachinery.com\/wp-content\/uploads\/2023\/06\/Take-away-conveyors-300x300.jpg 300w, https:\/\/sepmachinery.com\/wp-content\/uploads\/2023\/06\/Take-away-conveyors-80x80.jpg 80w, https:\/\/sepmachinery.com\/wp-content\/uploads\/2023\/06\/Take-away-conveyors-12x12.jpg 12w\" sizes=\"(max-width: 700px) 100vw, 700px\" \/>\t\t\t\t\t\t\t\t\t\t\t\t\t\t\t<\/div>\n\t\t\t\t<\/div>\n\t\t\t\t<div class=\"elementor-element elementor-element-60efe47 elementor-widget elementor-widget-image-box\" data-id=\"60efe47\" data-element_type=\"widget\" data-e-type=\"widget\" data-widget_type=\"image-box.default\">\n\t\t\t\t<div class=\"elementor-widget-container\">\n\t\t\t\t\t<div class=\"elementor-image-box-wrapper\"><div class=\"elementor-image-box-content\"><h3 class=\"elementor-image-box-title\">En forma de L<\/h3><p class=\"elementor-image-box-description\">Cinta transportadora modular de salida de PP de color blanco<\/p><\/div><\/div>\t\t\t\t<\/div>\n\t\t\t\t<\/div>\n\t\t\t\t<div class=\"elementor-element elementor-element-dc3f5a0 elementor-align-center elementor-widget elementor-widget-button\" data-id=\"dc3f5a0\" data-element_type=\"widget\" data-e-type=\"widget\" data-widget_type=\"button.default\">\n\t\t\t\t<div class=\"elementor-widget-container\">\n\t\t\t\t\t\t\t\t\t<div class=\"elementor-button-wrapper\">\n\t\t\t\t\t<a class=\"elementor-button elementor-button-link elementor-size-sm elementor-animation-shrink\" href=\"https:\/\/sepmachinery.com\/es\/contact-us\/\">\n\t\t\t\t\t\t<span class=\"elementor-button-content-wrapper\">\n\t\t\t\t\t\t\t\t\t<span class=\"elementor-button-text\">Solicita Presupuesto<\/span>\n\t\t\t\t\t<\/span>\n\t\t\t\t\t<\/a>\n\t\t\t\t<\/div>\n\t\t\t\t\t\t\t\t<\/div>\n\t\t\t\t<\/div>\n\t\t\t\t<\/div>\n\t\t<div class=\"elementor-element elementor-element-dee1794 e-con-full e-flex e-con e-parent\" data-id=\"dee1794\" data-element_type=\"container\" data-e-type=\"container\">\n\t\t\t\t<div class=\"elementor-element elementor-element-f50092a elementor-widget elementor-widget-image\" data-id=\"f50092a\" data-element_type=\"widget\" data-e-type=\"widget\" data-settings=\"{&quot;_animation&quot;:&quot;none&quot;}\" data-widget_type=\"image.default\">\n\t\t\t\t<div class=\"elementor-widget-container\">\n\t\t\t\t\t\t\t\t\t\t\t\t\t\t\t<img decoding=\"async\" width=\"700\" height=\"700\" src=\"https:\/\/sepmachinery.com\/wp-content\/uploads\/2023\/06\/pack-off-take-away-z-conveyors.jpg\" class=\"elementor-animation-shrink attachment-large size-large wp-image-5924\" alt=\"cinta transportadora para comida para llevar\" srcset=\"https:\/\/sepmachinery.com\/wp-content\/uploads\/2023\/06\/pack-off-take-away-z-conveyors.jpg 700w, https:\/\/sepmachinery.com\/wp-content\/uploads\/2023\/06\/pack-off-take-away-z-conveyors-300x300.jpg 300w, https:\/\/sepmachinery.com\/wp-content\/uploads\/2023\/06\/pack-off-take-away-z-conveyors-80x80.jpg 80w, https:\/\/sepmachinery.com\/wp-content\/uploads\/2023\/06\/pack-off-take-away-z-conveyors-12x12.jpg 12w\" sizes=\"(max-width: 700px) 100vw, 700px\" \/>\t\t\t\t\t\t\t\t\t\t\t\t\t\t\t<\/div>\n\t\t\t\t<\/div>\n\t\t\t\t<div class=\"elementor-element elementor-element-400fb2d elementor-widget elementor-widget-image-box\" data-id=\"400fb2d\" data-element_type=\"widget\" data-e-type=\"widget\" data-widget_type=\"image-box.default\">\n\t\t\t\t<div class=\"elementor-widget-container\">\n\t\t\t\t\t<div class=\"elementor-image-box-wrapper\"><div class=\"elementor-image-box-content\"><h3 class=\"elementor-image-box-title\">En forma de Z<\/h3><p class=\"elementor-image-box-description\">Cinta transportadora POM de color azul<\/p><\/div><\/div>\t\t\t\t<\/div>\n\t\t\t\t<\/div>\n\t\t\t\t<div class=\"elementor-element elementor-element-e6cf225 elementor-align-center elementor-widget elementor-widget-button\" data-id=\"e6cf225\" data-element_type=\"widget\" data-e-type=\"widget\" data-widget_type=\"button.default\">\n\t\t\t\t<div class=\"elementor-widget-container\">\n\t\t\t\t\t\t\t\t\t<div class=\"elementor-button-wrapper\">\n\t\t\t\t\t<a class=\"elementor-button elementor-button-link elementor-size-sm elementor-animation-shrink\" href=\"https:\/\/sepmachinery.com\/es\/contact-us\/\">\n\t\t\t\t\t\t<span class=\"elementor-button-content-wrapper\">\n\t\t\t\t\t\t\t\t\t<span class=\"elementor-button-text\">Solicita Presupuesto<\/span>\n\t\t\t\t\t<\/span>\n\t\t\t\t\t<\/a>\n\t\t\t\t<\/div>\n\t\t\t\t\t\t\t\t<\/div>\n\t\t\t\t<\/div>\n\t\t\t\t<\/div>\n\t\t<div class=\"elementor-element elementor-element-99f4d05 e-con-full e-flex e-con e-parent\" data-id=\"99f4d05\" data-element_type=\"container\" data-e-type=\"container\">\n\t\t\t\t<div class=\"elementor-element elementor-element-94ab81f elementor-widget elementor-widget-image\" data-id=\"94ab81f\" data-element_type=\"widget\" data-e-type=\"widget\" data-settings=\"{&quot;_animation&quot;:&quot;none&quot;}\" data-widget_type=\"image.default\">\n\t\t\t\t<div class=\"elementor-widget-container\">\n\t\t\t\t\t\t\t\t\t\t\t\t\t\t\t<img decoding=\"async\" width=\"700\" height=\"700\" src=\"https:\/\/sepmachinery.com\/wp-content\/uploads\/2023\/06\/Exit-Conveyor.jpg\" class=\"elementor-animation-shrink attachment-large size-large wp-image-5923\" alt=\"Transportador de salida\" srcset=\"https:\/\/sepmachinery.com\/wp-content\/uploads\/2023\/06\/Exit-Conveyor.jpg 700w, https:\/\/sepmachinery.com\/wp-content\/uploads\/2023\/06\/Exit-Conveyor-300x300.jpg 300w, https:\/\/sepmachinery.com\/wp-content\/uploads\/2023\/06\/Exit-Conveyor-80x80.jpg 80w, https:\/\/sepmachinery.com\/wp-content\/uploads\/2023\/06\/Exit-Conveyor-12x12.jpg 12w\" sizes=\"(max-width: 700px) 100vw, 700px\" \/>\t\t\t\t\t\t\t\t\t\t\t\t\t\t\t<\/div>\n\t\t\t\t<\/div>\n\t\t\t\t<div class=\"elementor-element elementor-element-1973302 elementor-widget elementor-widget-image-box\" data-id=\"1973302\" data-element_type=\"widget\" data-e-type=\"widget\" data-widget_type=\"image-box.default\">\n\t\t\t\t<div class=\"elementor-widget-container\">\n\t\t\t\t\t<div class=\"elementor-image-box-wrapper\"><div class=\"elementor-image-box-content\"><h3 class=\"elementor-image-box-title\">Ajuste del \u00e1ngulo<\/h3><p class=\"elementor-image-box-description\">Cintur\u00f3n PU color blanco, regulable en altura<\/p><\/div><\/div>\t\t\t\t<\/div>\n\t\t\t\t<\/div>\n\t\t\t\t<div class=\"elementor-element elementor-element-71dd817 elementor-align-center elementor-widget elementor-widget-button\" data-id=\"71dd817\" data-element_type=\"widget\" data-e-type=\"widget\" data-widget_type=\"button.default\">\n\t\t\t\t<div class=\"elementor-widget-container\">\n\t\t\t\t\t\t\t\t\t<div class=\"elementor-button-wrapper\">\n\t\t\t\t\t<a class=\"elementor-button elementor-button-link elementor-size-sm elementor-animation-shrink\" href=\"https:\/\/sepmachinery.com\/es\/contact-us\/\">\n\t\t\t\t\t\t<span class=\"elementor-button-content-wrapper\">\n\t\t\t\t\t\t\t\t\t<span class=\"elementor-button-text\">Solicita Presupuesto<\/span>\n\t\t\t\t\t<\/span>\n\t\t\t\t\t<\/a>\n\t\t\t\t<\/div>\n\t\t\t\t\t\t\t\t<\/div>\n\t\t\t\t<\/div>\n\t\t\t\t<\/div>\n\t\t\t\t\t<\/div>\n\t\t\t\t<\/div>\n\t\t<div class=\"elementor-element elementor-element-b97b320 elementor-hidden-tablet elementor-hidden-mobile e-flex e-con-boxed e-con e-parent\" data-id=\"b97b320\" data-element_type=\"container\" data-e-type=\"container\" data-settings=\"{&quot;background_background&quot;:&quot;classic&quot;}\">\n\t\t\t\t\t<div class=\"e-con-inner\">\n\t\t<div class=\"elementor-element elementor-element-005744e e-con-full e-flex e-con e-parent\" data-id=\"005744e\" data-element_type=\"container\" data-e-type=\"container\" data-settings=\"{&quot;background_background&quot;:&quot;classic&quot;}\">\n\t\t<div class=\"elementor-element elementor-element-84c3fe7 e-con-full e-flex e-con e-parent\" data-id=\"84c3fe7\" data-element_type=\"container\" data-e-type=\"container\">\n\t\t<div class=\"elementor-element elementor-element-eec4a0d e-con-full e-flex e-con e-parent\" data-id=\"eec4a0d\" data-element_type=\"container\" data-e-type=\"container\">\n\t\t\t\t<div class=\"elementor-element elementor-element-56af167 elementor-widget elementor-widget-heading\" data-id=\"56af167\" data-element_type=\"widget\" data-e-type=\"widget\" data-widget_type=\"heading.default\">\n\t\t\t\t<div class=\"elementor-widget-container\">\n\t\t\t\t\t<h2 class=\"elementor-heading-title elementor-size-xl\">Cinta transportadora <\/h2>\t\t\t\t<\/div>\n\t\t\t\t<\/div>\n\t\t\t\t<div class=\"elementor-element elementor-element-c9a0cee elementor-widget elementor-widget-text-editor\" data-id=\"c9a0cee\" data-element_type=\"widget\" data-e-type=\"widget\" data-widget_type=\"text-editor.default\">\n\t\t\t\t<div class=\"elementor-widget-container\">\n\t\t\t\t\t\t\t\t\t<p>Descubra la excelencia: Acomp\u00e1\u00f1enos en un viaje visual a trav\u00e9s de nuestro v\u00eddeo de inspecci\u00f3n, que destaca la excelencia de nuestros transportadores de salida y plataformas giratorias de acumulaci\u00f3n personalizados. Sea testigo de primera mano de c\u00f3mo nuestros rigurosos controles de calidad y nuestras soluciones personalizadas garantizan una productividad \u00f3ptima y un funcionamiento sin problemas.<\/p>\t\t\t\t\t\t\t\t<\/div>\n\t\t\t\t<\/div>\n\t\t\t\t<div class=\"elementor-element elementor-element-ca2f5ca elementor-align-justify elementor-tablet-align-justify elementor-mobile-align-justify elementor-widget-tablet__width-inherit elementor-invisible elementor-widget elementor-widget-button\" data-id=\"ca2f5ca\" data-element_type=\"widget\" data-e-type=\"widget\" data-settings=\"{&quot;_animation&quot;:&quot;fadeIn&quot;,&quot;_animation_delay&quot;:300}\" data-widget_type=\"button.default\">\n\t\t\t\t<div class=\"elementor-widget-container\">\n\t\t\t\t\t\t\t\t\t<div class=\"elementor-button-wrapper\">\n\t\t\t\t\t<a class=\"elementor-button elementor-button-link elementor-size-sm\" href=\"https:\/\/sepmachinery.com\/es\/contact-us\/\">\n\t\t\t\t\t\t<span class=\"elementor-button-content-wrapper\">\n\t\t\t\t\t\t<span class=\"elementor-button-icon\">\n\t\t\t\t<svg aria-hidden=\"true\" class=\"e-font-icon-svg e-fas-play\" viewbox=\"0 0 448 512\" xmlns=\"http:\/\/www.w3.org\/2000\/svg\"><path d=\"M424.4 214.7L72.4 6.6C43.8-10.3 0 6.1 0 47.9V464c0 37.5 40.7 60.1 72.4 41.3l352-208c31.4-18.5 31.5-64.1 0-82.6z\"><\/path><\/svg>\t\t\t<\/span>\n\t\t\t\t\t\t\t\t\t<span class=\"elementor-button-text\">Obtenga un presupuesto ahora<\/span>\n\t\t\t\t\t<\/span>\n\t\t\t\t\t<\/a>\n\t\t\t\t<\/div>\n\t\t\t\t\t\t\t\t<\/div>\n\t\t\t\t<\/div>\n\t\t\t\t<\/div>\n\t\t<div class=\"elementor-element elementor-element-7055b8e e-con-full e-flex e-con e-parent\" data-id=\"7055b8e\" data-element_type=\"container\" data-e-type=\"container\">\n\t\t\t\t<div class=\"elementor-element elementor-element-7ade758 elementor-widget elementor-widget-video\" data-id=\"7ade758\" data-element_type=\"widget\" data-e-type=\"widget\" data-settings=\"{&quot;youtube_url&quot;:&quot;https:\\\/\\\/youtu.be\\\/sCP_yQaoXyk&quot;,&quot;autoplay&quot;:&quot;yes&quot;,&quot;mute&quot;:&quot;yes&quot;,&quot;loop&quot;:&quot;yes&quot;,&quot;yt_privacy&quot;:&quot;yes&quot;,&quot;video_type&quot;:&quot;youtube&quot;}\" data-widget_type=\"video.default\">\n\t\t\t\t<div class=\"elementor-widget-container\">\n\t\t\t\t\t\t\t<div class=\"elementor-wrapper elementor-open-inline\">\n\t\t\t<div class=\"elementor-video\"><\/div>\t\t<\/div>\n\t\t\t\t\t\t<\/div>\n\t\t\t\t<\/div>\n\t\t\t\t<\/div>\n\t\t\t\t<\/div>\n\t\t\t\t<\/div>\n\t\t\t\t\t<\/div>\n\t\t\t\t<\/div>\n\t\t<div class=\"elementor-element elementor-element-3706439 elementor-hidden-desktop e-flex e-con-boxed e-con e-parent\" data-id=\"3706439\" data-element_type=\"container\" data-e-type=\"container\">\n\t\t\t\t\t<div class=\"e-con-inner\">\n\t\t\t\t<div class=\"elementor-element elementor-element-5085cda elementor-widget elementor-widget-video\" data-id=\"5085cda\" data-element_type=\"widget\" data-e-type=\"widget\" data-settings=\"{&quot;youtube_url&quot;:&quot;https:\\\/\\\/youtu.be\\\/sCP_yQaoXyk&quot;,&quot;autoplay&quot;:&quot;yes&quot;,&quot;play_on_mobile&quot;:&quot;yes&quot;,&quot;mute&quot;:&quot;yes&quot;,&quot;video_type&quot;:&quot;youtube&quot;,&quot;controls&quot;:&quot;yes&quot;}\" data-widget_type=\"video.default\">\n\t\t\t\t<div class=\"elementor-widget-container\">\n\t\t\t\t\t\t\t<div class=\"elementor-wrapper elementor-open-inline\">\n\t\t\t<div class=\"elementor-video\"><\/div>\t\t<\/div>\n\t\t\t\t\t\t<\/div>\n\t\t\t\t<\/div>\n\t\t\t\t\t<\/div>\n\t\t\t\t<\/div>\n\t\t\t\t<\/div>","protected":false},"excerpt":{"rendered":"<p>Takeaway Conveyor Whether your product is coffee, frozen raspberries, or fruits, you want to make it at the highest possible quality and with packaging that sets you apart from the competition. Our machines are able to transport a large variety of products. Select and explore our solutions for your product. The\u00a0Take away conveyor\u00a0is built from [&hellip;]<\/p>\n","protected":false},"author":1,"featured_media":5924,"parent":0,"menu_order":0,"comment_status":"closed","ping_status":"closed","template":"","meta":{"two_page_speed":[],"footnotes":""},"class_list":["post-140","page","type-page","status-publish","has-post-thumbnail","hentry"],"_links":{"self":[{"href":"https:\/\/sepmachinery.com\/es\/wp-json\/wp\/v2\/pages\/140","targetHints":{"allow":["GET"]}}],"collection":[{"href":"https:\/\/sepmachinery.com\/es\/wp-json\/wp\/v2\/pages"}],"about":[{"href":"https:\/\/sepmachinery.com\/es\/wp-json\/wp\/v2\/types\/page"}],"author":[{"embeddable":true,"href":"https:\/\/sepmachinery.com\/es\/wp-json\/wp\/v2\/users\/1"}],"replies":[{"embeddable":true,"href":"https:\/\/sepmachinery.com\/es\/wp-json\/wp\/v2\/comments?post=140"}],"version-history":[{"count":184,"href":"https:\/\/sepmachinery.com\/es\/wp-json\/wp\/v2\/pages\/140\/revisions"}],"predecessor-version":[{"id":7431,"href":"https:\/\/sepmachinery.com\/es\/wp-json\/wp\/v2\/pages\/140\/revisions\/7431"}],"wp:featuredmedia":[{"embeddable":true,"href":"https:\/\/sepmachinery.com\/es\/wp-json\/wp\/v2\/media\/5924"}],"wp:attachment":[{"href":"https:\/\/sepmachinery.com\/es\/wp-json\/wp\/v2\/media?parent=140"}],"curies":[{"name":"wp","href":"https:\/\/api.w.org\/{rel}","templated":true}]}}