{"id":1745,"date":"2018-07-29T09:13:51","date_gmt":"2018-07-29T09:13:51","guid":{"rendered":"https:\/\/sepmachinery.com\/?page_id=1745"},"modified":"2024-07-05T07:38:22","modified_gmt":"2024-07-05T07:38:22","slug":"material-handling-equipment-3","status":"publish","type":"page","link":"https:\/\/sepmachinery.com\/es\/material-handling-equipment-3\/","title":{"rendered":"EQUIPOS DE MANIPULACI\u00d3N DE MATERIALES"},"content":{"rendered":"<div data-elementor-type=\"wp-page\" data-elementor-id=\"1745\" class=\"elementor elementor-1745\" data-elementor-post-type=\"page\">\n\t\t\t\t\t\t<section class=\"elementor-section elementor-top-section elementor-element elementor-element-533df9f2 elementor-section-boxed elementor-section-height-default elementor-section-height-default\" data-id=\"533df9f2\" data-element_type=\"section\" data-e-type=\"section\">\n\t\t\t\t\t\t<div class=\"elementor-container elementor-column-gap-default\">\n\t\t\t\t\t<div class=\"elementor-column elementor-col-100 elementor-top-column elementor-element elementor-element-ba61e1a\" data-id=\"ba61e1a\" data-element_type=\"column\" data-e-type=\"column\">\n\t\t\t<div class=\"elementor-widget-wrap elementor-element-populated\">\n\t\t\t\t\t\t<div class=\"elementor-element elementor-element-18b40ddc elementor-widget elementor-widget-text-editor\" data-id=\"18b40ddc\" data-element_type=\"widget\" data-e-type=\"widget\" data-widget_type=\"text-editor.default\">\n\t\t\t\t<div class=\"elementor-widget-container\">\n\t\t\t\t\t\t\t\t\t<p><img fetchpriority=\"high\" decoding=\"async\" class=\"wp-image-1755 size-full\" src=\"https:\/\/sepmachinery.com\/wp-content\/uploads\/2018\/07\/belt-conveyor-system.jpg\" alt=\"sistema transportador de cinta\" width=\"1130\" height=\"350\" style=\"font-size: 1rem;\" srcset=\"https:\/\/sepmachinery.com\/wp-content\/uploads\/2018\/07\/belt-conveyor-system.jpg 1130w, https:\/\/sepmachinery.com\/wp-content\/uploads\/2018\/07\/belt-conveyor-system-300x93.jpg 300w, https:\/\/sepmachinery.com\/wp-content\/uploads\/2018\/07\/belt-conveyor-system-1030x319.jpg 1030w, https:\/\/sepmachinery.com\/wp-content\/uploads\/2018\/07\/belt-conveyor-system-768x238.jpg 768w, https:\/\/sepmachinery.com\/wp-content\/uploads\/2018\/07\/belt-conveyor-system-18x6.jpg 18w\" sizes=\"(max-width: 1130px) 100vw, 1130px\" \/><span style=\"font-size: 1rem;\">&nbsp;<\/span><br><\/p>\n<p><span style=\"color: inherit; font-family: inherit; font-size: 2.5rem;\">Equipos de manipulaci\u00f3n de materiales para la cadena alimentaria<\/span><br><\/p>\n<h2>La variedad de las caracter\u00edsticas de los equipos de manipulaci\u00f3n de materiales:<\/h2>\n<p>Los materiales de la cinta son polipropileno, cinta de malla de acero inoxidable, cinta de poliuretano; los estilos de la cinta son cinta modular, cinta plana, cinta ondulada, etc.; los bastidores son inclinados, horizontales y giratorios, etc.; los tama\u00f1os se pueden fabricar seg\u00fan las caracter\u00edsticas de los productos y el entorno real del taller.<\/p>\n<p>El sistema de manipulaci\u00f3n de materiales es muy flexible e integra alimentadores y otros equipos de procesamiento de alimentos.<\/p>\n<p>Las razones anteriores hacen que los equipos de manipulaci\u00f3n de materiales sean muy populares en la industria alimentaria y en otras aplicaciones e industrias.<\/p>\n<p>Contacte con <a href=\"https:\/\/sepmachinery.com\/es\/contact-us\/\" target=\"_blank\" rel=\"noopener\">September<\/a> ahora<br><\/p>\n<h2 style=\"text-align: center;\"><span style=\"color: #89b929;\">Cinta transportadora inclinada<\/span><\/h2>\n<p><br><\/p>\n<h2 style=\"text-align: center;\"><span style=\"color: #89b929;\">Cinta transportadora horizontal<\/span><\/h2>\n<p><br><\/p>\n<h2 style=\"text-align: center;\"><span style=\"color: #89b929;\">Cinta transportadora giratoria<\/span><\/h2>\n<p><br><\/p>\n<h2 style=\"text-align: center;\"><span style=\"color: #89b929;\">Sistemas integrados<\/span><\/h2>\n<p><br><\/p>\n<ul>\n<li>Caracter\u00edsticas del dise\u00f1o sanitario<\/li>\n<li>Construcci\u00f3n resistente<\/li>\n<li>Velocidad ajustable<\/li>\n<li>Piezas de repuesto de marcas conocidas<\/li>\n<li>Bastidor de acero dulce o acero inoxidable<\/li>\n<li>Amplia gama de aplicaciones<\/li>\n<li>F\u00e1cil limpieza e instalaci\u00f3n<\/li>\n<li>Coopera bien con otros equipos<\/li>\n<li>equipado con ruedas que se mueven f\u00e1cilmente<\/li>\n<li><br><\/li><\/ul>\t\t\t\t\t\t\t\t<\/div>\n\t\t\t\t<\/div>\n\t\t\t\t\t<\/div>\n\t\t<\/div>\n\t\t\t\t\t<\/div>\n\t\t<\/section>\n\t\t\t\t<\/div>","protected":false},"excerpt":{"rendered":"<p>Material handling equipment for the food\u00a0processing line The variety of the material handling equipment features: Such as belt materials have the polypropylene, stainless steel mesh belt,\u00a0polyurethane belt; the belt styles have the modular\u00a0belt, flat belt, corrugated belt etc; the frames have the inclined, horizontal and turning etc; sizes can be manufactured as per the products [&hellip;]<\/p>\n","protected":false},"author":1,"featured_media":1923,"parent":0,"menu_order":0,"comment_status":"closed","ping_status":"closed","template":"","meta":{"two_page_speed":[],"footnotes":""},"class_list":["post-1745","page","type-page","status-publish","has-post-thumbnail","hentry"],"_links":{"self":[{"href":"https:\/\/sepmachinery.com\/es\/wp-json\/wp\/v2\/pages\/1745","targetHints":{"allow":["GET"]}}],"collection":[{"href":"https:\/\/sepmachinery.com\/es\/wp-json\/wp\/v2\/pages"}],"about":[{"href":"https:\/\/sepmachinery.com\/es\/wp-json\/wp\/v2\/types\/page"}],"author":[{"embeddable":true,"href":"https:\/\/sepmachinery.com\/es\/wp-json\/wp\/v2\/users\/1"}],"replies":[{"embeddable":true,"href":"https:\/\/sepmachinery.com\/es\/wp-json\/wp\/v2\/comments?post=1745"}],"version-history":[{"count":35,"href":"https:\/\/sepmachinery.com\/es\/wp-json\/wp\/v2\/pages\/1745\/revisions"}],"predecessor-version":[{"id":7888,"href":"https:\/\/sepmachinery.com\/es\/wp-json\/wp\/v2\/pages\/1745\/revisions\/7888"}],"wp:featuredmedia":[{"embeddable":true,"href":"https:\/\/sepmachinery.com\/es\/wp-json\/wp\/v2\/media\/1923"}],"wp:attachment":[{"href":"https:\/\/sepmachinery.com\/es\/wp-json\/wp\/v2\/media?parent=1745"}],"curies":[{"name":"wp","href":"https:\/\/api.w.org\/{rel}","templated":true}]}}