{"id":603,"date":"2017-11-03T02:45:16","date_gmt":"2017-11-03T02:45:16","guid":{"rendered":"https:\/\/sepmachinery.com\/?page_id=603"},"modified":"2023-06-28T09:49:45","modified_gmt":"2023-06-28T09:49:45","slug":"food-conveyors","status":"publish","type":"page","link":"https:\/\/sepmachinery.com\/es\/food-conveyors\/","title":{"rendered":"BROCHURE"},"content":{"rendered":"<div data-elementor-type=\"wp-page\" data-elementor-id=\"603\" class=\"elementor elementor-603\" data-elementor-post-type=\"page\">\n\t\t\t\t<div class=\"elementor-element elementor-element-1791713 e-flex e-con-boxed e-con e-parent\" data-id=\"1791713\" data-element_type=\"container\" data-e-type=\"container\">\n\t\t\t\t\t<div class=\"e-con-inner\">\n\t\t<div class=\"elementor-element elementor-element-2c8b314 e-con-full e-flex e-con e-child\" data-id=\"2c8b314\" data-element_type=\"container\" data-e-type=\"container\">\n\t\t\t\t<div class=\"elementor-element elementor-element-27b3487 elementor-widget elementor-widget-image\" data-id=\"27b3487\" data-element_type=\"widget\" data-e-type=\"widget\" data-widget_type=\"image.default\">\n\t\t\t\t<div class=\"elementor-widget-container\">\n\t\t\t\t\t\t\t\t\t\t\t\t\t\t\t\t<a href=\"https:\/\/sepmachinery.com\/wp-content\/uploads\/2023\/06\/food-conveyors-catalog-September-Machinery.pdf\">\n\t\t\t\t\t\t\t<img fetchpriority=\"high\" decoding=\"async\" width=\"618\" height=\"868\" src=\"https:\/\/sepmachinery.com\/wp-content\/uploads\/2017\/11\/cover.png\" class=\"attachment-large size-large wp-image-921\" alt=\"portada\" srcset=\"https:\/\/sepmachinery.com\/wp-content\/uploads\/2017\/11\/cover.png 618w, https:\/\/sepmachinery.com\/wp-content\/uploads\/2017\/11\/cover-214x300.png 214w, https:\/\/sepmachinery.com\/wp-content\/uploads\/2017\/11\/cover-502x705.png 502w, https:\/\/sepmachinery.com\/wp-content\/uploads\/2017\/11\/cover-450x632.png 450w\" sizes=\"(max-width: 618px) 100vw, 618px\" \/>\t\t\t\t\t\t\t\t<\/a>\n\t\t\t\t\t\t\t\t\t\t\t\t\t\t\t<\/div>\n\t\t\t\t<\/div>\n\t\t\t\t<div class=\"elementor-element elementor-element-fc2d74c elementor-widget elementor-widget-heading\" data-id=\"fc2d74c\" data-element_type=\"widget\" data-e-type=\"widget\" data-widget_type=\"heading.default\">\n\t\t\t\t<div class=\"elementor-widget-container\">\n\t\t\t\t\t<h2 class=\"elementor-heading-title elementor-size-default\"><a href=\"https:\/\/sepmachinery.com\/wp-content\/uploads\/2023\/06\/food-conveyors-catalog-September-Machinery.pdf\">Cat\u00e1logo de transportadores de alimentos<\/a><\/h2>\t\t\t\t<\/div>\n\t\t\t\t<\/div>\n\t\t\t\t<div class=\"elementor-element elementor-element-1cfc092 elementor-widget elementor-widget-text-editor\" data-id=\"1cfc092\" data-element_type=\"widget\" data-e-type=\"widget\" data-widget_type=\"text-editor.default\">\n\t\t\t\t<div class=\"elementor-widget-container\">\n\t\t\t\t\t\t\t\t\t<p>Descubra nuestra amplia gama de elevadores de cangilones, transportadores de cinta, plataformas giratorias y transportadores de tornillo de primera categor\u00eda. Navegue por nuestra <span style=\"color: #99cc00;\"><a style=\"color: #99cc00;\" href=\"https:\/\/sepmachinery.com\/wp-content\/uploads\/2023\/06\/food-conveyors-catalog-September-Machinery.pdf\">Cat\u00e1logo electr\u00f3nico<\/a><\/span> para obtener soluciones fiables y eficientes que agilicen sus procesos industriales. P\u00f3ngase en contacto con nosotros hoy mismo para recibir asesoramiento experto<\/p>\t\t\t\t\t\t\t\t<\/div>\n\t\t\t\t<\/div>\n\t\t\t\t<\/div>\n\t\t<div class=\"elementor-element elementor-element-62ca0e9 e-con-full e-flex e-con e-child\" data-id=\"62ca0e9\" data-element_type=\"container\" data-e-type=\"container\">\n\t\t\t\t<\/div>\n\t\t<div class=\"elementor-element elementor-element-669d4ab e-con-full e-flex e-con e-child\" data-id=\"669d4ab\" data-element_type=\"container\" data-e-type=\"container\">\n\t\t\t\t<\/div>\n\t\t\t\t\t<\/div>\n\t\t\t\t<\/div>\n\t\t\t\t<\/div>","protected":false},"excerpt":{"rendered":"<p>Cat\u00e1logo de transportadores de alimentos Descubra nuestra amplia gama de elevadores de cangilones, transportadores de banda, plataformas giratorias y transportadores de tornillo de primera categor\u00eda. Busque en nuestro cat\u00e1logo electr\u00f3nico soluciones fiables y eficientes para agilizar sus procesos industriales. P\u00f3ngase en contacto con nosotros hoy mismo para recibir asesoramiento experto<\/p>","protected":false},"author":1,"featured_media":4578,"parent":0,"menu_order":0,"comment_status":"closed","ping_status":"closed","template":"","meta":{"two_page_speed":[],"footnotes":""},"class_list":["post-603","page","type-page","status-publish","has-post-thumbnail","hentry"],"_links":{"self":[{"href":"https:\/\/sepmachinery.com\/es\/wp-json\/wp\/v2\/pages\/603","targetHints":{"allow":["GET"]}}],"collection":[{"href":"https:\/\/sepmachinery.com\/es\/wp-json\/wp\/v2\/pages"}],"about":[{"href":"https:\/\/sepmachinery.com\/es\/wp-json\/wp\/v2\/types\/page"}],"author":[{"embeddable":true,"href":"https:\/\/sepmachinery.com\/es\/wp-json\/wp\/v2\/users\/1"}],"replies":[{"embeddable":true,"href":"https:\/\/sepmachinery.com\/es\/wp-json\/wp\/v2\/comments?post=603"}],"version-history":[{"count":34,"href":"https:\/\/sepmachinery.com\/es\/wp-json\/wp\/v2\/pages\/603\/revisions"}],"predecessor-version":[{"id":7118,"href":"https:\/\/sepmachinery.com\/es\/wp-json\/wp\/v2\/pages\/603\/revisions\/7118"}],"wp:featuredmedia":[{"embeddable":true,"href":"https:\/\/sepmachinery.com\/es\/wp-json\/wp\/v2\/media\/4578"}],"wp:attachment":[{"href":"https:\/\/sepmachinery.com\/es\/wp-json\/wp\/v2\/media?parent=603"}],"curies":[{"name":"wp","href":"https:\/\/api.w.org\/{rel}","templated":true}]}}