{"id":7169,"date":"2023-06-29T08:23:33","date_gmt":"2023-06-29T08:23:33","guid":{"rendered":"https:\/\/sepmachinery.com\/?page_id=7169"},"modified":"2024-07-05T07:51:07","modified_gmt":"2024-07-05T07:51:07","slug":"september-machinery-latest-blog-and-news","status":"publish","type":"page","link":"https:\/\/sepmachinery.com\/es\/september-machinery-latest-blog-and-news\/","title":{"rendered":"Blog"},"content":{"rendered":"<div data-elementor-type=\"wp-page\" data-elementor-id=\"7169\" class=\"elementor elementor-7169\" data-elementor-post-type=\"page\">\n\t\t\t\t<div class=\"elementor-element elementor-element-ae13bbe e-flex e-con-boxed e-con e-parent\" data-id=\"ae13bbe\" data-element_type=\"container\" data-e-type=\"container\">\n\t\t\t\t\t<div class=\"e-con-inner\">\n\t\t\t\t\t<\/div>\n\t\t\t\t<\/div>\n\t\t<div class=\"elementor-element elementor-element-b65504d e-flex e-con-boxed e-con e-parent\" data-id=\"b65504d\" data-element_type=\"container\" data-e-type=\"container\">\n\t\t\t\t\t<div class=\"e-con-inner\">\n\t\t\t\t<div class=\"elementor-element elementor-element-d7b4d68 elementor-widget elementor-widget-heading\" data-id=\"d7b4d68\" data-element_type=\"widget\" data-e-type=\"widget\" data-widget_type=\"heading.default\">\n\t\t\t\t<div class=\"elementor-widget-container\">\n\t\t\t\t\t<h1 class=\"elementor-heading-title elementor-size-default\">\u00daltimas noticias y publicaciones sobre Transportadores de alimentos<\/h1>\t\t\t\t<\/div>\n\t\t\t\t<\/div>\n\t\t\t\t<div class=\"elementor-element elementor-element-bb1da0e elementor-widget-divider--view-line elementor-widget elementor-widget-divider\" data-id=\"bb1da0e\" data-element_type=\"widget\" data-e-type=\"widget\" data-widget_type=\"divider.default\">\n\t\t\t\t<div class=\"elementor-widget-container\">\n\t\t\t\t\t\t\t<div class=\"elementor-divider\">\n\t\t\t<span class=\"elementor-divider-separator\">\n\t\t\t\t\t\t<\/span>\n\t\t<\/div>\n\t\t\t\t\t\t<\/div>\n\t\t\t\t<\/div>\n\t\t\t\t<div class=\"elementor-element elementor-element-be13b52 elementor-widget elementor-widget-text-editor\" data-id=\"be13b52\" data-element_type=\"widget\" data-e-type=\"widget\" data-widget_type=\"text-editor.default\">\n\t\t\t\t<div class=\"elementor-widget-container\">\n\t\t\t\t\t\t\t\t\t<p>Mant\u00e9ngase informado y al d\u00eda de las \u00faltimas novedades y desarrollos de transportadores alimentarios con September Machinery. Descubra c\u00f3mo nuestras eficientes soluciones de transporte para la industria alimentaria.<\/p>\n<p>Desde cintas transportadoras hasta elevadores de cangilones, plataformas giratorias y plataformas de trabajo, explore nuestra completa gama de sistemas de transporte dise\u00f1ados espec\u00edficamente para la industria alimentaria. Nuestras soluciones optimizan la productividad, agilizan las operaciones y garantizan el cumplimiento de las normas de seguridad e higiene alimentaria.<\/p>\n<p><span style=\"color: #99cc00;\"><a style=\"color: #99cc00;\" href=\"https:\/\/sepmachinery.com\/es\/contact-us\/\">Contactar con September Machinery<\/a><\/span>&nbsp;hoy mismo para hablar de sus requisitos espec\u00edficos en materia de transportadores y beneficiarse de nuestra experiencia en soluciones de procesamiento de alimentos. Mant\u00e9ngase en contacto con nosotros para estar a la vanguardia de los transportadores de alimentos.<\/p>\t\t\t\t\t\t\t\t<\/div>\n\t\t\t\t<\/div>\n\t\t\t\t<div class=\"elementor-element elementor-element-a407b9c elementor-grid-tablet-3 elementor-posts--align-left elementor-grid-3 elementor-grid-mobile-1 elementor-posts--thumbnail-top elementor-widget elementor-widget-posts\" data-id=\"a407b9c\" data-element_type=\"widget\" data-e-type=\"widget\" data-settings=\"{&quot;classic_columns_tablet&quot;:&quot;3&quot;,&quot;pagination_type&quot;:&quot;numbers_and_prev_next&quot;,&quot;classic_columns&quot;:&quot;3&quot;,&quot;classic_columns_mobile&quot;:&quot;1&quot;,&quot;classic_row_gap&quot;:{&quot;unit&quot;:&quot;px&quot;,&quot;size&quot;:35,&quot;sizes&quot;:[]},&quot;classic_row_gap_tablet&quot;:{&quot;unit&quot;:&quot;px&quot;,&quot;size&quot;:&quot;&quot;,&quot;sizes&quot;:[]},&quot;classic_row_gap_mobile&quot;:{&quot;unit&quot;:&quot;px&quot;,&quot;size&quot;:&quot;&quot;,&quot;sizes&quot;:[]}}\" data-widget_type=\"posts.classic\">\n\t\t\t\t<div class=\"elementor-widget-container\">\n\t\t\t\t\t\t\t<div class=\"elementor-posts-container elementor-posts elementor-posts--skin-classic elementor-grid\" role=\"list\">\n\t\t\t\t<article class=\"elementor-post elementor-grid-item post-7613 post type-post status-publish format-standard has-post-thumbnail hentry category-blog\" role=\"listitem\">\n\t\t\t\t<a class=\"elementor-post__thumbnail__link\" href=\"https:\/\/sepmachinery.com\/es\/roller-conveyor\/\" tabindex=\"-1\">\n\t\t\t<div class=\"elementor-post__thumbnail\"><img fetchpriority=\"high\" decoding=\"async\" width=\"768\" height=\"576\" src=\"https:\/\/sepmachinery.com\/wp-content\/uploads\/2023\/07\/roller-conveyor-768x576.jpg\" class=\"attachment-medium_large size-medium_large wp-image-7629\" alt=\"transportador de rodillos\" srcset=\"https:\/\/sepmachinery.com\/wp-content\/uploads\/2023\/07\/roller-conveyor-768x576.jpg 768w, https:\/\/sepmachinery.com\/wp-content\/uploads\/2023\/07\/roller-conveyor-300x225.jpg 300w, https:\/\/sepmachinery.com\/wp-content\/uploads\/2023\/07\/roller-conveyor-600x450.jpg 600w, https:\/\/sepmachinery.com\/wp-content\/uploads\/2023\/07\/roller-conveyor.jpg 1024w\" sizes=\"(max-width: 768px) 100vw, 768px\" \/><\/div>\n\t\t<\/a>\n\t\t\t\t<div class=\"elementor-post__text\">\n\t\t\t\t<h3 class=\"elementor-post__title\">\n\t\t\t<a href=\"https:\/\/sepmachinery.com\/es\/roller-conveyor\/\">\n\t\t\t\tTransportador de rodillos\t\t\t<\/a>\n\t\t<\/h3>\n\t\t\t\t<div class=\"elementor-post__meta-data\">\n\t\t\t\t\t<span class=\"elementor-post-date\">\n\t\t\t7 de julio de 2023\t\t<\/span>\n\t\t\t\t<span class=\"elementor-post-avatar\">\n\t\t\tNo hay comentarios\t\t<\/span>\n\t\t\t\t<\/div>\n\t\t\t\t<div class=\"elementor-post__excerpt\">\n\t\t\t<p>Un transportador de rodillos flexible es un tipo de sistema transportador que utiliza una serie de rodillos para transportar mercanc\u00edas o materiales de un punto a otro.<\/p>\n\t\t<\/div>\n\t\t\n\t\t<a class=\"elementor-post__read-more\" href=\"https:\/\/sepmachinery.com\/es\/roller-conveyor\/\" aria-label=\"M\u00e1s informaci\u00f3n sobre Roller Conveyor\" tabindex=\"-1\">\n\t\t\tLeer M\u00e1s \"\t\t<\/a>\n\n\t\t\t\t<\/div>\n\t\t\t\t<\/article>\n\t\t\t\t<article class=\"elementor-post elementor-grid-item post-7511 post type-post status-publish format-standard has-post-thumbnail hentry category-blog\" role=\"listitem\">\n\t\t\t\t<a class=\"elementor-post__thumbnail__link\" href=\"https:\/\/sepmachinery.com\/es\/inclined-belt-conveyor\/\" tabindex=\"-1\">\n\t\t\t<div class=\"elementor-post__thumbnail\"><img decoding=\"async\" width=\"768\" height=\"432\" src=\"https:\/\/sepmachinery.com\/wp-content\/uploads\/2023\/07\/Inclined-Belt-Conveyor-1-768x432.jpg\" class=\"attachment-medium_large size-medium_large wp-image-7581\" alt=\"Cinta transportadora inclinada\" srcset=\"https:\/\/sepmachinery.com\/wp-content\/uploads\/2023\/07\/Inclined-Belt-Conveyor-1-768x432.jpg 768w, https:\/\/sepmachinery.com\/wp-content\/uploads\/2023\/07\/Inclined-Belt-Conveyor-1-300x169.jpg 300w, https:\/\/sepmachinery.com\/wp-content\/uploads\/2023\/07\/Inclined-Belt-Conveyor-1-1030x579.jpg 1030w, https:\/\/sepmachinery.com\/wp-content\/uploads\/2023\/07\/Inclined-Belt-Conveyor-1-1536x864.jpg 1536w, https:\/\/sepmachinery.com\/wp-content\/uploads\/2023\/07\/Inclined-Belt-Conveyor-1-2048x1152.jpg 2048w, https:\/\/sepmachinery.com\/wp-content\/uploads\/2023\/07\/Inclined-Belt-Conveyor-1-600x338.jpg 600w\" sizes=\"(max-width: 768px) 100vw, 768px\" \/><\/div>\n\t\t<\/a>\n\t\t\t\t<div class=\"elementor-post__text\">\n\t\t\t\t<h3 class=\"elementor-post__title\">\n\t\t\t<a href=\"https:\/\/sepmachinery.com\/es\/inclined-belt-conveyor\/\">\n\t\t\t\tCinta transportadora inclinada\t\t\t<\/a>\n\t\t<\/h3>\n\t\t\t\t<div class=\"elementor-post__meta-data\">\n\t\t\t\t\t<span class=\"elementor-post-date\">\n\t\t\t4 de julio de 2023\t\t<\/span>\n\t\t\t\t<span class=\"elementor-post-avatar\">\n\t\t\tNo hay comentarios\t\t<\/span>\n\t\t\t\t<\/div>\n\t\t\t\t<div class=\"elementor-post__excerpt\">\n\t\t\t<p>Presentamos nuestra cinta transportadora inclinada lavable personalizable Nuestra cinta transportadora inclinada lavable est\u00e1 dise\u00f1ada espec\u00edficamente para la industria alimentaria, garantizando una limpieza e higiene \u00f3ptimas. Con<\/p>\n\t\t<\/div>\n\t\t\n\t\t<a class=\"elementor-post__read-more\" href=\"https:\/\/sepmachinery.com\/es\/inclined-belt-conveyor\/\" aria-label=\"M\u00e1s informaci\u00f3n sobre Inclined belt conveyor\" tabindex=\"-1\">\n\t\t\tLeer M\u00e1s \"\t\t<\/a>\n\n\t\t\t\t<\/div>\n\t\t\t\t<\/article>\n\t\t\t\t<article class=\"elementor-post elementor-grid-item post-7041 post type-post status-publish format-standard has-post-thumbnail hentry category-blog\" role=\"listitem\">\n\t\t\t\t<a class=\"elementor-post__thumbnail__link\" href=\"https:\/\/sepmachinery.com\/es\/s-shaped-belt-conveyor\/\" tabindex=\"-1\">\n\t\t\t<div class=\"elementor-post__thumbnail\"><img decoding=\"async\" width=\"768\" height=\"433\" src=\"https:\/\/sepmachinery.com\/wp-content\/uploads\/2023\/06\/S-shape-belt-conveyor-2-2-768x433.jpg\" class=\"attachment-medium_large size-medium_large wp-image-7197\" alt=\"Cinta transportadora en forma de S\" srcset=\"https:\/\/sepmachinery.com\/wp-content\/uploads\/2023\/06\/S-shape-belt-conveyor-2-2-768x433.jpg 768w, https:\/\/sepmachinery.com\/wp-content\/uploads\/2023\/06\/S-shape-belt-conveyor-2-2-300x169.jpg 300w, https:\/\/sepmachinery.com\/wp-content\/uploads\/2023\/06\/S-shape-belt-conveyor-2-2-1030x581.jpg 1030w, https:\/\/sepmachinery.com\/wp-content\/uploads\/2023\/06\/S-shape-belt-conveyor-2-2-1536x866.jpg 1536w, https:\/\/sepmachinery.com\/wp-content\/uploads\/2023\/06\/S-shape-belt-conveyor-2-2-600x338.jpg 600w, https:\/\/sepmachinery.com\/wp-content\/uploads\/2023\/06\/S-shape-belt-conveyor-2-2.jpg 1908w\" sizes=\"(max-width: 768px) 100vw, 768px\" \/><\/div>\n\t\t<\/a>\n\t\t\t\t<div class=\"elementor-post__text\">\n\t\t\t\t<h3 class=\"elementor-post__title\">\n\t\t\t<a href=\"https:\/\/sepmachinery.com\/es\/s-shaped-belt-conveyor\/\">\n\t\t\t\tCinta transportadora en forma de S\t\t\t<\/a>\n\t\t<\/h3>\n\t\t\t\t<div class=\"elementor-post__meta-data\">\n\t\t\t\t\t<span class=\"elementor-post-date\">\n\t\t\t24 de junio de 2023\t\t<\/span>\n\t\t\t\t<span class=\"elementor-post-avatar\">\n\t\t\tNo hay comentarios\t\t<\/span>\n\t\t\t\t<\/div>\n\t\t\t\t<div class=\"elementor-post__excerpt\">\n\t\t\t<p>Transportador de banda en forma de S Transportador de banda en forma de S V\u00eddeo Un transportador de banda modular en forma de S es un tipo de sistema transportador que utiliza una serie<\/p>\n\t\t<\/div>\n\t\t\n\t\t<a class=\"elementor-post__read-more\" href=\"https:\/\/sepmachinery.com\/es\/s-shaped-belt-conveyor\/\" aria-label=\"M\u00e1s informaci\u00f3n sobre S shaped belt conveyor\" tabindex=\"-1\">\n\t\t\tLeer M\u00e1s \"\t\t<\/a>\n\n\t\t\t\t<\/div>\n\t\t\t\t<\/article>\n\t\t\t\t<article class=\"elementor-post elementor-grid-item post-2702 post type-post status-publish format-standard has-post-thumbnail hentry category-blog\" role=\"listitem\">\n\t\t\t\t<a class=\"elementor-post__thumbnail__link\" href=\"https:\/\/sepmachinery.com\/es\/food-bucket-elevators\/\" tabindex=\"-1\">\n\t\t\t<div class=\"elementor-post__thumbnail\"><img loading=\"lazy\" decoding=\"async\" width=\"768\" height=\"548\" src=\"https:\/\/sepmachinery.com\/wp-content\/uploads\/2019\/09\/food-bucket-conveyors-768x548.jpg\" class=\"attachment-medium_large size-medium_large wp-image-2779\" alt=\"Elevadores de cangilones transportadores de cangilones para alimentos\" srcset=\"https:\/\/sepmachinery.com\/wp-content\/uploads\/2019\/09\/food-bucket-conveyors-768x548.jpg 768w, https:\/\/sepmachinery.com\/wp-content\/uploads\/2019\/09\/food-bucket-conveyors-300x214.jpg 300w, https:\/\/sepmachinery.com\/wp-content\/uploads\/2019\/09\/food-bucket-conveyors-260x185.jpg 260w, https:\/\/sepmachinery.com\/wp-content\/uploads\/2019\/09\/food-bucket-conveyors-705x503.jpg 705w, https:\/\/sepmachinery.com\/wp-content\/uploads\/2019\/09\/food-bucket-conveyors-450x321.jpg 450w, https:\/\/sepmachinery.com\/wp-content\/uploads\/2019\/09\/food-bucket-conveyors.jpg 790w\" sizes=\"(max-width: 768px) 100vw, 768px\" \/><\/div>\n\t\t<\/a>\n\t\t\t\t<div class=\"elementor-post__text\">\n\t\t\t\t<h3 class=\"elementor-post__title\">\n\t\t\t<a href=\"https:\/\/sepmachinery.com\/es\/food-bucket-elevators\/\">\n\t\t\t\tElevadores de cangilones para alimentos\t\t\t<\/a>\n\t\t<\/h3>\n\t\t\t\t<div class=\"elementor-post__meta-data\">\n\t\t\t\t\t<span class=\"elementor-post-date\">\n\t\t\t7 de septiembre de 2019\t\t<\/span>\n\t\t\t\t<span class=\"elementor-post-avatar\">\n\t\t\tNo hay comentarios\t\t<\/span>\n\t\t\t\t<\/div>\n\t\t\t\t<div class=\"elementor-post__excerpt\">\n\t\t\t<p>Los elevadores de cangilones tienen partes verticales y horizontales para trasladar los materiales a granel, se utiliza ampliamente para muchos tipos de productos. Y puede tener <\/p>\n\t\t<\/div>\n\t\t\n\t\t<a class=\"elementor-post__read-more\" href=\"https:\/\/sepmachinery.com\/es\/food-bucket-elevators\/\" aria-label=\"M\u00e1s informaci\u00f3n sobre Food Bucket Elevators\" tabindex=\"-1\">\n\t\t\tLeer M\u00e1s \"\t\t<\/a>\n\n\t\t\t\t<\/div>\n\t\t\t\t<\/article>\n\t\t\t\t<article class=\"elementor-post elementor-grid-item post-1494 post type-post status-publish format-standard has-post-thumbnail hentry category-blog\" role=\"listitem\">\n\t\t\t\t<a class=\"elementor-post__thumbnail__link\" href=\"https:\/\/sepmachinery.com\/es\/indexing-conveyor\/\" tabindex=\"-1\">\n\t\t\t<div class=\"elementor-post__thumbnail\"><img loading=\"lazy\" decoding=\"async\" width=\"768\" height=\"641\" src=\"https:\/\/sepmachinery.com\/wp-content\/uploads\/2018\/07\/bowl-type-conveyor-food-768x641.jpg\" class=\"attachment-medium_large size-medium_large wp-image-1515\" alt=\"transportador de alimentos tipo bol\" srcset=\"https:\/\/sepmachinery.com\/wp-content\/uploads\/2018\/07\/bowl-type-conveyor-food-768x641.jpg 768w, https:\/\/sepmachinery.com\/wp-content\/uploads\/2018\/07\/bowl-type-conveyor-food-300x250.jpg 300w, https:\/\/sepmachinery.com\/wp-content\/uploads\/2018\/07\/bowl-type-conveyor-food-1030x859.jpg 1030w, https:\/\/sepmachinery.com\/wp-content\/uploads\/2018\/07\/bowl-type-conveyor-food-1500x1251.jpg 1500w, https:\/\/sepmachinery.com\/wp-content\/uploads\/2018\/07\/bowl-type-conveyor-food-705x588.jpg 705w, https:\/\/sepmachinery.com\/wp-content\/uploads\/2018\/07\/bowl-type-conveyor-food-450x375.jpg 450w, https:\/\/sepmachinery.com\/wp-content\/uploads\/2018\/07\/bowl-type-conveyor-food.jpg 1755w\" sizes=\"(max-width: 768px) 100vw, 768px\" \/><\/div>\n\t\t<\/a>\n\t\t\t\t<div class=\"elementor-post__text\">\n\t\t\t\t<h3 class=\"elementor-post__title\">\n\t\t\t<a href=\"https:\/\/sepmachinery.com\/es\/indexing-conveyor\/\">\n\t\t\t\tTransportador indexado\t\t\t<\/a>\n\t\t<\/h3>\n\t\t\t\t<div class=\"elementor-post__meta-data\">\n\t\t\t\t\t<span class=\"elementor-post-date\">\n\t\t\t5 de julio de 2018\t\t<\/span>\n\t\t\t\t<span class=\"elementor-post-avatar\">\n\t\t\tNo hay comentarios\t\t<\/span>\n\t\t\t\t<\/div>\n\t\t\t\t<div class=\"elementor-post__excerpt\">\n\t\t\t<p>El transportador indexado es una parte de la l\u00ednea de procesamiento de alimentos, el dise\u00f1o flexible y rentable lo hacen ampliamente utilizado en las industrias no alimentarias tambi\u00e9n. Indexaci\u00f3n tipo bol<\/p>\n\t\t<\/div>\n\t\t\n\t\t<a class=\"elementor-post__read-more\" href=\"https:\/\/sepmachinery.com\/es\/indexing-conveyor\/\" aria-label=\"M\u00e1s informaci\u00f3n sobre Indexing Conveyor\" tabindex=\"-1\">\n\t\t\tLeer M\u00e1s \"\t\t<\/a>\n\n\t\t\t\t<\/div>\n\t\t\t\t<\/article>\n\t\t\t\t<article class=\"elementor-post elementor-grid-item post-1422 post type-post status-publish format-standard has-post-thumbnail hentry category-blog\" role=\"listitem\">\n\t\t\t\t<a class=\"elementor-post__thumbnail__link\" href=\"https:\/\/sepmachinery.com\/es\/bucket-conveyor\/\" tabindex=\"-1\">\n\t\t\t<div class=\"elementor-post__thumbnail\"><img loading=\"lazy\" decoding=\"async\" width=\"768\" height=\"641\" src=\"https:\/\/sepmachinery.com\/wp-content\/uploads\/2018\/06\/3.8L-bucket-elevator-1-768x641.jpg\" class=\"attachment-medium_large size-medium_large wp-image-1454\" alt=\"Elevador de cangilones 3.8L para evitar derrames\" srcset=\"https:\/\/sepmachinery.com\/wp-content\/uploads\/2018\/06\/3.8L-bucket-elevator-1-768x641.jpg 768w, https:\/\/sepmachinery.com\/wp-content\/uploads\/2018\/06\/3.8L-bucket-elevator-1-300x250.jpg 300w, https:\/\/sepmachinery.com\/wp-content\/uploads\/2018\/06\/3.8L-bucket-elevator-1-1030x859.jpg 1030w, https:\/\/sepmachinery.com\/wp-content\/uploads\/2018\/06\/3.8L-bucket-elevator-1-1500x1251.jpg 1500w, https:\/\/sepmachinery.com\/wp-content\/uploads\/2018\/06\/3.8L-bucket-elevator-1-705x588.jpg 705w, https:\/\/sepmachinery.com\/wp-content\/uploads\/2018\/06\/3.8L-bucket-elevator-1-450x375.jpg 450w, https:\/\/sepmachinery.com\/wp-content\/uploads\/2018\/06\/3.8L-bucket-elevator-1.jpg 1755w\" sizes=\"(max-width: 768px) 100vw, 768px\" \/><\/div>\n\t\t<\/a>\n\t\t\t\t<div class=\"elementor-post__text\">\n\t\t\t\t<h3 class=\"elementor-post__title\">\n\t\t\t<a href=\"https:\/\/sepmachinery.com\/es\/bucket-conveyor\/\">\n\t\t\t\tDise\u00f1o del transportador de cangilones para evitar derrames\t\t\t<\/a>\n\t\t<\/h3>\n\t\t\t\t<div class=\"elementor-post__meta-data\">\n\t\t\t\t\t<span class=\"elementor-post-date\">\n\t\t\t9 de junio de 2018\t\t<\/span>\n\t\t\t\t<span class=\"elementor-post-avatar\">\n\t\t\tNo hay comentarios\t\t<\/span>\n\t\t\t\t<\/div>\n\t\t\t\t<div class=\"elementor-post__excerpt\">\n\t\t\t<p>El transportador de cangilones tiene varios tipos de cangilones, como 1L, 1,8L, 3,8L y 6,5L.<br \/>\nDurante los \u00faltimos meses, nuestro equipo se ha esforzado mucho en mejorar el antiguo tipo de transportador de cangilones de 3,8 L para convertirlo en un tipo de funcionamiento m\u00e1s fluido. <\/p>\n\t\t<\/div>\n\t\t\n\t\t<a class=\"elementor-post__read-more\" href=\"https:\/\/sepmachinery.com\/es\/bucket-conveyor\/\" aria-label=\"M\u00e1s informaci\u00f3n sobre Bucket Conveyor Prevent Spillage Design\" tabindex=\"-1\">\n\t\t\tLeer M\u00e1s \"\t\t<\/a>\n\n\t\t\t\t<\/div>\n\t\t\t\t<\/article>\n\t\t\t\t<\/div>\n\t\t\n\t\t\t\t<div class=\"e-load-more-anchor\" data-page=\"1\" data-max-page=\"2\" data-next-page=\"https:\/\/sepmachinery.com\/es\/wp-json\/wp\/v2\/pages\/7169\/page\/2\/\"><\/div>\n\t\t\t\t<nav class=\"elementor-pagination\" aria-label=\"Paginaci\u00f3n\">\n\t\t\t<span class=\"page-numbers prev\">\" Anterior<\/span>\n<span aria-current=\"page\" class=\"page-numbers current\"><span class=\"elementor-screen-only\">P\u00e1gina<\/span>1<\/span>\n<a class=\"page-numbers\" href=\"https:\/\/sepmachinery.com\/es\/wp-json\/wp\/v2\/pages\/7169\/page\/2\/\"><span class=\"elementor-screen-only\">P\u00e1gina<\/span>2<\/a>\n<a class=\"page-numbers next\" href=\"https:\/\/sepmachinery.com\/es\/wp-json\/wp\/v2\/pages\/7169\/page\/2\/\">Siguiente \"<\/a>\t\t<\/nav>\n\t\t\t\t\t\t<\/div>\n\t\t\t\t<\/div>\n\t\t\t\t\t<\/div>\n\t\t\t\t<\/div>\n\t\t\t\t<\/div>","protected":false},"excerpt":{"rendered":"<p>Latest News and Posts on Food Conveyors Stay informed and up to date with the latest news and developments of food conveyors with September Machinery. Discover how our efficient conveyor solutions for the food processing industry. From belt conveyors to bucket elevators, turntables, and working platforms, explore our comprehensive range of conveyor systems designed specifically [&hellip;]<\/p>\n","protected":false},"author":1,"featured_media":7009,"parent":0,"menu_order":0,"comment_status":"closed","ping_status":"closed","template":"","meta":{"two_page_speed":[],"footnotes":""},"class_list":["post-7169","page","type-page","status-publish","has-post-thumbnail","hentry"],"_links":{"self":[{"href":"https:\/\/sepmachinery.com\/es\/wp-json\/wp\/v2\/pages\/7169","targetHints":{"allow":["GET"]}}],"collection":[{"href":"https:\/\/sepmachinery.com\/es\/wp-json\/wp\/v2\/pages"}],"about":[{"href":"https:\/\/sepmachinery.com\/es\/wp-json\/wp\/v2\/types\/page"}],"author":[{"embeddable":true,"href":"https:\/\/sepmachinery.com\/es\/wp-json\/wp\/v2\/users\/1"}],"replies":[{"embeddable":true,"href":"https:\/\/sepmachinery.com\/es\/wp-json\/wp\/v2\/comments?post=7169"}],"version-history":[{"count":53,"href":"https:\/\/sepmachinery.com\/es\/wp-json\/wp\/v2\/pages\/7169\/revisions"}],"predecessor-version":[{"id":8175,"href":"https:\/\/sepmachinery.com\/es\/wp-json\/wp\/v2\/pages\/7169\/revisions\/8175"}],"wp:featuredmedia":[{"embeddable":true,"href":"https:\/\/sepmachinery.com\/es\/wp-json\/wp\/v2\/media\/7009"}],"wp:attachment":[{"href":"https:\/\/sepmachinery.com\/es\/wp-json\/wp\/v2\/media?parent=7169"}],"curies":[{"name":"wp","href":"https:\/\/api.w.org\/{rel}","templated":true}]}}