{"id":450,"date":"2017-07-24T14:23:47","date_gmt":"2017-07-24T14:23:47","guid":{"rendered":"https:\/\/www.sepmachinery.com\/?page_id=450"},"modified":"2023-07-24T08:38:15","modified_gmt":"2023-07-24T08:38:15","slug":"sitemap","status":"publish","type":"page","link":"https:\/\/sepmachinery.com\/fr\/sitemap\/","title":{"rendered":"Plan du site"},"content":{"rendered":"<div data-elementor-type=\"wp-page\" data-elementor-id=\"450\" class=\"elementor elementor-450\" data-elementor-post-type=\"page\">\n\t\t\t\t<div class=\"elementor-element elementor-element-1c10b7e e-flex e-con-boxed e-con e-parent\" data-id=\"1c10b7e\" data-element_type=\"container\" data-e-type=\"container\">\n\t\t\t\t\t<div class=\"e-con-inner\">\n\t\t\t\t<div class=\"elementor-element elementor-element-b3f5235 elementor-widget elementor-widget-heading\" data-id=\"b3f5235\" data-element_type=\"widget\" data-e-type=\"widget\" data-widget_type=\"heading.default\">\n\t\t\t\t<div class=\"elementor-widget-container\">\n\t\t\t\t\t<h1 class=\"elementor-heading-title elementor-size-default\">September Machinery SiteMap<\/h1>\t\t\t\t<\/div>\n\t\t\t\t<\/div>\n\t\t\t\t<div class=\"elementor-element elementor-element-2f6e0de elementor-widget elementor-widget-sitemap\" data-id=\"2f6e0de\" data-element_type=\"widget\" data-e-type=\"widget\" data-widget_type=\"sitemap.default\">\n\t\t\t\t<div class=\"elementor-widget-container\">\n\t\t\t\t\t<div class=\"elementor-sitemap-wrap\"><div class=\"elementor-sitemap-section\"><h2 class=\"elementor-sitemap-title elementor-sitemap-page-title\">Pages<\/h2><ul class=\"elementor-sitemap-list elementor-sitemap-page-list\"><li class=\"elementor-sitemap-item elementor-sitemap-item-page page_item page-item-9\"><a href=\"https:\/\/sepmachinery.com\/fr\/\">ACCUEIL<\/a><\/li><li class=\"elementor-sitemap-item elementor-sitemap-item-page page_item page-item-11\"><a href=\"https:\/\/sepmachinery.com\/fr\/about\/\">\u00c0 PROPOS<\/a><\/li><li class=\"elementor-sitemap-item elementor-sitemap-item-page page_item page-item-15\"><a href=\"https:\/\/sepmachinery.com\/fr\/contact-us\/\">NOUS CONTACTER<\/a><\/li><li class=\"elementor-sitemap-item elementor-sitemap-item-page page_item page-item-136\"><a href=\"https:\/\/sepmachinery.com\/fr\/incline-conveyor\/\">Convoyeur inclin\u00e9<\/a><\/li><li class=\"elementor-sitemap-item elementor-sitemap-item-page page_item page-item-138\"><a href=\"https:\/\/sepmachinery.com\/fr\/screw-conveyor\/\">Vis sans fin<\/a><\/li><li class=\"elementor-sitemap-item elementor-sitemap-item-page page_item page-item-140\"><a href=\"https:\/\/sepmachinery.com\/fr\/takeaway-conveyor\/\">Tapis roulant de d\u00e9gagement<\/a><\/li><li class=\"elementor-sitemap-item elementor-sitemap-item-page page_item page-item-142\"><a href=\"https:\/\/sepmachinery.com\/fr\/stainless-steel-platforms-mezzanines\/\">Plateformes et mezzanines en acier inoxydable<\/a><\/li><li class=\"elementor-sitemap-item elementor-sitemap-item-page page_item page-item-450\"><a href=\"https:\/\/sepmachinery.com\/fr\/sitemap\/\">Plan du site<\/a><\/li><li class=\"elementor-sitemap-item elementor-sitemap-item-page page_item page-item-603\"><a href=\"https:\/\/sepmachinery.com\/fr\/food-conveyors\/\">BROCHURE<\/a><\/li><li class=\"elementor-sitemap-item elementor-sitemap-item-page page_item page-item-1103\"><a href=\"https:\/\/sepmachinery.com\/fr\/infeed-vibratory-feeder\/\">Alimenteur vibrant d'alimentation<\/a><\/li><li class=\"elementor-sitemap-item elementor-sitemap-item-page page_item page-item-1254\"><a href=\"https:\/\/sepmachinery.com\/fr\/project-videos\/\">PROJETS VID\u00c9OS<\/a><\/li><li class=\"elementor-sitemap-item elementor-sitemap-item-page page_item page-item-1745\"><a href=\"https:\/\/sepmachinery.com\/fr\/material-handling-equipment-3\/\">Mat\u00e9riel de manutention<\/a><\/li><li class=\"elementor-sitemap-item elementor-sitemap-item-page page_item page-item-1948\"><a href=\"https:\/\/sepmachinery.com\/fr\/bucket-elevator\/\">\u00c9l\u00e9vateur \u00e0 godets<\/a><\/li><li class=\"elementor-sitemap-item elementor-sitemap-item-page page_item page-item-2335\"><a href=\"https:\/\/sepmachinery.com\/fr\/food-conveyors-spare-parts\/\">PI\u00c8CES DE RECHANGE<\/a><\/li><li class=\"elementor-sitemap-item elementor-sitemap-item-page page_item page-item-4932\"><a href=\"https:\/\/sepmachinery.com\/fr\/rotary-accumulation-tables\/\">Tables d'accumulation rotatives<\/a><\/li><li class=\"elementor-sitemap-item elementor-sitemap-item-page page_item page-item-4934\"><a href=\"https:\/\/sepmachinery.com\/fr\/in-stock-machines\/\">In stock Machines<\/a><\/li><li class=\"elementor-sitemap-item elementor-sitemap-item-page page_item page-item-8207\"><a href=\"https:\/\/sepmachinery.com\/fr\/small-sachet-packaging-machines\/\">Small Sachet Packaging Machines<\/a><\/li><li class=\"elementor-sitemap-item elementor-sitemap-item-page page_item page-item-7169\"><a href=\"https:\/\/sepmachinery.com\/fr\/september-machinery-latest-blog-and-news\/\">Blog<\/a><\/li><li class=\"elementor-sitemap-item elementor-sitemap-item-page page_item page-item-8305\"><a href=\"https:\/\/sepmachinery.com\/fr\/bag-formers-tubes-for-vertical-form-fill-seal\/\">Bag Formers &#038; Tubes<\/a><\/li><\/ul><\/div><div class=\"elementor-sitemap-section\"><h2 class=\"elementor-sitemap-title elementor-sitemap-category-title\">Categories<\/h2><ul class=\"elementor-sitemap-list elementor-sitemap-category-list\">\t<li class=\"elementor-sitemap-item elementor-sitemap-item-category cat-item cat-item-3\"><a href=\"https:\/\/sepmachinery.com\/fr\/blog\/\">Blog<\/a>\n<\/li>\n<\/ul><\/div><\/div>\t\t\t\t<\/div>\n\t\t\t\t<\/div>\n\t\t\t\t\t<\/div>\n\t\t\t\t<\/div>\n\t\t\t\t<\/div>","protected":false},"excerpt":{"rendered":"<p>September Machinery SiteMap<\/p>","protected":false},"author":1,"featured_media":1808,"parent":0,"menu_order":0,"comment_status":"closed","ping_status":"closed","template":"","meta":{"two_page_speed":[],"footnotes":""},"class_list":["post-450","page","type-page","status-publish","has-post-thumbnail","hentry"],"_links":{"self":[{"href":"https:\/\/sepmachinery.com\/fr\/wp-json\/wp\/v2\/pages\/450","targetHints":{"allow":["GET"]}}],"collection":[{"href":"https:\/\/sepmachinery.com\/fr\/wp-json\/wp\/v2\/pages"}],"about":[{"href":"https:\/\/sepmachinery.com\/fr\/wp-json\/wp\/v2\/types\/page"}],"author":[{"embeddable":true,"href":"https:\/\/sepmachinery.com\/fr\/wp-json\/wp\/v2\/users\/1"}],"replies":[{"embeddable":true,"href":"https:\/\/sepmachinery.com\/fr\/wp-json\/wp\/v2\/comments?post=450"}],"version-history":[{"count":13,"href":"https:\/\/sepmachinery.com\/fr\/wp-json\/wp\/v2\/pages\/450\/revisions"}],"predecessor-version":[{"id":7910,"href":"https:\/\/sepmachinery.com\/fr\/wp-json\/wp\/v2\/pages\/450\/revisions\/7910"}],"wp:featuredmedia":[{"embeddable":true,"href":"https:\/\/sepmachinery.com\/fr\/wp-json\/wp\/v2\/media\/1808"}],"wp:attachment":[{"href":"https:\/\/sepmachinery.com\/fr\/wp-json\/wp\/v2\/media?parent=450"}],"curies":[{"name":"wp","href":"https:\/\/api.w.org\/{rel}","templated":true}]}}