{"id":11,"date":"2017-07-09T06:10:49","date_gmt":"2017-07-09T06:10:49","guid":{"rendered":"http:\/\/www.sepmachinery.com\/?page_id=11"},"modified":"2024-07-05T07:48:18","modified_gmt":"2024-07-05T07:48:18","slug":"about","status":"publish","type":"page","link":"https:\/\/sepmachinery.com\/vi\/about\/","title":{"rendered":"V\u1ec0"},"content":{"rendered":"<div data-elementor-type=\"wp-page\" data-elementor-id=\"11\" class=\"elementor elementor-11\" data-elementor-post-type=\"page\">\n\t\t\t\t\t\t<section class=\"elementor-section elementor-top-section elementor-element elementor-element-38c54beb elementor-section-full_width elementor-section-height-default elementor-section-height-default\" data-id=\"38c54beb\" data-element_type=\"section\" data-e-type=\"section\" data-settings=\"{&quot;background_background&quot;:&quot;classic&quot;}\">\n\t\t\t\t\t\t\t<div class=\"elementor-background-overlay\"><\/div>\n\t\t\t\t\t\t\t<div class=\"elementor-container elementor-column-gap-default\">\n\t\t\t\t\t<div class=\"elementor-column elementor-col-50 elementor-top-column elementor-element elementor-element-15b365e1 elementor-hidden-mobile\" data-id=\"15b365e1\" data-element_type=\"column\" data-e-type=\"column\" data-settings=\"{&quot;background_background&quot;:&quot;classic&quot;}\">\n\t\t\t<div class=\"elementor-widget-wrap elementor-element-populated\">\n\t\t\t\t\t<div class=\"elementor-background-overlay\"><\/div>\n\t\t\t\t\t\t<div class=\"elementor-element elementor-element-7c8cb6d5 elementor-hidden-mobile elementor-widget elementor-widget-spacer\" data-id=\"7c8cb6d5\" data-element_type=\"widget\" data-e-type=\"widget\" data-widget_type=\"spacer.default\">\n\t\t\t\t<div class=\"elementor-widget-container\">\n\t\t\t\t\t\t\t<div class=\"elementor-spacer\">\n\t\t\t<div class=\"elementor-spacer-inner\"><\/div>\n\t\t<\/div>\n\t\t\t\t\t\t<\/div>\n\t\t\t\t<\/div>\n\t\t\t\t\t<\/div>\n\t\t<\/div>\n\t\t\t\t<div class=\"elementor-column elementor-col-50 elementor-top-column elementor-element elementor-element-20b8212e\" data-id=\"20b8212e\" data-element_type=\"column\" data-e-type=\"column\" data-settings=\"{&quot;background_background&quot;:&quot;classic&quot;}\">\n\t\t\t<div class=\"elementor-widget-wrap elementor-element-populated\">\n\t\t\t\t\t\t<section class=\"elementor-section elementor-inner-section elementor-element elementor-element-43a8ded0 elementor-section-boxed elementor-section-height-default elementor-section-height-default\" data-id=\"43a8ded0\" data-element_type=\"section\" data-e-type=\"section\">\n\t\t\t\t\t\t<div class=\"elementor-container elementor-column-gap-default\">\n\t\t\t\t\t<div class=\"elementor-column elementor-col-100 elementor-inner-column elementor-element elementor-element-6d5bd34d\" data-id=\"6d5bd34d\" data-element_type=\"column\" data-e-type=\"column\">\n\t\t\t<div class=\"elementor-widget-wrap elementor-element-populated\">\n\t\t\t\t\t\t<div class=\"elementor-element elementor-element-16347d4 .envato-kit-138-bracket {   color: green; } elementor-widget elementor-widget-heading\" data-id=\"16347d4\" data-element_type=\"widget\" data-e-type=\"widget\" data-widget_type=\"heading.default\">\n\t\t\t\t<div class=\"elementor-widget-container\">\n\t\t\t\t\t<h3 class=\"elementor-heading-title elementor-size-default\">M\u00e1y m\u00f3c th\u1ef1c ph\u1ea9m<\/h3>\t\t\t\t<\/div>\n\t\t\t\t<\/div>\n\t\t\t\t<div class=\"elementor-element elementor-element-3bfc2ff elementor-widget elementor-widget-heading\" data-id=\"3bfc2ff\" data-element_type=\"widget\" data-e-type=\"widget\" data-widget_type=\"heading.default\">\n\t\t\t\t<div class=\"elementor-widget-container\">\n\t\t\t\t\t<h1 class=\"elementor-heading-title elementor-size-default\">Gi\u1edbi thi\u1ec7u v\u1ec1 September Machinery<\/h1>\t\t\t\t<\/div>\n\t\t\t\t<\/div>\n\t\t\t\t<div class=\"elementor-element elementor-element-5399f549 elementor-widget-divider--view-line elementor-widget elementor-widget-divider\" data-id=\"5399f549\" data-element_type=\"widget\" data-e-type=\"widget\" data-widget_type=\"divider.default\">\n\t\t\t\t<div class=\"elementor-widget-container\">\n\t\t\t\t\t\t\t<div class=\"elementor-divider\">\n\t\t\t<span class=\"elementor-divider-separator\">\n\t\t\t\t\t\t<\/span>\n\t\t<\/div>\n\t\t\t\t\t\t<\/div>\n\t\t\t\t<\/div>\n\t\t\t\t\t<\/div>\n\t\t<\/div>\n\t\t\t\t\t<\/div>\n\t\t<\/section>\n\t\t\t\t<div class=\"elementor-element elementor-element-2255e6b4 elementor-widget elementor-widget-spacer\" data-id=\"2255e6b4\" data-element_type=\"widget\" data-e-type=\"widget\" data-widget_type=\"spacer.default\">\n\t\t\t\t<div class=\"elementor-widget-container\">\n\t\t\t\t\t\t\t<div class=\"elementor-spacer\">\n\t\t\t<div class=\"elementor-spacer-inner\"><\/div>\n\t\t<\/div>\n\t\t\t\t\t\t<\/div>\n\t\t\t\t<\/div>\n\t\t\t\t<section class=\"elementor-section elementor-inner-section elementor-element elementor-element-2e976720 elementor-section-boxed elementor-section-height-default elementor-section-height-default\" data-id=\"2e976720\" data-element_type=\"section\" data-e-type=\"section\">\n\t\t\t\t\t\t<div class=\"elementor-container elementor-column-gap-default\">\n\t\t\t\t\t<div class=\"elementor-column elementor-col-50 elementor-inner-column elementor-element elementor-element-23da3968\" data-id=\"23da3968\" data-element_type=\"column\" data-e-type=\"column\">\n\t\t\t<div class=\"elementor-widget-wrap elementor-element-populated\">\n\t\t\t\t\t\t<div class=\"elementor-element elementor-element-75097c38 .envato-kit-138-bracket {   color: green; } elementor-widget elementor-widget-heading\" data-id=\"75097c38\" data-element_type=\"widget\" data-e-type=\"widget\" data-widget_type=\"heading.default\">\n\t\t\t\t<div class=\"elementor-widget-container\">\n\t\t\t\t\t<h3 class=\"elementor-heading-title elementor-size-default\">l\u1ecbch s\u1eed c\u1ee7a ch\u00fang t\u00f4i<\/h3>\t\t\t\t<\/div>\n\t\t\t\t<\/div>\n\t\t\t\t\t<\/div>\n\t\t<\/div>\n\t\t\t\t<div class=\"elementor-column elementor-col-50 elementor-inner-column elementor-element elementor-element-465703aa\" data-id=\"465703aa\" data-element_type=\"column\" data-e-type=\"column\">\n\t\t\t<div class=\"elementor-widget-wrap elementor-element-populated\">\n\t\t\t\t\t\t<div class=\"elementor-element elementor-element-2d1262f2 elementor-widget elementor-widget-text-editor\" data-id=\"2d1262f2\" data-element_type=\"widget\" data-e-type=\"widget\" data-widget_type=\"text-editor.default\">\n\t\t\t\t<div class=\"elementor-widget-container\">\n\t\t\t\t\t\t\t\t\t<p>\u0110\u01b0\u1ee3c th\u00e0nh l\u1eadp v\u00e0o n\u0103m 2018, September Machinery l\u00e0 nh\u00e0 cung c\u1ea5p \u0111\u00e1ng tin c\u1eady c\u00e1c lo\u1ea1i b\u0103ng t\u1ea3i th\u1ef1c ph\u1ea9m ch\u1ea5t l\u01b0\u1ee3ng cao t\u1ea1i Trung Qu\u1ed1c. V\u1edbi tr\u1ecdng t\u00e2m l\u00e0 \u0111\u1ed9 tin c\u1eady v\u00e0 s\u1ef1 h\u00e0i l\u00f2ng c\u1ee7a kh\u00e1ch h\u00e0ng, ch\u00fang t\u00f4i c\u00f3 b\u1ec1 d\u00e0y l\u1ecbch s\u1eed trong vi\u1ec7c cung c\u1ea5p c\u00e1c gi\u1ea3i ph\u00e1p b\u0103ng t\u1ea3i s\u00e1ng t\u1ea1o gi\u00fap h\u1ee3p l\u00fd h\u00f3a quy tr\u00ecnh s\u1ea3n xu\u1ea5t<\/p>\t\t\t\t\t\t\t\t<\/div>\n\t\t\t\t<\/div>\n\t\t\t\t\t<\/div>\n\t\t<\/div>\n\t\t\t\t\t<\/div>\n\t\t<\/section>\n\t\t\t\t<section class=\"elementor-section elementor-inner-section elementor-element elementor-element-33beced4 elementor-section-boxed elementor-section-height-default elementor-section-height-default\" data-id=\"33beced4\" data-element_type=\"section\" data-e-type=\"section\">\n\t\t\t\t\t\t<div class=\"elementor-container elementor-column-gap-no\">\n\t\t\t\t\t<div class=\"elementor-column elementor-col-50 elementor-inner-column elementor-element elementor-element-74b03cce\" data-id=\"74b03cce\" data-element_type=\"column\" data-e-type=\"column\">\n\t\t\t<div class=\"elementor-widget-wrap elementor-element-populated\">\n\t\t\t\t\t\t<div class=\"elementor-element elementor-element-3a75631 elementor-hidden-tablet elementor-widget__width-initial elementor-widget elementor-widget-image\" data-id=\"3a75631\" data-element_type=\"widget\" data-e-type=\"widget\" data-widget_type=\"image.default\">\n\t\t\t\t<div class=\"elementor-widget-container\">\n\t\t\t\t\t\t\t\t\t\t\t\t\t\t\t<img fetchpriority=\"high\" decoding=\"async\" width=\"300\" height=\"300\" src=\"https:\/\/sepmachinery.com\/wp-content\/uploads\/2023\/06\/september-company.png\" class=\"attachment-large size-large wp-image-7000\" alt=\"\" srcset=\"https:\/\/sepmachinery.com\/wp-content\/uploads\/2023\/06\/september-company.png 300w, https:\/\/sepmachinery.com\/wp-content\/uploads\/2023\/06\/september-company-80x80.png 80w, https:\/\/sepmachinery.com\/wp-content\/uploads\/2023\/06\/september-company-12x12.png 12w, https:\/\/sepmachinery.com\/wp-content\/uploads\/2023\/06\/elementor\/thumbs\/september-company-q88gn30yoas6he81jnprbasmm4m4myg82jpukbdya8.png 200w\" sizes=\"(max-width: 300px) 100vw, 300px\" \/>\t\t\t\t\t\t\t\t\t\t\t\t\t\t\t<\/div>\n\t\t\t\t<\/div>\n\t\t\t\t\t<\/div>\n\t\t<\/div>\n\t\t\t\t<div class=\"elementor-column elementor-col-50 elementor-inner-column elementor-element elementor-element-157f89b6\" data-id=\"157f89b6\" data-element_type=\"column\" data-e-type=\"column\">\n\t\t\t<div class=\"elementor-widget-wrap elementor-element-populated\">\n\t\t\t\t\t\t<div class=\"elementor-element elementor-element-2c9e8b8a elementor-widget elementor-widget-text-editor\" data-id=\"2c9e8b8a\" data-element_type=\"widget\" data-e-type=\"widget\" data-widget_type=\"text-editor.default\">\n\t\t\t\t<div class=\"elementor-widget-container\">\n\t\t\t\t\t\t\t\t\t<p>Ch\u00fang t\u00f4i \u01b0u ti\u00ean ch\u1ea5t l\u01b0\u1ee3ng v\u00e0 s\u1ef1 h\u00e0i l\u00f2ng c\u1ee7a kh\u00e1ch h\u00e0ng. H\u1ec7 th\u1ed1ng b\u0103ng t\u1ea3i c\u1ee7a ch\u00fang t\u00f4i \u0111\u01b0\u1ee3c thi\u1ebft k\u1ebf v\u00e0 s\u1ea3n xu\u1ea5t t\u1ec9 m\u1ec9 \u0111\u1ec3 v\u01b0\u1ee3t qua c\u00e1c ti\u00eau chu\u1ea9n c\u1ee7a ng\u00e0nh, \u0111\u1ea3m b\u1ea3o an to\u00e0n v\u00e0 hi\u1ec7u qu\u1ea3 trong quy tr\u00ecnh s\u1ea3n xu\u1ea5t c\u1ee7a b\u1ea1n. T\u1eadp trung v\u00e0o \u0111\u1ed9 tin c\u1eady, ch\u00fang t\u00f4i cung c\u1ea5p c\u00e1c gi\u1ea3i ph\u00e1p t\u00f9y ch\u1ec9nh ph\u00f9 h\u1ee3p v\u1edbi c\u00e1c y\u00eau c\u1ea7u ri\u00eang c\u1ee7a b\u1ea1n, t\u00edch h\u1ee3p li\u1ec1n m\u1ea1ch v\u1edbi c\u00e1c ho\u1ea1t \u0111\u1ed9ng hi\u1ec7n t\u1ea1i c\u1ee7a b\u1ea1n<\/p>\t\t\t\t\t\t\t\t<\/div>\n\t\t\t\t<\/div>\n\t\t\t\t\t<\/div>\n\t\t<\/div>\n\t\t\t\t\t<\/div>\n\t\t<\/section>\n\t\t\t\t<section class=\"elementor-section elementor-inner-section elementor-element elementor-element-1092ce46 elementor-section-boxed elementor-section-height-default elementor-section-height-default\" data-id=\"1092ce46\" data-element_type=\"section\" data-e-type=\"section\">\n\t\t\t\t\t\t<div class=\"elementor-container elementor-column-gap-default\">\n\t\t\t\t\t<div class=\"elementor-column elementor-col-50 elementor-inner-column elementor-element elementor-element-30630a09\" data-id=\"30630a09\" data-element_type=\"column\" data-e-type=\"column\">\n\t\t\t<div class=\"elementor-widget-wrap elementor-element-populated\">\n\t\t\t\t\t\t<div class=\"elementor-element elementor-element-5cacd164 .envato-kit-138-bracket {   color: green; } elementor-widget elementor-widget-heading\" data-id=\"5cacd164\" data-element_type=\"widget\" data-e-type=\"widget\" data-widget_type=\"heading.default\">\n\t\t\t\t<div class=\"elementor-widget-container\">\n\t\t\t\t\t<h3 class=\"elementor-heading-title elementor-size-default\">\u0110\u1eb7c s\u1ea3n<\/h3>\t\t\t\t<\/div>\n\t\t\t\t<\/div>\n\t\t\t\t\t<\/div>\n\t\t<\/div>\n\t\t\t\t<div class=\"elementor-column elementor-col-50 elementor-inner-column elementor-element elementor-element-178d31c0\" data-id=\"178d31c0\" data-element_type=\"column\" data-e-type=\"column\">\n\t\t\t<div class=\"elementor-widget-wrap elementor-element-populated\">\n\t\t\t\t\t\t<div class=\"elementor-element elementor-element-127a5d32 elementor-widget elementor-widget-text-editor\" data-id=\"127a5d32\" data-element_type=\"widget\" data-e-type=\"widget\" data-widget_type=\"text-editor.default\">\n\t\t\t\t<div class=\"elementor-widget-container\">\n\t\t\t\t\t\t\t\t\t<p>Trong nh\u1eefng n\u0103m qua, ch\u00fang t\u00f4i \u0111\u00e3 m\u1edf r\u1ed9ng c\u00e1c chuy\u00ean ng\u00e0nh c\u1ee7a m\u00ecnh \u0111\u1ec3 bao g\u1ed3m m\u1ed9t lo\u1ea1t c\u00e1c b\u0103ng t\u1ea3i th\u1ef1c ph\u1ea9m to\u00e0n di\u1ec7n, ch\u1eb3ng h\u1ea1n nh\u01b0 <span style=\"color: #99cc00;\"><a style=\"color: #99cc00;\" href=\"https:\/\/sepmachinery.com\/vi\/bucket-elevator\/\">thang m\u00e1y x\u00f4<\/a>, <a style=\"color: #99cc00;\" href=\"https:\/\/sepmachinery.com\/vi\/incline-conveyor\/\">b\u0103ng t\u1ea3i<\/a>, <a style=\"color: #99cc00;\" href=\"https:\/\/sepmachinery.com\/vi\/stainless-steel-platforms-mezzanines\/\">n\u1ec1n t\u1ea3ng l\u00e0m vi\u1ec7c<\/a>, <a style=\"color: #99cc00;\" href=\"https:\/\/sepmachinery.com\/vi\/rotary-accumulation-tables\/\">b\u00e0n quay t\u00edch l\u0169y<\/a>, <a style=\"color: #99cc00;\" href=\"https:\/\/sepmachinery.com\/vi\/takeaway-conveyor\/\">b\u0103ng t\u1ea3i tho\u00e1t<\/a>, <a style=\"color: #99cc00;\" href=\"https:\/\/sepmachinery.com\/vi\/screw-conveyor\/\">b\u0103ng t\u1ea3i tr\u1ee5c v\u00edt<\/a>, <\/span><a href=\"https:\/\/sepmachinery.com\/vi\/infeed-vibratory-feeder\/\"><span style=\"color: #99cc00;\">m\u00e1y cho \u0103n rung,<\/span><\/a> v\u00e0 h\u01a1n th\u1ebf n\u1eefa. \u0110\u1ed9i ng\u0169 k\u1ef9 s\u01b0 v\u00e0 k\u1ef9 thu\u1eadt vi\u00ean gi\u00e0u kinh nghi\u1ec7m c\u1ee7a ch\u00fang t\u00f4i \u0111\u1ea3m b\u1ea3o r\u1eb1ng h\u1ec7 th\u1ed1ng b\u0103ng t\u1ea3i c\u1ee7a ch\u00fang t\u00f4i lu\u00f4n \u0111i \u0111\u1ea7u trong nh\u1eefng ti\u1ebfn b\u1ed9 c\u00f4ng ngh\u1ec7.<\/p>\t\t\t\t\t\t\t\t<\/div>\n\t\t\t\t<\/div>\n\t\t\t\t\t<\/div>\n\t\t<\/div>\n\t\t\t\t\t<\/div>\n\t\t<\/section>\n\t\t\t\t\t<\/div>\n\t\t<\/div>\n\t\t\t\t\t<\/div>\n\t\t<\/section>\n\t\t\t\t<\/div>","protected":false},"excerpt":{"rendered":"<p>Food machinery About September Machinery our history Established in 2018, September Machinery is a trusted provider of high-quality food conveyors in China. With a focus on reliability and customer satisfaction, we have a rich history of delivering innovative conveyor solutions that streamline production processes We prioritize quality and customer satisfaction. Our conveyor systems are meticulously [&hellip;]<\/p>\n","protected":false},"author":1,"featured_media":4578,"parent":0,"menu_order":0,"comment_status":"closed","ping_status":"closed","template":"","meta":{"two_page_speed":[],"footnotes":""},"class_list":["post-11","page","type-page","status-publish","has-post-thumbnail","hentry"],"_links":{"self":[{"href":"https:\/\/sepmachinery.com\/vi\/wp-json\/wp\/v2\/pages\/11","targetHints":{"allow":["GET"]}}],"collection":[{"href":"https:\/\/sepmachinery.com\/vi\/wp-json\/wp\/v2\/pages"}],"about":[{"href":"https:\/\/sepmachinery.com\/vi\/wp-json\/wp\/v2\/types\/page"}],"author":[{"embeddable":true,"href":"https:\/\/sepmachinery.com\/vi\/wp-json\/wp\/v2\/users\/1"}],"replies":[{"embeddable":true,"href":"https:\/\/sepmachinery.com\/vi\/wp-json\/wp\/v2\/comments?post=11"}],"version-history":[{"count":64,"href":"https:\/\/sepmachinery.com\/vi\/wp-json\/wp\/v2\/pages\/11\/revisions"}],"predecessor-version":[{"id":8182,"href":"https:\/\/sepmachinery.com\/vi\/wp-json\/wp\/v2\/pages\/11\/revisions\/8182"}],"wp:featuredmedia":[{"embeddable":true,"href":"https:\/\/sepmachinery.com\/vi\/wp-json\/wp\/v2\/media\/4578"}],"wp:attachment":[{"href":"https:\/\/sepmachinery.com\/vi\/wp-json\/wp\/v2\/media?parent=11"}],"curies":[{"name":"wp","href":"https:\/\/api.w.org\/{rel}","templated":true}]}}