{"id":1103,"date":"2018-03-27T12:35:02","date_gmt":"2018-03-27T12:35:02","guid":{"rendered":"https:\/\/sepmachinery.com\/?page_id=1103"},"modified":"2023-06-28T10:13:16","modified_gmt":"2023-06-28T10:13:16","slug":"infeed-vibratory-feeder","status":"publish","type":"page","link":"https:\/\/sepmachinery.com\/vi\/infeed-vibratory-feeder\/","title":{"rendered":"M\u00e1y c\u1ea5p li\u1ec7u rung"},"content":{"rendered":"<div data-elementor-type=\"wp-page\" data-elementor-id=\"1103\" class=\"elementor elementor-1103\" data-elementor-post-type=\"page\">\n\t\t\t\t<div class=\"elementor-element elementor-element-fa6eb40 e-flex e-con-boxed e-con e-parent\" data-id=\"fa6eb40\" data-element_type=\"container\" data-e-type=\"container\" data-settings=\"{&quot;background_background&quot;:&quot;classic&quot;}\">\n\t\t\t\t\t<div class=\"e-con-inner\">\n\t\t\t\t\t<\/div>\n\t\t\t\t<\/div>\n\t\t<div class=\"elementor-element elementor-element-1962fab e-flex e-con-boxed e-con e-parent\" data-id=\"1962fab\" data-element_type=\"container\" data-e-type=\"container\">\n\t\t\t\t\t<div class=\"e-con-inner\">\n\t\t\t\t<div class=\"elementor-element elementor-element-b72d823 elementor-widget elementor-widget-heading\" data-id=\"b72d823\" data-element_type=\"widget\" data-e-type=\"widget\" data-widget_type=\"heading.default\">\n\t\t\t\t<div class=\"elementor-widget-container\">\n\t\t\t\t\t<h1 class=\"elementor-heading-title elementor-size-default\">m\u00e1y c\u1ea5p li\u1ec7u rung<\/h1>\t\t\t\t<\/div>\n\t\t\t\t<\/div>\n\t\t\t\t<div class=\"elementor-element elementor-element-e889274 elementor-widget elementor-widget-text-editor\" data-id=\"e889274\" data-element_type=\"widget\" data-e-type=\"widget\" data-widget_type=\"text-editor.default\">\n\t\t\t\t<div class=\"elementor-widget-container\">\n\t\t\t\t\t\t\t\t\t<p><span style=\"text-align: var(--text-align);\">M\u00e1y n\u1ea1p rung l\u00e0 lo\u1ea1i thi\u1ebft b\u1ecb \u0111\u01b0\u1ee3c s\u1eed d\u1ee5ng trong c\u00e1c m\u00f4i tr\u01b0\u1eddng c\u00f4ng nghi\u1ec7p \u0111\u1ec3 v\u1eadn chuy\u1ec3n v\u00e0 n\u1ea1p v\u1eadt li\u1ec7u r\u1eddi ho\u1eb7c c\u00e1c th\u00e0nh ph\u1ea7n. Thi\u1ebft b\u1ecb n\u00e0y s\u1eed d\u1ee5ng rung \u0111\u1ed9ng \u0111\u1ec3 di chuy\u1ec3n v\u1eadt li\u1ec7u d\u1ecdc theo m\u00e1ng v\u1eadn chuy\u1ec3n. Ch\u1ee9c n\u0103ng ch\u00ednh c\u1ee7a m\u00e1y n\u1ea1p rung l\u00e0 cung c\u1ea5p m\u1ed9t lu\u1ed3ng v\u1eadt li\u1ec7u nh\u1ea5t qu\u00e1n v\u1edbi t\u1ed1c \u0111\u1ed9 \u0111\u01b0\u1ee3c ki\u1ec3m so\u00e1t.<\/span><\/p><p>\u0110\u01b0\u1ee3c l\u00e0m b\u1eb1ng th\u00e9p kh\u00f4ng g\u1ec9 304# b\u1ec1n b\u1ec9, c\u00f3 t\u00ednh linh ho\u1ea1t v\u1edbi b\u1ec1 m\u1eb7t c\u00f3 r\u00e3nh \u0111\u1ec3 \u0111\u1ef1ng s\u1ea3n ph\u1ea9m d\u00ednh v\u00e0 b\u1ec1 m\u1eb7t tr\u01a1n \u0111\u1ec3 \u0111\u1ef1ng s\u1ea3n ph\u1ea9m kh\u00f4ng d\u00ednh.\u00a0<\/p><p>V\u1edbi k\u00edch th\u01b0\u1edbc ph\u1ec5u c\u00f3 th\u1ec3 t\u00f9y ch\u1ec9nh, m\u00e1y n\u1ea1p li\u1ec7u c\u1ee7a ch\u00fang t\u00f4i t\u00edch h\u1ee3p li\u1ec1n m\u1ea1ch v\u1edbi d\u00e2y chuy\u1ec1n s\u1ea3n xu\u1ea5t c\u1ee7a b\u1ea1n, t\u1ed1i \u01b0u h\u00f3a quy tr\u00ecnh l\u00e0m vi\u1ec7c v\u00e0 n\u0103ng su\u1ea5t.<\/p>\t\t\t\t\t\t\t\t<\/div>\n\t\t\t\t<\/div>\n\t\t\t\t\t<\/div>\n\t\t\t\t<\/div>\n\t\t<div class=\"elementor-element elementor-element-f9543a5 e-con-full e-flex e-con e-parent\" data-id=\"f9543a5\" data-element_type=\"container\" data-e-type=\"container\">\n\t\t<div class=\"elementor-element elementor-element-ed9dff6 e-flex e-con-boxed e-con e-parent\" data-id=\"ed9dff6\" data-element_type=\"container\" data-e-type=\"container\">\n\t\t\t\t\t<div class=\"e-con-inner\">\n\t\t\t\t<div class=\"elementor-element elementor-element-37c8dfa elementor-widget elementor-widget-image\" data-id=\"37c8dfa\" data-element_type=\"widget\" data-e-type=\"widget\" data-widget_type=\"image.default\">\n\t\t\t\t<div class=\"elementor-widget-container\">\n\t\t\t\t\t\t\t\t\t\t\t\t\t\t\t<img fetchpriority=\"high\" decoding=\"async\" width=\"700\" height=\"700\" src=\"https:\/\/sepmachinery.com\/wp-content\/uploads\/2023\/06\/infeed-vibratory-feeder-1.jpg\" class=\"elementor-animation-shrink attachment-full size-full wp-image-6006\" alt=\"m\u00e1y c\u1ea5p li\u1ec7u rung\" srcset=\"https:\/\/sepmachinery.com\/wp-content\/uploads\/2023\/06\/infeed-vibratory-feeder-1.jpg 700w, https:\/\/sepmachinery.com\/wp-content\/uploads\/2023\/06\/infeed-vibratory-feeder-1-300x300.jpg 300w, https:\/\/sepmachinery.com\/wp-content\/uploads\/2023\/06\/infeed-vibratory-feeder-1-80x80.jpg 80w, https:\/\/sepmachinery.com\/wp-content\/uploads\/2023\/06\/infeed-vibratory-feeder-1-12x12.jpg 12w\" sizes=\"(max-width: 700px) 100vw, 700px\" \/>\t\t\t\t\t\t\t\t\t\t\t\t\t\t\t<\/div>\n\t\t\t\t<\/div>\n\t\t\t\t<div class=\"elementor-element elementor-element-2616b93 elementor-widget elementor-widget-image-box\" data-id=\"2616b93\" data-element_type=\"widget\" data-e-type=\"widget\" data-widget_type=\"image-box.default\">\n\t\t\t\t<div class=\"elementor-widget-container\">\n\t\t\t\t\t<div class=\"elementor-image-box-wrapper\"><div class=\"elementor-image-box-content\"><h3 class=\"elementor-image-box-title\">B\u1ec1 m\u1eb7t l\u00f5m<\/h3><p class=\"elementor-image-box-description\">Ph\u1ec5u n\u1ea1p li\u1ec7u c\u00f3 dung t\u00edch 165 l\u00edt ph\u00f9 h\u1ee3p cho c\u00e1c s\u1ea3n ph\u1ea9m c\u00f3 \u0111\u1ed9 d\u00ednh.<\/p><\/div><\/div>\t\t\t\t<\/div>\n\t\t\t\t<\/div>\n\t\t\t\t<div class=\"elementor-element elementor-element-67422db elementor-align-center elementor-widget elementor-widget-button\" data-id=\"67422db\" data-element_type=\"widget\" data-e-type=\"widget\" data-widget_type=\"button.default\">\n\t\t\t\t<div class=\"elementor-widget-container\">\n\t\t\t\t\t\t\t\t\t<div class=\"elementor-button-wrapper\">\n\t\t\t\t\t<a class=\"elementor-button elementor-button-link elementor-size-sm elementor-animation-shrink\" href=\"https:\/\/sepmachinery.com\/vi\/contact-us\/\" target=\"_blank\">\n\t\t\t\t\t\t<span class=\"elementor-button-content-wrapper\">\n\t\t\t\t\t\t\t\t\t<span class=\"elementor-button-text\">Nh\u1eadn b\u00e1o gi\u00e1<\/span>\n\t\t\t\t\t<\/span>\n\t\t\t\t\t<\/a>\n\t\t\t\t<\/div>\n\t\t\t\t\t\t\t\t<\/div>\n\t\t\t\t<\/div>\n\t\t\t\t\t<\/div>\n\t\t\t\t<\/div>\n\t\t<div class=\"elementor-element elementor-element-6cc28b7 e-flex e-con-boxed e-con e-parent\" data-id=\"6cc28b7\" data-element_type=\"container\" data-e-type=\"container\">\n\t\t\t\t\t<div class=\"e-con-inner\">\n\t\t\t\t<div class=\"elementor-element elementor-element-6140b9f elementor-widget elementor-widget-image\" data-id=\"6140b9f\" data-element_type=\"widget\" data-e-type=\"widget\" data-widget_type=\"image.default\">\n\t\t\t\t<div class=\"elementor-widget-container\">\n\t\t\t\t\t\t\t\t\t\t\t\t\t\t\t<img decoding=\"async\" width=\"700\" height=\"700\" src=\"https:\/\/sepmachinery.com\/wp-content\/uploads\/2023\/06\/vibratory-conveyor.jpg\" class=\"elementor-animation-shrink attachment-full size-full wp-image-6011\" alt=\"b\u0103ng t\u1ea3i rung\" srcset=\"https:\/\/sepmachinery.com\/wp-content\/uploads\/2023\/06\/vibratory-conveyor.jpg 700w, https:\/\/sepmachinery.com\/wp-content\/uploads\/2023\/06\/vibratory-conveyor-300x300.jpg 300w, https:\/\/sepmachinery.com\/wp-content\/uploads\/2023\/06\/vibratory-conveyor-80x80.jpg 80w, https:\/\/sepmachinery.com\/wp-content\/uploads\/2023\/06\/vibratory-conveyor-12x12.jpg 12w\" sizes=\"(max-width: 700px) 100vw, 700px\" \/>\t\t\t\t\t\t\t\t\t\t\t\t\t\t\t<\/div>\n\t\t\t\t<\/div>\n\t\t\t\t<div class=\"elementor-element elementor-element-a3c466b elementor-widget elementor-widget-image-box\" data-id=\"a3c466b\" data-element_type=\"widget\" data-e-type=\"widget\" data-widget_type=\"image-box.default\">\n\t\t\t\t<div class=\"elementor-widget-container\">\n\t\t\t\t\t<div class=\"elementor-image-box-wrapper\"><div class=\"elementor-image-box-content\"><h3 class=\"elementor-image-box-title\">B\u1ec1 m\u1eb7t ph\u1eb3ng<\/h3><p class=\"elementor-image-box-description\">B\u1ec1 m\u1eb7t tr\u01a1n d\u00e0nh cho c\u00e1c s\u1ea3n ph\u1ea9m kh\u00f4ng d\u00ednh<\/p><\/div><\/div>\t\t\t\t<\/div>\n\t\t\t\t<\/div>\n\t\t\t\t<div class=\"elementor-element elementor-element-6390315 elementor-align-center elementor-widget elementor-widget-button\" data-id=\"6390315\" data-element_type=\"widget\" data-e-type=\"widget\" data-widget_type=\"button.default\">\n\t\t\t\t<div class=\"elementor-widget-container\">\n\t\t\t\t\t\t\t\t\t<div class=\"elementor-button-wrapper\">\n\t\t\t\t\t<a class=\"elementor-button elementor-button-link elementor-size-sm elementor-animation-shrink\" href=\"https:\/\/sepmachinery.com\/vi\/contact-us\/\" target=\"_blank\">\n\t\t\t\t\t\t<span class=\"elementor-button-content-wrapper\">\n\t\t\t\t\t\t\t\t\t<span class=\"elementor-button-text\">Nh\u1eadn b\u00e1o gi\u00e1<\/span>\n\t\t\t\t\t<\/span>\n\t\t\t\t\t<\/a>\n\t\t\t\t<\/div>\n\t\t\t\t\t\t\t\t<\/div>\n\t\t\t\t<\/div>\n\t\t\t\t\t<\/div>\n\t\t\t\t<\/div>\n\t\t<div class=\"elementor-element elementor-element-3a866cb e-flex e-con-boxed e-con e-parent\" data-id=\"3a866cb\" data-element_type=\"container\" data-e-type=\"container\">\n\t\t\t\t\t<div class=\"e-con-inner\">\n\t\t\t\t<div class=\"elementor-element elementor-element-26bb559 elementor-widget elementor-widget-image\" data-id=\"26bb559\" data-element_type=\"widget\" data-e-type=\"widget\" data-widget_type=\"image.default\">\n\t\t\t\t<div class=\"elementor-widget-container\">\n\t\t\t\t\t\t\t\t\t\t\t\t\t\t\t<img decoding=\"async\" width=\"700\" height=\"700\" src=\"https:\/\/sepmachinery.com\/wp-content\/uploads\/2023\/06\/Feed-hopper.jpg\" class=\"elementor-animation-shrink attachment-full size-full wp-image-6010\" alt=\"Ph\u1ec5u n\u1ea1p li\u1ec7u\" srcset=\"https:\/\/sepmachinery.com\/wp-content\/uploads\/2023\/06\/Feed-hopper.jpg 700w, https:\/\/sepmachinery.com\/wp-content\/uploads\/2023\/06\/Feed-hopper-300x300.jpg 300w, https:\/\/sepmachinery.com\/wp-content\/uploads\/2023\/06\/Feed-hopper-80x80.jpg 80w, https:\/\/sepmachinery.com\/wp-content\/uploads\/2023\/06\/Feed-hopper-12x12.jpg 12w\" sizes=\"(max-width: 700px) 100vw, 700px\" \/>\t\t\t\t\t\t\t\t\t\t\t\t\t\t\t<\/div>\n\t\t\t\t<\/div>\n\t\t\t\t<div class=\"elementor-element elementor-element-dcd0fff elementor-widget elementor-widget-image-box\" data-id=\"dcd0fff\" data-element_type=\"widget\" data-e-type=\"widget\" data-widget_type=\"image-box.default\">\n\t\t\t\t<div class=\"elementor-widget-container\">\n\t\t\t\t\t<div class=\"elementor-image-box-wrapper\"><div class=\"elementor-image-box-content\"><h3 class=\"elementor-image-box-title\">Ph\u1ec5u l\u1edbn<\/h3><p class=\"elementor-image-box-description\">\u0110\u00e2y l\u00e0 ph\u1ec5u 550 l\u00edt. N\u00f3 c\u00f3 th\u1ec3 l\u1edbn h\u01a1n ho\u1eb7c nh\u1ecf h\u01a1n t\u00f9y theo y\u00eau c\u1ea7u<\/p><\/div><\/div>\t\t\t\t<\/div>\n\t\t\t\t<\/div>\n\t\t\t\t<div class=\"elementor-element elementor-element-a6228f0 elementor-align-center elementor-widget elementor-widget-button\" data-id=\"a6228f0\" data-element_type=\"widget\" data-e-type=\"widget\" data-widget_type=\"button.default\">\n\t\t\t\t<div class=\"elementor-widget-container\">\n\t\t\t\t\t\t\t\t\t<div class=\"elementor-button-wrapper\">\n\t\t\t\t\t<a class=\"elementor-button elementor-button-link elementor-size-sm elementor-animation-shrink\" href=\"https:\/\/sepmachinery.com\/vi\/contact-us\/\" target=\"_blank\">\n\t\t\t\t\t\t<span class=\"elementor-button-content-wrapper\">\n\t\t\t\t\t\t\t\t\t<span class=\"elementor-button-text\">Nh\u1eadn b\u00e1o gi\u00e1<\/span>\n\t\t\t\t\t<\/span>\n\t\t\t\t\t<\/a>\n\t\t\t\t<\/div>\n\t\t\t\t\t\t\t\t<\/div>\n\t\t\t\t<\/div>\n\t\t\t\t\t<\/div>\n\t\t\t\t<\/div>\n\t\t\t\t<\/div>\n\t\t<div class=\"elementor-element elementor-element-cd88dd5 elementor-hidden-tablet elementor-hidden-mobile e-flex e-con-boxed e-con e-parent\" data-id=\"cd88dd5\" data-element_type=\"container\" data-e-type=\"container\" data-settings=\"{&quot;background_background&quot;:&quot;classic&quot;}\">\n\t\t\t\t\t<div class=\"e-con-inner\">\n\t\t<div class=\"elementor-element elementor-element-e920589 e-con-full e-flex e-con e-parent\" data-id=\"e920589\" data-element_type=\"container\" data-e-type=\"container\">\n\t\t<div class=\"elementor-element elementor-element-40002a0 e-con-full e-flex e-con e-parent\" data-id=\"40002a0\" data-element_type=\"container\" data-e-type=\"container\">\n\t\t<div class=\"elementor-element elementor-element-73e1feb e-con-full e-flex e-con e-parent\" data-id=\"73e1feb\" data-element_type=\"container\" data-e-type=\"container\">\n\t\t\t\t<div class=\"elementor-element elementor-element-2f71583 elementor-widget elementor-widget-heading\" data-id=\"2f71583\" data-element_type=\"widget\" data-e-type=\"widget\" data-widget_type=\"heading.default\">\n\t\t\t\t<div class=\"elementor-widget-container\">\n\t\t\t\t\t<h2 class=\"elementor-heading-title elementor-size-xl\">M\u00e1y c\u1ea5p li\u1ec7u rung ch\u1ea1y<\/h2>\t\t\t\t<\/div>\n\t\t\t\t<\/div>\n\t\t\t\t<div class=\"elementor-element elementor-element-58cb800 elementor-widget elementor-widget-text-editor\" data-id=\"58cb800\" data-element_type=\"widget\" data-e-type=\"widget\" data-widget_type=\"text-editor.default\">\n\t\t\t\t<div class=\"elementor-widget-container\">\n\t\t\t\t\t\t\t\t\t<p>1, \u0110\u1ed9 rung c\u00f3 th\u1ec3 \u0111i\u1ec1u ch\u1ec9nh \u0111\u01b0\u1ee3c<\/p><p>2, Ki\u1ec3m so\u00e1t d\u00f2ng ch\u1ea3y v\u1eadt li\u1ec7u th\u00f4ng qua c\u01b0\u1eddng \u0111\u1ed9 rung \u0111\u1ed9ng v\u00e0 \u0111\u1ed9 rung<\/p><p>3, n\u00f3 c\u00f3 th\u1ec3 k\u1ebft n\u1ed1i v\u1edbi m\u00e1y c\u00e2n nhi\u1ec1u \u0111\u1ea7u\/ b\u0103ng t\u1ea3i\/ m\u00e1y \u0111\u00f3ng g\u00f3i \u0111\u1ec3 \u0111i\u1ec1u khi\u1ec3n n\u00f3 t\u1ef1 \u0111\u1ed9ng ch\u1ea1y ho\u1eb7c d\u1eebng<\/p><p>\u00a0<\/p>\t\t\t\t\t\t\t\t<\/div>\n\t\t\t\t<\/div>\n\t\t\t\t<div class=\"elementor-element elementor-element-027770e elementor-align-justify elementor-tablet-align-justify elementor-mobile-align-justify elementor-widget-tablet__width-inherit elementor-invisible elementor-widget elementor-widget-button\" data-id=\"027770e\" data-element_type=\"widget\" data-e-type=\"widget\" data-settings=\"{&quot;_animation&quot;:&quot;fadeIn&quot;,&quot;_animation_delay&quot;:300}\" data-widget_type=\"button.default\">\n\t\t\t\t<div class=\"elementor-widget-container\">\n\t\t\t\t\t\t\t\t\t<div class=\"elementor-button-wrapper\">\n\t\t\t\t\t<a class=\"elementor-button elementor-button-link elementor-size-sm\" href=\"https:\/\/sepmachinery.com\/vi\/contact-us\/\" target=\"_blank\">\n\t\t\t\t\t\t<span class=\"elementor-button-content-wrapper\">\n\t\t\t\t\t\t<span class=\"elementor-button-icon\">\n\t\t\t\t<svg aria-hidden=\"true\" class=\"e-font-icon-svg e-fas-play\" viewbox=\"0 0 448 512\" xmlns=\"http:\/\/www.w3.org\/2000\/svg\"><path d=\"M424.4 214.7L72.4 6.6C43.8-10.3 0 6.1 0 47.9V464c0 37.5 40.7 60.1 72.4 41.3l352-208c31.4-18.5 31.5-64.1 0-82.6z\"><\/path><\/svg>\t\t\t<\/span>\n\t\t\t\t\t\t\t\t\t<span class=\"elementor-button-text\">Nh\u1eadn b\u00e1o gi\u00e1 ngay<\/span>\n\t\t\t\t\t<\/span>\n\t\t\t\t\t<\/a>\n\t\t\t\t<\/div>\n\t\t\t\t\t\t\t\t<\/div>\n\t\t\t\t<\/div>\n\t\t\t\t<\/div>\n\t\t\t\t<\/div>\n\t\t\t\t<\/div>\n\t\t<div class=\"elementor-element elementor-element-a1456b0 e-con-full e-flex e-con e-parent\" data-id=\"a1456b0\" data-element_type=\"container\" data-e-type=\"container\">\n\t\t\t\t<div class=\"elementor-element elementor-element-bacbecd elementor-widget elementor-widget-video\" data-id=\"bacbecd\" data-element_type=\"widget\" data-e-type=\"widget\" data-settings=\"{&quot;youtube_url&quot;:&quot;https:\\\/\\\/youtu.be\\\/HY2TUZzSJ4Y&quot;,&quot;video_type&quot;:&quot;youtube&quot;,&quot;controls&quot;:&quot;yes&quot;}\" data-widget_type=\"video.default\">\n\t\t\t\t<div class=\"elementor-widget-container\">\n\t\t\t\t\t\t\t<div class=\"elementor-wrapper elementor-open-inline\">\n\t\t\t<div class=\"elementor-video\"><\/div>\t\t<\/div>\n\t\t\t\t\t\t<\/div>\n\t\t\t\t<\/div>\n\t\t\t\t<\/div>\n\t\t\t\t\t<\/div>\n\t\t\t\t<\/div>\n\t\t<div class=\"elementor-element elementor-element-8a20731 elementor-hidden-desktop e-flex e-con-boxed e-con e-parent\" data-id=\"8a20731\" data-element_type=\"container\" data-e-type=\"container\">\n\t\t\t\t\t<div class=\"e-con-inner\">\n\t\t\t\t<div class=\"elementor-element elementor-element-22e30b2 elementor-widget elementor-widget-heading\" data-id=\"22e30b2\" data-element_type=\"widget\" data-e-type=\"widget\" data-widget_type=\"heading.default\">\n\t\t\t\t<div class=\"elementor-widget-container\">\n\t\t\t\t\t<h2 class=\"elementor-heading-title elementor-size-default\">M\u00e1y c\u1ea5p li\u1ec7u rung ch\u1ea1y\n<\/h2>\t\t\t\t<\/div>\n\t\t\t\t<\/div>\n\t\t\t\t<div class=\"elementor-element elementor-element-4a22613 elementor-widget elementor-widget-video\" data-id=\"4a22613\" data-element_type=\"widget\" data-e-type=\"widget\" data-settings=\"{&quot;youtube_url&quot;:&quot;https:\\\/\\\/youtu.be\\\/HY2TUZzSJ4Y&quot;,&quot;autoplay&quot;:&quot;yes&quot;,&quot;play_on_mobile&quot;:&quot;yes&quot;,&quot;mute&quot;:&quot;yes&quot;,&quot;video_type&quot;:&quot;youtube&quot;,&quot;controls&quot;:&quot;yes&quot;}\" data-widget_type=\"video.default\">\n\t\t\t\t<div class=\"elementor-widget-container\">\n\t\t\t\t\t\t\t<div class=\"elementor-wrapper elementor-open-inline\">\n\t\t\t<div class=\"elementor-video\"><\/div>\t\t<\/div>\n\t\t\t\t\t\t<\/div>\n\t\t\t\t<\/div>\n\t\t\t\t\t<\/div>\n\t\t\t\t<\/div>\n\t\t\t\t<\/div>","protected":false},"excerpt":{"rendered":"<p>infeed vibratory feeder Infeed vibratory feeder is a type of equipment used in industrial settings to transport and feed bulk materials or components. It utilizes vibrations to move the materials along a conveying chute. The primary function of an infeed vibratory feeder is to deliver a consistent flow of material at a controlled rate. It [&hellip;]<\/p>\n","protected":false},"author":1,"featured_media":6506,"parent":0,"menu_order":0,"comment_status":"closed","ping_status":"closed","template":"","meta":{"two_page_speed":[],"footnotes":""},"class_list":["post-1103","page","type-page","status-publish","has-post-thumbnail","hentry"],"_links":{"self":[{"href":"https:\/\/sepmachinery.com\/vi\/wp-json\/wp\/v2\/pages\/1103","targetHints":{"allow":["GET"]}}],"collection":[{"href":"https:\/\/sepmachinery.com\/vi\/wp-json\/wp\/v2\/pages"}],"about":[{"href":"https:\/\/sepmachinery.com\/vi\/wp-json\/wp\/v2\/types\/page"}],"author":[{"embeddable":true,"href":"https:\/\/sepmachinery.com\/vi\/wp-json\/wp\/v2\/users\/1"}],"replies":[{"embeddable":true,"href":"https:\/\/sepmachinery.com\/vi\/wp-json\/wp\/v2\/comments?post=1103"}],"version-history":[{"count":138,"href":"https:\/\/sepmachinery.com\/vi\/wp-json\/wp\/v2\/pages\/1103\/revisions"}],"predecessor-version":[{"id":7126,"href":"https:\/\/sepmachinery.com\/vi\/wp-json\/wp\/v2\/pages\/1103\/revisions\/7126"}],"wp:featuredmedia":[{"embeddable":true,"href":"https:\/\/sepmachinery.com\/vi\/wp-json\/wp\/v2\/media\/6506"}],"wp:attachment":[{"href":"https:\/\/sepmachinery.com\/vi\/wp-json\/wp\/v2\/media?parent=1103"}],"curies":[{"name":"wp","href":"https:\/\/api.w.org\/{rel}","templated":true}]}}