{"id":1254,"date":"2018-04-12T12:32:47","date_gmt":"2018-04-12T12:32:47","guid":{"rendered":"https:\/\/sepmachinery.com\/?page_id=1254"},"modified":"2024-07-05T07:52:56","modified_gmt":"2024-07-05T07:52:56","slug":"project-videos","status":"publish","type":"page","link":"https:\/\/sepmachinery.com\/vi\/project-videos\/","title":{"rendered":"VIDEO D\u1ef0 \u00c1N"},"content":{"rendered":"<div data-elementor-type=\"wp-page\" data-elementor-id=\"1254\" class=\"elementor elementor-1254\" data-elementor-post-type=\"page\">\n\t\t\t\t<div class=\"elementor-element elementor-element-5e7a333 e-flex e-con-boxed e-con e-parent\" data-id=\"5e7a333\" data-element_type=\"container\" data-e-type=\"container\">\n\t\t\t\t\t<div class=\"e-con-inner\">\n\t\t\t\t<div class=\"elementor-element elementor-element-458384b elementor-widget elementor-widget-heading\" data-id=\"458384b\" data-element_type=\"widget\" data-e-type=\"widget\" data-widget_type=\"heading.default\">\n\t\t\t\t<div class=\"elementor-widget-container\">\n\t\t\t\t\t<h2 class=\"elementor-heading-title elementor-size-default\">Video d\u1ef1 \u00e1n<\/h2>\t\t\t\t<\/div>\n\t\t\t\t<\/div>\n\t\t\t\t<div class=\"elementor-element elementor-element-7e38e50 elementor-widget elementor-widget-text-editor\" data-id=\"7e38e50\" data-element_type=\"widget\" data-e-type=\"widget\" data-widget_type=\"text-editor.default\">\n\t\t\t\t<div class=\"elementor-widget-container\">\n\t\t\t\t\t\t\t\t\t<p>Ch\u00fang t\u00f4i t\u1ef1 h\u00e0o cung c\u1ea5p c\u00e1c gi\u1ea3i ph\u00e1p t\u00f9y ch\u1ec9nh \u0111\u1ec3 \u0111\u00e1p \u1ee9ng c\u00e1c y\u00eau c\u1ea7u ri\u00eang bi\u1ec7t c\u1ee7a ho\u1ea1t \u0111\u1ed9ng \u0111\u00f3ng g\u00f3i th\u1ef1c ph\u1ea9m c\u1ee7a b\u1ea1n. B\u0103ng t\u1ea3i c\u1ee7a ch\u00fang t\u00f4i \u0111\u01b0\u1ee3c ch\u1ebf t\u1ea1o b\u1eb1ng v\u1eadt li\u1ec7u ch\u1ea5t l\u01b0\u1ee3ng cao, \u0111\u1ea3m b\u1ea3o \u0111\u1ed9 b\u1ec1n, v\u1ec7 sinh v\u00e0 tu\u00e2n th\u1ee7 c\u00e1c ti\u00eau chu\u1ea9n an to\u00e0n th\u1ef1c ph\u1ea9m. V\u1edbi c\u00e1c t\u00ednh n\u0103ng c\u00f3 th\u1ec3 \u0111i\u1ec1u ch\u1ec9nh, ch\u1eb3ng h\u1ea1n nh\u01b0 ki\u1ec3m so\u00e1t t\u1ed1c \u0111\u1ed9, \u0111i\u1ec1u ch\u1ec9nh \u0111\u1ed9 cao v\u00e0 c\u1ea5u h\u00ecnh t\u00f9y ch\u1ec9nh, b\u0103ng t\u1ea3i c\u1ee7a ch\u00fang t\u00f4i c\u00f3 th\u1ec3 \u0111\u01b0\u1ee3c \u0111i\u1ec1u ch\u1ec9nh theo nhu c\u1ea7u c\u1ee5 th\u1ec3 c\u1ee7a b\u1ea1n.<\/p>\t\t\t\t\t\t\t\t<\/div>\n\t\t\t\t<\/div>\n\t\t\t\t\t<\/div>\n\t\t\t\t<\/div>\n\t\t<div class=\"elementor-element elementor-element-0648819 e-flex e-con-boxed e-con e-parent\" data-id=\"0648819\" data-element_type=\"container\" data-e-type=\"container\">\n\t\t\t\t\t<div class=\"e-con-inner\">\n\t\t<div class=\"elementor-element elementor-element-3bdecad e-con-full e-flex e-con e-child\" data-id=\"3bdecad\" data-element_type=\"container\" data-e-type=\"container\">\n\t\t\t\t<div class=\"elementor-element elementor-element-8c9f811 elementor-widget elementor-widget-video\" data-id=\"8c9f811\" data-element_type=\"widget\" data-e-type=\"widget\" data-settings=\"{&quot;youtube_url&quot;:&quot;https:\\\/\\\/youtu.be\\\/gKlaVMhFjf0&quot;,&quot;video_type&quot;:&quot;youtube&quot;,&quot;controls&quot;:&quot;yes&quot;}\" data-widget_type=\"video.default\">\n\t\t\t\t<div class=\"elementor-widget-container\">\n\t\t\t\t\t\t\t<div class=\"elementor-wrapper elementor-open-inline\">\n\t\t\t<div class=\"elementor-video\"><\/div>\t\t<\/div>\n\t\t\t\t\t\t<\/div>\n\t\t\t\t<\/div>\n\t\t\t\t<div class=\"elementor-element elementor-element-e13aa38 elementor-widget elementor-widget-heading\" data-id=\"e13aa38\" data-element_type=\"widget\" data-e-type=\"widget\" data-widget_type=\"heading.default\">\n\t\t\t\t<div class=\"elementor-widget-container\">\n\t\t\t\t\t<h2 class=\"elementor-heading-title elementor-size-default\">Bao b\u00ec th\u1ecbt vi\u00ean<\/h2>\t\t\t\t<\/div>\n\t\t\t\t<\/div>\n\t\t\t\t<div class=\"elementor-element elementor-element-ee9e224 elementor-widget elementor-widget-text-editor\" data-id=\"ee9e224\" data-element_type=\"widget\" data-e-type=\"widget\" data-widget_type=\"text-editor.default\">\n\t\t\t\t<div class=\"elementor-widget-container\">\n\t\t\t\t\t\t\t\t\t<p>Th\u1ecbt vi\u00ean l\u00e0 th\u1ef1c ph\u1ea9m \u0111\u00f4ng l\u1ea1nh, sau \u0111\u00f3 s\u1eed d\u1ee5ng b\u0103ng t\u1ea3i PP \u0111\u1ec3 \u0111\u01b0a v\u00e0o m\u00e1y c\u00e2n nhi\u1ec1u \u0111\u1ea7u l\u00e0 gi\u1ea3i ph\u00e1p t\u1ed1t nh\u1ea5t, v\u00ec d\u1ec5 r\u1eeda v\u00e0 t\u00ednh n\u0103ng li\u00ean \u0111\u1ed9ng gi\u00fap n\u01b0\u1edbc c\u00f3 th\u1ec3 \u0111i qua b\u0103ng t\u1ea3i. T\u1ed1c \u0111\u1ed9 \u0111\u00f3ng g\u00f3i l\u00e0 60 t\u00fai\/ph\u00fat, v\u1edbi 500 gram.<\/p>\t\t\t\t\t\t\t\t<\/div>\n\t\t\t\t<\/div>\n\t\t\t\t<\/div>\n\t\t<div class=\"elementor-element elementor-element-35bcb3c e-con-full e-flex e-con e-child\" data-id=\"35bcb3c\" data-element_type=\"container\" data-e-type=\"container\">\n\t\t\t\t<div class=\"elementor-element elementor-element-626c016 elementor-widget elementor-widget-video\" data-id=\"626c016\" data-element_type=\"widget\" data-e-type=\"widget\" data-settings=\"{&quot;youtube_url&quot;:&quot;https:\\\/\\\/youtu.be\\\/pPQvgWpFeXw&quot;,&quot;video_type&quot;:&quot;youtube&quot;,&quot;controls&quot;:&quot;yes&quot;}\" data-widget_type=\"video.default\">\n\t\t\t\t<div class=\"elementor-widget-container\">\n\t\t\t\t\t\t\t<div class=\"elementor-wrapper elementor-open-inline\">\n\t\t\t<div class=\"elementor-video\"><\/div>\t\t<\/div>\n\t\t\t\t\t\t<\/div>\n\t\t\t\t<\/div>\n\t\t\t\t<div class=\"elementor-element elementor-element-874feba elementor-widget elementor-widget-heading\" data-id=\"874feba\" data-element_type=\"widget\" data-e-type=\"widget\" data-widget_type=\"heading.default\">\n\t\t\t\t<div class=\"elementor-widget-container\">\n\t\t\t\t\t<h2 class=\"elementor-heading-title elementor-size-default\">B\u0103ng t\u1ea3i ngang\n<\/h2>\t\t\t\t<\/div>\n\t\t\t\t<\/div>\n\t\t\t\t<div class=\"elementor-element elementor-element-fdbc445 elementor-widget elementor-widget-text-editor\" data-id=\"fdbc445\" data-element_type=\"widget\" data-e-type=\"widget\" data-widget_type=\"text-editor.default\">\n\t\t\t\t<div class=\"elementor-widget-container\">\n\t\t\t\t\t\t\t\t\t<p>Cho d\u00f9 b\u1ea1n c\u1ea7n v\u1eadn chuy\u1ec3n c\u00e1c m\u1eb7t h\u00e0ng r\u1eddi, g\u00f3i h\u00e0ng hay linh ki\u1ec7n, b\u0103ng t\u1ea3i ngang c\u1ee7a ch\u00fang t\u00f4i \u0111\u1ea3m b\u1ea3o chuy\u1ec3n \u0111\u1ed9ng tr\u01a1n tru v\u00e0 kh\u00f4ng b\u1ecb gi\u00e1n \u0111o\u1ea1n, n\u00e2ng cao n\u0103ng su\u1ea5t trong ho\u1ea1t \u0111\u1ed9ng c\u1ee7a b\u1ea1n.<span style=\"text-align: var(--text-align); font-size: 1rem;\">B\u0103ng t\u1ea3i n\u1eb1m ngang d\u00e0i 6 m\u00e9t, chi\u1ec1u r\u1ed9ng b\u0103ng t\u1ea3i kho\u1ea3ng 450mm, c\u00f3 hai v\u00e1ch b\u00ean b\u1eb1ng th\u00e9p kh\u00f4ng g\u1ec9 c\u00f3 th\u1ec3 \u0111i\u1ec1u ch\u1ec9nh \u0111\u01b0\u1ee3c.\u00a0<\/span><\/p>\t\t\t\t\t\t\t\t<\/div>\n\t\t\t\t<\/div>\n\t\t\t\t<\/div>\n\t\t<div class=\"elementor-element elementor-element-c741927 e-con-full e-flex e-con e-child\" data-id=\"c741927\" data-element_type=\"container\" data-e-type=\"container\">\n\t\t\t\t<div class=\"elementor-element elementor-element-d982020 elementor-widget elementor-widget-video\" data-id=\"d982020\" data-element_type=\"widget\" data-e-type=\"widget\" data-settings=\"{&quot;youtube_url&quot;:&quot;https:\\\/\\\/youtu.be\\\/FELjcyn4H_c&quot;,&quot;video_type&quot;:&quot;youtube&quot;,&quot;controls&quot;:&quot;yes&quot;}\" data-widget_type=\"video.default\">\n\t\t\t\t<div class=\"elementor-widget-container\">\n\t\t\t\t\t\t\t<div class=\"elementor-wrapper elementor-open-inline\">\n\t\t\t<div class=\"elementor-video\"><\/div>\t\t<\/div>\n\t\t\t\t\t\t<\/div>\n\t\t\t\t<\/div>\n\t\t\t\t<div class=\"elementor-element elementor-element-30c2245 elementor-widget elementor-widget-heading\" data-id=\"30c2245\" data-element_type=\"widget\" data-e-type=\"widget\" data-widget_type=\"heading.default\">\n\t\t\t\t<div class=\"elementor-widget-container\">\n\t\t\t\t\t<h2 class=\"elementor-heading-title elementor-size-default\">C\u00e1ch th\u00e1o r\u1eddi v\u00e0 v\u1ec7 sinh b\u0103ng t\u1ea3i tr\u1ee5c v\u00edt<\/h2>\t\t\t\t<\/div>\n\t\t\t\t<\/div>\n\t\t\t\t<div class=\"elementor-element elementor-element-9f0e028 elementor-widget elementor-widget-text-editor\" data-id=\"9f0e028\" data-element_type=\"widget\" data-e-type=\"widget\" data-widget_type=\"text-editor.default\">\n\t\t\t\t<div class=\"elementor-widget-container\">\n\t\t\t\t\t\t\t\t\t<p>T\u00ecm hi\u1ec3u c\u00e1ch th\u00e1o r\u1eddi v\u00e0 v\u1ec7 sinh b\u0103ng t\u1ea3i tr\u1ee5c v\u00edt hi\u1ec7u qu\u1ea3 v\u1edbi h\u01b0\u1edbng d\u1eabn video t\u1eebng b\u01b0\u1edbc c\u1ee7a ch\u00fang t\u00f4i. H\u01b0\u1edbng d\u1eabn th\u00f4ng tin c\u1ee7a ch\u00fang t\u00f4i cung c\u1ea5p nh\u1eefng hi\u1ec3u bi\u1ebft c\u00f3 gi\u00e1 tr\u1ecb v\u1ec1 c\u00e1c k\u1ef9 thu\u1eadt v\u00e0 c\u00f4ng c\u1ee5 ph\u00f9 h\u1ee3p c\u1ea7n thi\u1ebft \u0111\u1ec3 b\u1ea3o tr\u00ec h\u1ec7 th\u1ed1ng b\u0103ng t\u1ea3i tr\u1ee5c v\u00edt c\u1ee7a b\u1ea1n<\/p>\t\t\t\t\t\t\t\t<\/div>\n\t\t\t\t<\/div>\n\t\t\t\t<\/div>\n\t\t\t\t\t<\/div>\n\t\t\t\t<\/div>\n\t\t<div class=\"elementor-element elementor-element-253316b e-flex e-con-boxed e-con e-parent\" data-id=\"253316b\" data-element_type=\"container\" data-e-type=\"container\">\n\t\t\t\t\t<div class=\"e-con-inner\">\n\t\t<div class=\"elementor-element elementor-element-79ffdf4 e-con-full e-flex e-con e-child\" data-id=\"79ffdf4\" data-element_type=\"container\" data-e-type=\"container\">\n\t\t\t\t<div class=\"elementor-element elementor-element-37f558d elementor-widget elementor-widget-video\" data-id=\"37f558d\" data-element_type=\"widget\" data-e-type=\"widget\" data-settings=\"{&quot;youtube_url&quot;:&quot;https:\\\/\\\/youtu.be\\\/AG_Oz6l6YM8&quot;,&quot;video_type&quot;:&quot;youtube&quot;,&quot;controls&quot;:&quot;yes&quot;}\" data-widget_type=\"video.default\">\n\t\t\t\t<div class=\"elementor-widget-container\">\n\t\t\t\t\t\t\t<div class=\"elementor-wrapper elementor-open-inline\">\n\t\t\t<div class=\"elementor-video\"><\/div>\t\t<\/div>\n\t\t\t\t\t\t<\/div>\n\t\t\t\t<\/div>\n\t\t\t\t<div class=\"elementor-element elementor-element-624fe45 elementor-widget elementor-widget-heading\" data-id=\"624fe45\" data-element_type=\"widget\" data-e-type=\"widget\" data-widget_type=\"heading.default\">\n\t\t\t\t<div class=\"elementor-widget-container\">\n\t\t\t\t\t<h2 class=\"elementor-heading-title elementor-size-default\">B\u0103ng t\u1ea3i takeaway &amp; B\u00e0n xoay<\/h2>\t\t\t\t<\/div>\n\t\t\t\t<\/div>\n\t\t\t\t<div class=\"elementor-element elementor-element-c0a9aee elementor-widget elementor-widget-text-editor\" data-id=\"c0a9aee\" data-element_type=\"widget\" data-e-type=\"widget\" data-widget_type=\"text-editor.default\">\n\t\t\t\t<div class=\"elementor-widget-container\">\n\t\t\t\t\t\t\t\t\t<p>B\u0103ng t\u1ea3i l\u1ea5y ra s\u1ebd l\u1ea5y nh\u1eefng bao \u0111\u00e3 ho\u00e0n th\u00e0nh ra kh\u1ecfi m\u00e1y \u0111\u00f3ng g\u00f3i v\u00e0 n\u00e2ng ch\u00fang l\u00ean h\u1ec7 th\u1ed1ng ki\u1ec3m tra ho\u1eb7c b\u00e0n \u0111\u00f3ng g\u00f3i ho\u1eb7c b\u00e0n xoay<\/p>\t\t\t\t\t\t\t\t<\/div>\n\t\t\t\t<\/div>\n\t\t\t\t<\/div>\n\t\t<div class=\"elementor-element elementor-element-9fb9c39 e-con-full e-flex e-con e-child\" data-id=\"9fb9c39\" data-element_type=\"container\" data-e-type=\"container\">\n\t\t\t\t<div class=\"elementor-element elementor-element-cd68346 elementor-widget elementor-widget-video\" data-id=\"cd68346\" data-element_type=\"widget\" data-e-type=\"widget\" data-settings=\"{&quot;youtube_url&quot;:&quot;https:\\\/\\\/youtu.be\\\/Rs0Zf0T-SWU&quot;,&quot;video_type&quot;:&quot;youtube&quot;,&quot;controls&quot;:&quot;yes&quot;}\" data-widget_type=\"video.default\">\n\t\t\t\t<div class=\"elementor-widget-container\">\n\t\t\t\t\t\t\t<div class=\"elementor-wrapper elementor-open-inline\">\n\t\t\t<div class=\"elementor-video\"><\/div>\t\t<\/div>\n\t\t\t\t\t\t<\/div>\n\t\t\t\t<\/div>\n\t\t\t\t<div class=\"elementor-element elementor-element-c54a0b2 elementor-widget elementor-widget-heading\" data-id=\"c54a0b2\" data-element_type=\"widget\" data-e-type=\"widget\" data-widget_type=\"heading.default\">\n\t\t\t\t<div class=\"elementor-widget-container\">\n\t\t\t\t\t<h2 class=\"elementor-heading-title elementor-size-default\">B\u0103ng t\u1ea3i rung<\/h2>\t\t\t\t<\/div>\n\t\t\t\t<\/div>\n\t\t\t\t<div class=\"elementor-element elementor-element-d122b45 elementor-widget elementor-widget-text-editor\" data-id=\"d122b45\" data-element_type=\"widget\" data-e-type=\"widget\" data-widget_type=\"text-editor.default\">\n\t\t\t\t<div class=\"elementor-widget-container\">\n\t\t\t\t\t\t\t\t\t<p>V\u1edbi b\u1ec1 m\u1eb7t c\u00f3 r\u00e3nh, b\u0103ng t\u1ea3i n\u00e0y cung c\u1ea5p gi\u1ea3i ph\u00e1p \u0111\u1ed9c \u0111\u00e1o \u0111\u1ec3 v\u1eadn chuy\u1ec3n hi\u1ec7u qu\u1ea3 c\u00e1c v\u1eadt li\u1ec7u c\u00f3 xu h\u01b0\u1edbng b\u00e1m d\u00ednh trong qu\u00e1 tr\u00ecnh v\u1eadn chuy\u1ec3n.\u00a0<\/p>\t\t\t\t\t\t\t\t<\/div>\n\t\t\t\t<\/div>\n\t\t\t\t<\/div>\n\t\t<div class=\"elementor-element elementor-element-bd1e996 e-con-full e-flex e-con e-child\" data-id=\"bd1e996\" data-element_type=\"container\" data-e-type=\"container\">\n\t\t\t\t<div class=\"elementor-element elementor-element-07d3daf elementor-widget elementor-widget-video\" data-id=\"07d3daf\" data-element_type=\"widget\" data-e-type=\"widget\" data-settings=\"{&quot;youtube_url&quot;:&quot;https:\\\/\\\/youtu.be\\\/XmBeYsIQJ60&quot;,&quot;video_type&quot;:&quot;youtube&quot;,&quot;controls&quot;:&quot;yes&quot;}\" data-widget_type=\"video.default\">\n\t\t\t\t<div class=\"elementor-widget-container\">\n\t\t\t\t\t\t\t<div class=\"elementor-wrapper elementor-open-inline\">\n\t\t\t<div class=\"elementor-video\"><\/div>\t\t<\/div>\n\t\t\t\t\t\t<\/div>\n\t\t\t\t<\/div>\n\t\t\t\t<div class=\"elementor-element elementor-element-70094f9 elementor-widget elementor-widget-heading\" data-id=\"70094f9\" data-element_type=\"widget\" data-e-type=\"widget\" data-widget_type=\"heading.default\">\n\t\t\t\t<div class=\"elementor-widget-container\">\n\t\t\t\t\t<h2 class=\"elementor-heading-title elementor-size-default\">B\u0103ng t\u1ea3i n\u00e2ng g\u1ea7u th\u00e9p kh\u00f4ng g\u1ec9<\/h2>\t\t\t\t<\/div>\n\t\t\t\t<\/div>\n\t\t\t\t<div class=\"elementor-element elementor-element-ee1f1ca elementor-widget elementor-widget-text-editor\" data-id=\"ee1f1ca\" data-element_type=\"widget\" data-e-type=\"widget\" data-widget_type=\"text-editor.default\">\n\t\t\t\t<div class=\"elementor-widget-container\">\n\t\t\t\t\t\t\t\t\t<p>H\u00e3y tin t\u01b0\u1edfng v\u00e0o b\u0103ng t\u1ea3i n\u00e2ng g\u1ea7u th\u00e9p kh\u00f4ng g\u1ec9 c\u1ee7a ch\u00fang t\u00f4i \u0111\u1ec3 n\u00e2ng cao ho\u1ea1t \u0111\u1ed9ng x\u1eed l\u00fd v\u1eadt li\u1ec7u theo chi\u1ec1u th\u1eb3ng \u0111\u1ee9ng c\u1ee7a b\u1ea1n, mang l\u1ea1i \u0111\u1ed9 tin c\u1eady, \u0111\u1ed9 b\u1ec1n v\u00e0 v\u1ec7 sinh ngay c\u1ea3 cho nh\u1eefng \u1ee9ng d\u1ee5ng kh\u1eaft khe nh\u1ea5t.<\/p>\t\t\t\t\t\t\t\t<\/div>\n\t\t\t\t<\/div>\n\t\t\t\t<\/div>\n\t\t\t\t\t<\/div>\n\t\t\t\t<\/div>\n\t\t<div class=\"elementor-element elementor-element-94515f6 e-flex e-con-boxed e-con e-parent\" data-id=\"94515f6\" data-element_type=\"container\" data-e-type=\"container\">\n\t\t\t\t\t<div class=\"e-con-inner\">\n\t\t<div class=\"elementor-element elementor-element-7d27db7 e-con-full e-flex e-con e-child\" data-id=\"7d27db7\" data-element_type=\"container\" data-e-type=\"container\">\n\t\t\t\t<div class=\"elementor-element elementor-element-b4a982b elementor-widget elementor-widget-video\" data-id=\"b4a982b\" data-element_type=\"widget\" data-e-type=\"widget\" data-settings=\"{&quot;youtube_url&quot;:&quot;https:\\\/\\\/youtu.be\\\/rgKEVu-J7i4&quot;,&quot;video_type&quot;:&quot;youtube&quot;,&quot;controls&quot;:&quot;yes&quot;}\" data-widget_type=\"video.default\">\n\t\t\t\t<div class=\"elementor-widget-container\">\n\t\t\t\t\t\t\t<div class=\"elementor-wrapper elementor-open-inline\">\n\t\t\t<div class=\"elementor-video\"><\/div>\t\t<\/div>\n\t\t\t\t\t\t<\/div>\n\t\t\t\t<\/div>\n\t\t\t\t<div class=\"elementor-element elementor-element-31a5d5f elementor-widget elementor-widget-heading\" data-id=\"31a5d5f\" data-element_type=\"widget\" data-e-type=\"widget\" data-widget_type=\"heading.default\">\n\t\t\t\t<div class=\"elementor-widget-container\">\n\t\t\t\t\t<h2 class=\"elementor-heading-title elementor-size-default\">M\u00e1y \u0111\u00f3ng g\u00f3i b\u00e1nh k\u1eb9o<\/h2>\t\t\t\t<\/div>\n\t\t\t\t<\/div>\n\t\t\t\t<div class=\"elementor-element elementor-element-baa9e06 elementor-widget elementor-widget-text-editor\" data-id=\"baa9e06\" data-element_type=\"widget\" data-e-type=\"widget\" data-widget_type=\"text-editor.default\">\n\t\t\t\t<div class=\"elementor-widget-container\">\n\t\t\t\t\t\t\t\t\t<p>H\u1ec7 th\u1ed1ng v\u1eadn chuy\u1ec3n v\u00e0 \u0111\u00f3ng g\u00f3i k\u1eb9o d\u1ebbo c\u1ee7a ch\u00fang t\u00f4i \u0111\u01b0\u1ee3c thi\u1ebft k\u1ebf \u0111\u1ec3 v\u1eadn chuy\u1ec3n nh\u1eb9 nh\u00e0ng c\u00e1c lo\u1ea1i k\u1eb9o m\u1ec1m v\u00e0 d\u1ebbo m\u00e0 kh\u00f4ng g\u00e2y h\u01b0 h\u1ecfng v\u00e0 ho\u1ea1t \u0111\u1ed9ng tr\u01a1n tru.<\/p>\t\t\t\t\t\t\t\t<\/div>\n\t\t\t\t<\/div>\n\t\t\t\t<\/div>\n\t\t\t\t\t<\/div>\n\t\t\t\t<\/div>\n\t\t\t\t<\/div>","protected":false},"excerpt":{"rendered":"<p>Project Videos We take pride in delivering customized solutions to meet the unique requirements of your food packaging operations. Our conveyors are crafted using high-quality materials, ensuring durability, hygiene, and compliance with food safety standards. With adjustable features, such as speed controls, height adjustments, and customizable configurations, our conveyors can be tailored to your specific [&hellip;]<\/p>\n","protected":false},"author":1,"featured_media":7197,"parent":0,"menu_order":0,"comment_status":"closed","ping_status":"closed","template":"","meta":{"two_page_speed":[],"footnotes":""},"class_list":["post-1254","page","type-page","status-publish","has-post-thumbnail","hentry"],"_links":{"self":[{"href":"https:\/\/sepmachinery.com\/vi\/wp-json\/wp\/v2\/pages\/1254","targetHints":{"allow":["GET"]}}],"collection":[{"href":"https:\/\/sepmachinery.com\/vi\/wp-json\/wp\/v2\/pages"}],"about":[{"href":"https:\/\/sepmachinery.com\/vi\/wp-json\/wp\/v2\/types\/page"}],"author":[{"embeddable":true,"href":"https:\/\/sepmachinery.com\/vi\/wp-json\/wp\/v2\/users\/1"}],"replies":[{"embeddable":true,"href":"https:\/\/sepmachinery.com\/vi\/wp-json\/wp\/v2\/comments?post=1254"}],"version-history":[{"count":81,"href":"https:\/\/sepmachinery.com\/vi\/wp-json\/wp\/v2\/pages\/1254\/revisions"}],"predecessor-version":[{"id":8183,"href":"https:\/\/sepmachinery.com\/vi\/wp-json\/wp\/v2\/pages\/1254\/revisions\/8183"}],"wp:featuredmedia":[{"embeddable":true,"href":"https:\/\/sepmachinery.com\/vi\/wp-json\/wp\/v2\/media\/7197"}],"wp:attachment":[{"href":"https:\/\/sepmachinery.com\/vi\/wp-json\/wp\/v2\/media?parent=1254"}],"curies":[{"name":"wp","href":"https:\/\/api.w.org\/{rel}","templated":true}]}}