{"id":138,"date":"2017-07-13T22:25:40","date_gmt":"2017-07-13T22:25:40","guid":{"rendered":"http:\/\/www.sepmachinery.com\/?page_id=138"},"modified":"2023-07-24T08:21:09","modified_gmt":"2023-07-24T08:21:09","slug":"screw-conveyor","status":"publish","type":"page","link":"https:\/\/sepmachinery.com\/vi\/screw-conveyor\/","title":{"rendered":"B\u0103ng t\u1ea3i tr\u1ee5c v\u00edt"},"content":{"rendered":"<div data-elementor-type=\"wp-page\" data-elementor-id=\"138\" class=\"elementor elementor-138\" data-elementor-post-type=\"page\">\n\t\t\t\t<div class=\"elementor-element elementor-element-749e8c6 e-flex e-con-boxed e-con e-parent\" data-id=\"749e8c6\" data-element_type=\"container\" data-e-type=\"container\">\n\t\t\t\t\t<div class=\"e-con-inner\">\n\t\t<div class=\"elementor-element elementor-element-70bfb76 e-con-full e-flex e-con e-parent\" data-id=\"70bfb76\" data-element_type=\"container\" data-e-type=\"container\">\n\t\t\t\t<div class=\"elementor-element elementor-element-5c0b338 elementor-widget elementor-widget-image\" data-id=\"5c0b338\" data-element_type=\"widget\" data-e-type=\"widget\" data-widget_type=\"image.default\">\n\t\t\t\t<div class=\"elementor-widget-container\">\n\t\t\t\t\t\t\t\t\t\t\t\t\t\t\t<img fetchpriority=\"high\" decoding=\"async\" width=\"700\" height=\"700\" src=\"https:\/\/sepmachinery.com\/wp-content\/uploads\/2023\/06\/screw-conveyor.jpg\" class=\"attachment-1536x1536 size-1536x1536 wp-image-6206\" alt=\"b\u0103ng t\u1ea3i tr\u1ee5c v\u00edt\" srcset=\"https:\/\/sepmachinery.com\/wp-content\/uploads\/2023\/06\/screw-conveyor.jpg 700w, https:\/\/sepmachinery.com\/wp-content\/uploads\/2023\/06\/screw-conveyor-300x300.jpg 300w, https:\/\/sepmachinery.com\/wp-content\/uploads\/2023\/06\/screw-conveyor-80x80.jpg 80w, https:\/\/sepmachinery.com\/wp-content\/uploads\/2023\/06\/screw-conveyor-12x12.jpg 12w\" sizes=\"(max-width: 700px) 100vw, 700px\" \/>\t\t\t\t\t\t\t\t\t\t\t\t\t\t\t<\/div>\n\t\t\t\t<\/div>\n\t\t\t\t<\/div>\n\t\t<div class=\"elementor-element elementor-element-028dda0 e-con-full e-flex e-con e-parent\" data-id=\"028dda0\" data-element_type=\"container\" data-e-type=\"container\">\n\t\t\t\t<div class=\"elementor-element elementor-element-ead8097 elementor-widget elementor-widget-heading\" data-id=\"ead8097\" data-element_type=\"widget\" data-e-type=\"widget\" data-widget_type=\"heading.default\">\n\t\t\t\t<div class=\"elementor-widget-container\">\n\t\t\t\t\t<h1 class=\"elementor-heading-title elementor-size-default\">B\u0103ng t\u1ea3i tr\u1ee5c v\u00edt \u0111\u1ec3 x\u1eed l\u00fd b\u1ed9t s\u1ed1 l\u01b0\u1ee3ng l\u1edbn<\/h1>\t\t\t\t<\/div>\n\t\t\t\t<\/div>\n\t\t\t\t<div class=\"elementor-element elementor-element-ea55326 elementor-widget elementor-widget-text-editor\" data-id=\"ea55326\" data-element_type=\"widget\" data-e-type=\"widget\" data-widget_type=\"text-editor.default\">\n\t\t\t\t<div class=\"elementor-widget-container\">\n\t\t\t\t\t\t\t\t\t<p>Ch\u1ecdn t\u1eeb nhi\u1ec1u k\u00edch c\u1ee1 \u1ed1ng: 114mm, 141mm, 159mm, 168mm, 219mm |<br><\/p>\n<p>Dung t\u00edch ph\u1ec5u c\u00f3 th\u1ec3 m\u1edf r\u1ed9ng t\u1eeb 200L l\u00ean \u0111\u1ebfn 600L \u0111\u1ec3 t\u0103ng c\u01b0\u1eddng kh\u1ea3 n\u0103ng l\u01b0u tr\u1eef |<\/p>\n<p>C\u00f3 th\u1ec3 t\u00f9y ch\u1ec9nh b\u1eb1ng m\u00e1y rung ho\u1eb7c m\u00e1y khu\u1ea5y \u0111\u1ec3 t\u1ea1o lu\u1ed3ng s\u1ea3n ph\u1ea9m tr\u01a1n tru |<\/p>\n<p>L\u01b0\u1ee1i v\u00edt ch\u1eafc ch\u1eafn \u0111\u1ea3m b\u1ea3o v\u1eadn chuy\u1ec3n \u0111\u00e1ng tin c\u1eady |<\/p>\t\t\t\t\t\t\t\t<\/div>\n\t\t\t\t<\/div>\n\t\t\t\t<div class=\"elementor-element elementor-element-64456a0 elementor-align-justify elementor-tablet-align-justify elementor-mobile-align-justify elementor-widget-tablet__width-inherit elementor-invisible elementor-widget elementor-widget-button\" data-id=\"64456a0\" data-element_type=\"widget\" data-e-type=\"widget\" data-settings=\"{&quot;_animation&quot;:&quot;fadeIn&quot;,&quot;_animation_delay&quot;:300}\" data-widget_type=\"button.default\">\n\t\t\t\t<div class=\"elementor-widget-container\">\n\t\t\t\t\t\t\t\t\t<div class=\"elementor-button-wrapper\">\n\t\t\t\t\t<a class=\"elementor-button elementor-button-link elementor-size-sm\" href=\"https:\/\/sepmachinery.com\/vi\/contact-us\/\" target=\"_blank\">\n\t\t\t\t\t\t<span class=\"elementor-button-content-wrapper\">\n\t\t\t\t\t\t<span class=\"elementor-button-icon\">\n\t\t\t\t<svg aria-hidden=\"true\" class=\"e-font-icon-svg e-fas-play\" viewbox=\"0 0 448 512\" xmlns=\"http:\/\/www.w3.org\/2000\/svg\"><path d=\"M424.4 214.7L72.4 6.6C43.8-10.3 0 6.1 0 47.9V464c0 37.5 40.7 60.1 72.4 41.3l352-208c31.4-18.5 31.5-64.1 0-82.6z\"><\/path><\/svg>\t\t\t<\/span>\n\t\t\t\t\t\t\t\t\t<span class=\"elementor-button-text\">Nh\u1eadn b\u00e1o gi\u00e1 ngay<\/span>\n\t\t\t\t\t<\/span>\n\t\t\t\t\t<\/a>\n\t\t\t\t<\/div>\n\t\t\t\t\t\t\t\t<\/div>\n\t\t\t\t<\/div>\n\t\t\t\t<\/div>\n\t\t\t\t\t<\/div>\n\t\t\t\t<\/div>\n\t\t<div class=\"elementor-element elementor-element-f8bd800 e-flex e-con-boxed e-con e-parent\" data-id=\"f8bd800\" data-element_type=\"container\" data-e-type=\"container\">\n\t\t\t\t\t<div class=\"e-con-inner\">\n\t\t\t\t<div class=\"elementor-element elementor-element-52ef5a0 elementor-widget elementor-widget-text-editor\" data-id=\"52ef5a0\" data-element_type=\"widget\" data-e-type=\"widget\" data-widget_type=\"text-editor.default\">\n\t\t\t\t<div class=\"elementor-widget-container\">\n\t\t\t\t\t\t\t\t\t<table><tbody><tr><td>M\u00e1y m\u00f3c th\u00e1ng 9 Model#<\/td><td>TH\u00c1NG 9-S1<\/td><td>TH\u00c1NG 9-5<\/td><td>TH\u00c1NG 9-7<\/td><td>TH\u00c1NG 9-8<\/td><td>TH\u00c1NG 9-10<\/td><\/tr><tr><td>Dung t\u00edch<\/td><td>1-4CBM\/gi\u1edd<\/td><td>5-6CBM\/gi\u1edd<\/td><td>7-8CBM\/gi\u1edd<\/td><td>8-9CBM\/gi\u1edd<\/td><td>10-12CBM\/gi\u1edd<\/td><\/tr><tr><td>\u0110\u01b0\u1eddng k\u00ednh \u1ed1ng<\/td><td>114mm<\/td><td>141mm<\/td><td>159mm<\/td><td>168mm<\/td><td>219mm<\/td><\/tr><tr><td>Ngu\u1ed3n \u0111i\u1ec7n<\/td><td>1,5KW<\/td><td>2,2KW<\/td><td>2,2KW<\/td><td>4KW<\/td><td>4KW<\/td><\/tr><tr><td>Th\u1ec3 t\u00edch ph\u1ec5u<\/td><td>200L-600L<\/td><td>200L-600L<\/td><td>200L-600L<\/td><td>200L-600L<\/td><td>200-600L<\/td><\/tr><tr><td>Chi\u1ec1u cao x\u1ea3<\/td><td>1500mm-3000mm<\/td><td>1500mm-3000mm<\/td><td>1500mm-3000mm<\/td><td>1500mm-3000mm<\/td><td>1500mm-3000mm<\/td><\/tr><tr><td>Lo\u1ea1i ph\u1ec5u (t\u00f9y ch\u1ecdn)<\/td><td>H\u00ecnh ch\u1eef nh\u1eadt\/ tr\u00f2n<\/td><td>H\u00ecnh ch\u1eef nh\u1eadt\/ tr\u00f2n<\/td><td>H\u00ecnh ch\u1eef nh\u1eadt\/ tr\u00f2n<\/td><td>H\u00ecnh ch\u1eef nh\u1eadt\/ tr\u00f2n<\/td><td>H\u00ecnh ch\u1eef nh\u1eadt\/tr\u00f2n<\/td><\/tr><\/tbody><\/table>\t\t\t\t\t\t\t\t<\/div>\n\t\t\t\t<\/div>\n\t\t\t\t\t<\/div>\n\t\t\t\t<\/div>\n\t\t<div class=\"elementor-element elementor-element-f734566 e-flex e-con-boxed e-con e-parent\" data-id=\"f734566\" data-element_type=\"container\" data-e-type=\"container\">\n\t\t\t\t\t<div class=\"e-con-inner\">\n\t\t\t\t<div class=\"elementor-element elementor-element-0769683 elementor-widget elementor-widget-gallery\" data-id=\"0769683\" data-element_type=\"widget\" data-e-type=\"widget\" data-settings=\"{&quot;lazyload&quot;:&quot;yes&quot;,&quot;gallery_layout&quot;:&quot;grid&quot;,&quot;columns&quot;:4,&quot;columns_tablet&quot;:2,&quot;columns_mobile&quot;:1,&quot;gap&quot;:{&quot;unit&quot;:&quot;px&quot;,&quot;size&quot;:10,&quot;sizes&quot;:[]},&quot;gap_tablet&quot;:{&quot;unit&quot;:&quot;px&quot;,&quot;size&quot;:10,&quot;sizes&quot;:[]},&quot;gap_mobile&quot;:{&quot;unit&quot;:&quot;px&quot;,&quot;size&quot;:10,&quot;sizes&quot;:[]},&quot;link_to&quot;:&quot;file&quot;,&quot;aspect_ratio&quot;:&quot;3:2&quot;,&quot;overlay_background&quot;:&quot;yes&quot;,&quot;content_hover_animation&quot;:&quot;fade-in&quot;}\" data-widget_type=\"gallery.default\">\n\t\t\t\t<div class=\"elementor-widget-container\">\n\t\t\t\t\t\t\t<div class=\"elementor-gallery__container\">\n\t\t\t\t\t\t\t<a class=\"e-gallery-item elementor-gallery-item elementor-animated-content\" href=\"https:\/\/sepmachinery.com\/wp-content\/uploads\/2021\/08\/Screw-machine-with-stirring.jpg\" data-elementor-open-lightbox=\"yes\" data-elementor-lightbox-slideshow=\"0769683\" data-elementor-lightbox-title=\"Screw machine with stirring\" data-e-action-hash=\"#elementor-action%3Aaction%3Dlightbox%26settings%3DeyJpZCI6MzU0MCwidXJsIjoiaHR0cHM6XC9cL3NlcG1hY2hpbmVyeS5jb21cL3dwLWNvbnRlbnRcL3VwbG9hZHNcLzIwMjFcLzA4XC9TY3Jldy1tYWNoaW5lLXdpdGgtc3RpcnJpbmcuanBnIiwic2xpZGVzaG93IjoiMDc2OTY4MyJ9\">\n\t\t\t\t\t<div class=\"e-gallery-image elementor-gallery-item__image\" data-thumbnail=\"https:\/\/sepmachinery.com\/wp-content\/uploads\/2021\/08\/Screw-machine-with-stirring-300x225.jpg\" data-width=\"300\" data-height=\"225\" aria-label=\"M\u00e1y tr\u1ee5c v\u00edt c\u00f3 khu\u1ea5y\" role=\"img\" ><\/div>\n\t\t\t\t\t\t\t\t\t\t\t<div class=\"elementor-gallery-item__overlay\"><\/div>\n\t\t\t\t\t\t\t\t\t\t\t\t\t\t<\/a>\n\t\t\t\t\t\t\t<a class=\"e-gallery-item elementor-gallery-item elementor-animated-content\" href=\"https:\/\/sepmachinery.com\/wp-content\/uploads\/2021\/08\/Screw-machine-with-stirring-4.jpg\" data-elementor-open-lightbox=\"yes\" data-elementor-lightbox-slideshow=\"0769683\" data-elementor-lightbox-title=\"Screw machine with stirring 4\" data-e-action-hash=\"#elementor-action%3Aaction%3Dlightbox%26settings%3DeyJpZCI6MzUzOSwidXJsIjoiaHR0cHM6XC9cL3NlcG1hY2hpbmVyeS5jb21cL3dwLWNvbnRlbnRcL3VwbG9hZHNcLzIwMjFcLzA4XC9TY3Jldy1tYWNoaW5lLXdpdGgtc3RpcnJpbmctNC5qcGciLCJzbGlkZXNob3ciOiIwNzY5NjgzIn0%3D\">\n\t\t\t\t\t<div class=\"e-gallery-image elementor-gallery-item__image\" data-thumbnail=\"https:\/\/sepmachinery.com\/wp-content\/uploads\/2021\/08\/Screw-machine-with-stirring-4-300x225.jpg\" data-width=\"300\" data-height=\"225\" aria-label=\"M\u00e1y tr\u1ee5c v\u00edt c\u00f3 khu\u1ea5y 4\" role=\"img\" ><\/div>\n\t\t\t\t\t\t\t\t\t\t\t<div class=\"elementor-gallery-item__overlay\"><\/div>\n\t\t\t\t\t\t\t\t\t\t\t\t\t\t<\/a>\n\t\t\t\t\t\t\t<a class=\"e-gallery-item elementor-gallery-item elementor-animated-content\" href=\"https:\/\/sepmachinery.com\/wp-content\/uploads\/2021\/08\/Screw-machine-with-stirring-3.jpg\" data-elementor-open-lightbox=\"yes\" data-elementor-lightbox-slideshow=\"0769683\" data-elementor-lightbox-title=\"Screw machine with stirring 3\" data-e-action-hash=\"#elementor-action%3Aaction%3Dlightbox%26settings%3DeyJpZCI6MzUzOCwidXJsIjoiaHR0cHM6XC9cL3NlcG1hY2hpbmVyeS5jb21cL3dwLWNvbnRlbnRcL3VwbG9hZHNcLzIwMjFcLzA4XC9TY3Jldy1tYWNoaW5lLXdpdGgtc3RpcnJpbmctMy5qcGciLCJzbGlkZXNob3ciOiIwNzY5NjgzIn0%3D\">\n\t\t\t\t\t<div class=\"e-gallery-image elementor-gallery-item__image\" data-thumbnail=\"https:\/\/sepmachinery.com\/wp-content\/uploads\/2021\/08\/Screw-machine-with-stirring-3-300x225.jpg\" data-width=\"300\" data-height=\"225\" aria-label=\"M\u00e1y tr\u1ee5c v\u00edt c\u00f3 khu\u1ea5y 3\" role=\"img\" ><\/div>\n\t\t\t\t\t\t\t\t\t\t\t<div class=\"elementor-gallery-item__overlay\"><\/div>\n\t\t\t\t\t\t\t\t\t\t\t\t\t\t<\/a>\n\t\t\t\t\t\t\t<a class=\"e-gallery-item elementor-gallery-item elementor-animated-content\" href=\"https:\/\/sepmachinery.com\/wp-content\/uploads\/2021\/08\/Screw-machine-with-stirring-2.jpg\" data-elementor-open-lightbox=\"yes\" data-elementor-lightbox-slideshow=\"0769683\" data-elementor-lightbox-title=\"Screw machine with stirring 2\" data-e-action-hash=\"#elementor-action%3Aaction%3Dlightbox%26settings%3DeyJpZCI6MzUzNywidXJsIjoiaHR0cHM6XC9cL3NlcG1hY2hpbmVyeS5jb21cL3dwLWNvbnRlbnRcL3VwbG9hZHNcLzIwMjFcLzA4XC9TY3Jldy1tYWNoaW5lLXdpdGgtc3RpcnJpbmctMi5qcGciLCJzbGlkZXNob3ciOiIwNzY5NjgzIn0%3D\">\n\t\t\t\t\t<div class=\"e-gallery-image elementor-gallery-item__image\" data-thumbnail=\"https:\/\/sepmachinery.com\/wp-content\/uploads\/2021\/08\/Screw-machine-with-stirring-2-300x225.jpg\" data-width=\"300\" data-height=\"225\" aria-label=\"M\u00e1y tr\u1ee5c v\u00edt c\u00f3 khu\u1ea5y 2\" role=\"img\" ><\/div>\n\t\t\t\t\t\t\t\t\t\t\t<div class=\"elementor-gallery-item__overlay\"><\/div>\n\t\t\t\t\t\t\t\t\t\t\t\t\t\t<\/a>\n\t\t\t\t\t<\/div>\n\t\t\t\t\t<\/div>\n\t\t\t\t<\/div>\n\t\t\t\t\t<\/div>\n\t\t\t\t<\/div>\n\t\t<div class=\"elementor-element elementor-element-5c38bc6 elementor-hidden-tablet elementor-hidden-mobile e-flex e-con-boxed e-con e-parent\" data-id=\"5c38bc6\" data-element_type=\"container\" data-e-type=\"container\" data-settings=\"{&quot;background_background&quot;:&quot;classic&quot;}\">\n\t\t\t\t\t<div class=\"e-con-inner\">\n\t\t<div class=\"elementor-element elementor-element-215f4b0 e-flex e-con-boxed e-con e-parent\" data-id=\"215f4b0\" data-element_type=\"container\" data-e-type=\"container\" data-settings=\"{&quot;background_background&quot;:&quot;classic&quot;}\">\n\t\t\t\t\t<div class=\"e-con-inner\">\n\t\t<div class=\"elementor-element elementor-element-cab9149 e-con-full e-flex e-con e-parent\" data-id=\"cab9149\" data-element_type=\"container\" data-e-type=\"container\" data-settings=\"{&quot;background_background&quot;:&quot;classic&quot;}\">\n\t\t<div class=\"elementor-element elementor-element-ab417e8 e-con-full e-flex e-con e-parent\" data-id=\"ab417e8\" data-element_type=\"container\" data-e-type=\"container\">\n\t\t<div class=\"elementor-element elementor-element-58f3ea7 e-con-full e-flex e-con e-parent\" data-id=\"58f3ea7\" data-element_type=\"container\" data-e-type=\"container\">\n\t\t\t\t<div class=\"elementor-element elementor-element-7ceebb1 elementor-widget elementor-widget-heading\" data-id=\"7ceebb1\" data-element_type=\"widget\" data-e-type=\"widget\" data-widget_type=\"heading.default\">\n\t\t\t\t<div class=\"elementor-widget-container\">\n\t\t\t\t\t<h2 class=\"elementor-heading-title elementor-size-xl\">Th\u00e1o r\u1eddi v\u00e0 v\u1ec7 sinh b\u0103ng t\u1ea3i tr\u1ee5c v\u00edt <\/h2>\t\t\t\t<\/div>\n\t\t\t\t<\/div>\n\t\t\t\t<div class=\"elementor-element elementor-element-c0736dc elementor-widget elementor-widget-text-editor\" data-id=\"c0736dc\" data-element_type=\"widget\" data-e-type=\"widget\" data-widget_type=\"text-editor.default\">\n\t\t\t\t<div class=\"elementor-widget-container\">\n\t\t\t\t\t\t\t\t\t<p>Th\u00e1o r\u1eddi v\u00e0 v\u1ec7 sinh b\u0103ng t\u1ea3i b\u1eb1ng c\u00e1ch th\u00e1o n\u1eafp tr\u1ee5c v\u00edt v\u00e0 l\u01b0\u1ee1i dao, th\u00e1o r\u1eddi c\u00e1c \u0111o\u1ea1n \u1ed1ng v\u00e0 v\u1ec7 sinh k\u1ef9 l\u01b0\u1ee1ng t\u1eebng b\u1ed9 ph\u1eadn tr\u01b0\u1edbc khi l\u1eafp r\u00e1p l\u1ea1i \u0111\u1ec3 v\u1eadn chuy\u1ec3n b\u1ed9t hi\u1ec7u qu\u1ea3<\/p>\t\t\t\t\t\t\t\t<\/div>\n\t\t\t\t<\/div>\n\t\t\t\t<div class=\"elementor-element elementor-element-6860f7a elementor-align-justify elementor-tablet-align-justify elementor-mobile-align-justify elementor-widget-tablet__width-inherit elementor-invisible elementor-widget elementor-widget-button\" data-id=\"6860f7a\" data-element_type=\"widget\" data-e-type=\"widget\" data-settings=\"{&quot;_animation&quot;:&quot;fadeIn&quot;,&quot;_animation_delay&quot;:300}\" data-widget_type=\"button.default\">\n\t\t\t\t<div class=\"elementor-widget-container\">\n\t\t\t\t\t\t\t\t\t<div class=\"elementor-button-wrapper\">\n\t\t\t\t\t<a class=\"elementor-button elementor-button-link elementor-size-sm\" href=\"https:\/\/sepmachinery.com\/vi\/contact-us\/\" target=\"_blank\">\n\t\t\t\t\t\t<span class=\"elementor-button-content-wrapper\">\n\t\t\t\t\t\t<span class=\"elementor-button-icon\">\n\t\t\t\t<svg aria-hidden=\"true\" class=\"e-font-icon-svg e-fas-play\" viewbox=\"0 0 448 512\" xmlns=\"http:\/\/www.w3.org\/2000\/svg\"><path d=\"M424.4 214.7L72.4 6.6C43.8-10.3 0 6.1 0 47.9V464c0 37.5 40.7 60.1 72.4 41.3l352-208c31.4-18.5 31.5-64.1 0-82.6z\"><\/path><\/svg>\t\t\t<\/span>\n\t\t\t\t\t\t\t\t\t<span class=\"elementor-button-text\">Nh\u1eadn b\u00e1o gi\u00e1 ngay<\/span>\n\t\t\t\t\t<\/span>\n\t\t\t\t\t<\/a>\n\t\t\t\t<\/div>\n\t\t\t\t\t\t\t\t<\/div>\n\t\t\t\t<\/div>\n\t\t\t\t<\/div>\n\t\t<div class=\"elementor-element elementor-element-6a83dd8 e-con-full e-flex e-con e-parent\" data-id=\"6a83dd8\" data-element_type=\"container\" data-e-type=\"container\">\n\t\t\t\t<div class=\"elementor-element elementor-element-ffe8edf elementor-widget elementor-widget-video\" data-id=\"ffe8edf\" data-element_type=\"widget\" data-e-type=\"widget\" data-settings=\"{&quot;youtube_url&quot;:&quot;https:\\\/\\\/youtu.be\\\/FELjcyn4H_c&quot;,&quot;autoplay&quot;:&quot;yes&quot;,&quot;mute&quot;:&quot;yes&quot;,&quot;loop&quot;:&quot;yes&quot;,&quot;yt_privacy&quot;:&quot;yes&quot;,&quot;video_type&quot;:&quot;youtube&quot;}\" data-widget_type=\"video.default\">\n\t\t\t\t<div class=\"elementor-widget-container\">\n\t\t\t\t\t\t\t<div class=\"elementor-wrapper elementor-open-inline\">\n\t\t\t<div class=\"elementor-video\"><\/div>\t\t<\/div>\n\t\t\t\t\t\t<\/div>\n\t\t\t\t<\/div>\n\t\t\t\t<\/div>\n\t\t\t\t<\/div>\n\t\t\t\t<\/div>\n\t\t\t\t\t<\/div>\n\t\t\t\t<\/div>\n\t\t\t\t\t<\/div>\n\t\t\t\t<\/div>\n\t\t<div class=\"elementor-element elementor-element-1aba165 elementor-hidden-desktop e-flex e-con-boxed e-con e-parent\" data-id=\"1aba165\" data-element_type=\"container\" data-e-type=\"container\" data-settings=\"{&quot;background_background&quot;:&quot;classic&quot;}\">\n\t\t\t\t\t<div class=\"e-con-inner\">\n\t\t\t\t<div class=\"elementor-element elementor-element-18e6066 elementor-widget elementor-widget-heading\" data-id=\"18e6066\" data-element_type=\"widget\" data-e-type=\"widget\" data-widget_type=\"heading.default\">\n\t\t\t\t<div class=\"elementor-widget-container\">\n\t\t\t\t\t<h2 class=\"elementor-heading-title elementor-size-default\">Th\u00e1o r\u1eddi v\u00e0 v\u1ec7 sinh b\u0103ng t\u1ea3i tr\u1ee5c v\u00edt <\/h2>\t\t\t\t<\/div>\n\t\t\t\t<\/div>\n\t\t\t\t<div class=\"elementor-element elementor-element-0a21931 elementor-widget elementor-widget-video\" data-id=\"0a21931\" data-element_type=\"widget\" data-e-type=\"widget\" data-settings=\"{&quot;youtube_url&quot;:&quot;https:\\\/\\\/youtu.be\\\/FELjcyn4H_c&quot;,&quot;end&quot;:93,&quot;autoplay&quot;:&quot;yes&quot;,&quot;play_on_mobile&quot;:&quot;yes&quot;,&quot;mute&quot;:&quot;yes&quot;,&quot;video_type&quot;:&quot;youtube&quot;,&quot;controls&quot;:&quot;yes&quot;}\" data-widget_type=\"video.default\">\n\t\t\t\t<div class=\"elementor-widget-container\">\n\t\t\t\t\t\t\t<div class=\"elementor-wrapper elementor-open-inline\">\n\t\t\t<div class=\"elementor-video\"><\/div>\t\t<\/div>\n\t\t\t\t\t\t<\/div>\n\t\t\t\t<\/div>\n\t\t\t\t\t<\/div>\n\t\t\t\t<\/div>\n\t\t\t\t<\/div>","protected":false},"excerpt":{"rendered":"<p>Screw Conveyors for bulk powder handling Choose from a Range of Tube Sizes: 114mm, 141mm, 159mm, 168mm, 219mm | Expandable Hopper Capacity from 200L up to 600L for Enhanced Storage | Customizable with Vibrator or Agitator for Smooth Product Flow | Robust Auger Blade Ensures Reliable Transportation | Get A Quote Now September Machinery Model# [&hellip;]<\/p>\n","protected":false},"author":1,"featured_media":6206,"parent":0,"menu_order":0,"comment_status":"closed","ping_status":"closed","template":"","meta":{"two_page_speed":[],"footnotes":""},"class_list":["post-138","page","type-page","status-publish","has-post-thumbnail","hentry"],"_links":{"self":[{"href":"https:\/\/sepmachinery.com\/vi\/wp-json\/wp\/v2\/pages\/138","targetHints":{"allow":["GET"]}}],"collection":[{"href":"https:\/\/sepmachinery.com\/vi\/wp-json\/wp\/v2\/pages"}],"about":[{"href":"https:\/\/sepmachinery.com\/vi\/wp-json\/wp\/v2\/types\/page"}],"author":[{"embeddable":true,"href":"https:\/\/sepmachinery.com\/vi\/wp-json\/wp\/v2\/users\/1"}],"replies":[{"embeddable":true,"href":"https:\/\/sepmachinery.com\/vi\/wp-json\/wp\/v2\/comments?post=138"}],"version-history":[{"count":116,"href":"https:\/\/sepmachinery.com\/vi\/wp-json\/wp\/v2\/pages\/138\/revisions"}],"predecessor-version":[{"id":7902,"href":"https:\/\/sepmachinery.com\/vi\/wp-json\/wp\/v2\/pages\/138\/revisions\/7902"}],"wp:featuredmedia":[{"embeddable":true,"href":"https:\/\/sepmachinery.com\/vi\/wp-json\/wp\/v2\/media\/6206"}],"wp:attachment":[{"href":"https:\/\/sepmachinery.com\/vi\/wp-json\/wp\/v2\/media?parent=138"}],"curies":[{"name":"wp","href":"https:\/\/api.w.org\/{rel}","templated":true}]}}