{"id":140,"date":"2017-07-13T22:26:27","date_gmt":"2017-07-13T22:26:27","guid":{"rendered":"http:\/\/www.sepmachinery.com\/?page_id=140"},"modified":"2023-07-04T00:55:28","modified_gmt":"2023-07-04T00:55:28","slug":"takeaway-conveyor","status":"publish","type":"page","link":"https:\/\/sepmachinery.com\/vi\/takeaway-conveyor\/","title":{"rendered":"B\u0103ng chuy\u1ec1n mang \u0111i"},"content":{"rendered":"<div data-elementor-type=\"wp-page\" data-elementor-id=\"140\" class=\"elementor elementor-140\" data-elementor-post-type=\"page\">\n\t\t\t\t<div class=\"elementor-element elementor-element-80f705a e-con-full e-flex e-con e-parent\" data-id=\"80f705a\" data-element_type=\"container\" data-e-type=\"container\">\n\t\t<div class=\"elementor-element elementor-element-7f00e35 e-flex e-con-boxed e-con e-parent\" data-id=\"7f00e35\" data-element_type=\"container\" data-e-type=\"container\" data-settings=\"{&quot;background_background&quot;:&quot;classic&quot;}\">\n\t\t\t\t\t<div class=\"e-con-inner\">\n\t\t\t\t<div class=\"elementor-element elementor-element-2f11920 elementor-widget elementor-widget-heading\" data-id=\"2f11920\" data-element_type=\"widget\" data-e-type=\"widget\" data-widget_type=\"heading.default\">\n\t\t\t\t<div class=\"elementor-widget-container\">\n\t\t\t\t\t<h1 class=\"elementor-heading-title elementor-size-default\">B\u0103ng chuy\u1ec1n mang \u0111i<\/h1>\t\t\t\t<\/div>\n\t\t\t\t<\/div>\n\t\t\t\t<div class=\"elementor-element elementor-element-2fae2cf elementor-widget elementor-widget-text-editor\" data-id=\"2fae2cf\" data-element_type=\"widget\" data-e-type=\"widget\" data-widget_type=\"text-editor.default\">\n\t\t\t\t<div class=\"elementor-widget-container\">\n\t\t\t\t\t\t\t\t\t<p>Cho d\u00f9 s\u1ea3n ph\u1ea9m c\u1ee7a b\u1ea1n l\u00e0 c\u00e0 ph\u00ea, qu\u1ea3 m\u00e2m x\u00f4i \u0111\u00f4ng l\u1ea1nh hay tr\u00e1i c\u00e2y, b\u1ea1n \u0111\u1ec1u mu\u1ed1n s\u1ea3n xu\u1ea5t v\u1edbi ch\u1ea5t l\u01b0\u1ee3ng cao nh\u1ea5t c\u00f3 th\u1ec3 v\u00e0 v\u1edbi bao b\u00ec gi\u00fap b\u1ea1n kh\u00e1c bi\u1ec7t so v\u1edbi \u0111\u1ed1i th\u1ee7 c\u1ea1nh tranh. M\u00e1y m\u00f3c c\u1ee7a ch\u00fang t\u00f4i c\u00f3 th\u1ec3 v\u1eadn chuy\u1ec3n nhi\u1ec1u lo\u1ea1i s\u1ea3n ph\u1ea9m. H\u00e3y l\u1ef1a ch\u1ecdn v\u00e0 kh\u00e1m ph\u00e1 c\u00e1c gi\u1ea3i ph\u00e1p c\u1ee7a ch\u00fang t\u00f4i cho s\u1ea3n ph\u1ea9m c\u1ee7a b\u1ea1n. B\u0103ng t\u1ea3i Take away \u0111\u01b0\u1ee3c ch\u1ebf t\u1ea1o t\u1eeb th\u00e9p kh\u00f4ng g\u1ec9 v\u00e0 thi\u1ebft b\u1ecb c\u00f3 b\u0103ng t\u1ea3i bay d\u1ea1ng m\u00f4-\u0111un (PP), PU ho\u1eb7c PVC \u0111\u1ec3 l\u1ea5y c\u00e1c bao th\u00e0nh ph\u1ea9m ra kh\u1ecfi m\u00e1y t\u1ea1o h\u00ecnh-l\u1ea5p-ni\u00eam phong v\u00e0 n\u00e2ng ch\u00fang l\u00ean h\u1ec7 th\u1ed1ng ki\u1ec3m tra ho\u1eb7c B\u00e0n \u0111\u00f3ng g\u00f3i (c\u00f2n g\u1ecdi l\u00e0 B\u00e0n t\u00edch l\u0169y quay), sau \u0111\u00f3 l\u1ea5y ra th\u1ee7 c\u00f4ng \u1edf n\u01a1i kh\u00e1c<\/p><h3>Th\u00f4ng s\u1ed1 b\u0103ng t\u1ea3i tho\u00e1t:<\/h3><ul><li>Chi\u1ec1u r\u1ed9ng \u0111ai ti\u00eau chu\u1ea9n: 250mm<\/li><li>Lo\u1ea1i d\u00e2y \u0111ai ti\u00eau chu\u1ea9n: PP, PVC v\u00e0 PU<\/li><li>Chi\u1ec1u cao x\u1ea3 ti\u00eau chu\u1ea9n: 900mm<\/li><\/ul><p>H\u1ed9p \u0111i\u1ec1u khi\u1ec3n t\u1ed1c \u0111\u1ed9 \u0111\u1ed9c l\u1eadp, bao g\u1ed3m d\u1eebng, \u0111i\u1ec1u ch\u1ec9nh t\u1ed1c \u0111\u1ed9 v\u00e0 d\u1eebng kh\u1ea9n c\u1ea5p<\/p><p>T\u1ed1c \u0111\u1ed9 c\u00f3 th\u1ec3 \u0111i\u1ec1u ch\u1ec9nh<\/p><p>V\u1eadt li\u1ec7u SUS 304# \u0111\u1ea7y \u0111\u1ee7<\/p><p>Chi\u1ec1u cao c\u00f3 th\u1ec3 t\u00f9y ch\u1ec9nh<\/p>\t\t\t\t\t\t\t\t<\/div>\n\t\t\t\t<\/div>\n\t\t\t\t\t<\/div>\n\t\t\t\t<\/div>\n\t\t\t\t<\/div>\n\t\t<div class=\"elementor-element elementor-element-c6f8bc2 e-flex e-con-boxed e-con e-parent\" data-id=\"c6f8bc2\" data-element_type=\"container\" data-e-type=\"container\">\n\t\t\t\t\t<div class=\"e-con-inner\">\n\t\t<div class=\"elementor-element elementor-element-6a06c27 e-con-full e-flex e-con e-parent\" data-id=\"6a06c27\" data-element_type=\"container\" data-e-type=\"container\">\n\t\t\t\t<div class=\"elementor-element elementor-element-1cd391f elementor-widget elementor-widget-image\" data-id=\"1cd391f\" data-element_type=\"widget\" data-e-type=\"widget\" data-settings=\"{&quot;_animation&quot;:&quot;none&quot;}\" data-widget_type=\"image.default\">\n\t\t\t\t<div class=\"elementor-widget-container\">\n\t\t\t\t\t\t\t\t\t\t\t\t\t\t\t<img fetchpriority=\"high\" decoding=\"async\" width=\"700\" height=\"700\" src=\"https:\/\/sepmachinery.com\/wp-content\/uploads\/2023\/06\/Take-away-conveyors.jpg\" class=\"elementor-animation-shrink attachment-large size-large wp-image-5925\" alt=\"B\u0103ng t\u1ea3i mang \u0111i\" srcset=\"https:\/\/sepmachinery.com\/wp-content\/uploads\/2023\/06\/Take-away-conveyors.jpg 700w, https:\/\/sepmachinery.com\/wp-content\/uploads\/2023\/06\/Take-away-conveyors-300x300.jpg 300w, https:\/\/sepmachinery.com\/wp-content\/uploads\/2023\/06\/Take-away-conveyors-80x80.jpg 80w, https:\/\/sepmachinery.com\/wp-content\/uploads\/2023\/06\/Take-away-conveyors-12x12.jpg 12w\" sizes=\"(max-width: 700px) 100vw, 700px\" \/>\t\t\t\t\t\t\t\t\t\t\t\t\t\t\t<\/div>\n\t\t\t\t<\/div>\n\t\t\t\t<div class=\"elementor-element elementor-element-60efe47 elementor-widget elementor-widget-image-box\" data-id=\"60efe47\" data-element_type=\"widget\" data-e-type=\"widget\" data-widget_type=\"image-box.default\">\n\t\t\t\t<div class=\"elementor-widget-container\">\n\t\t\t\t\t<div class=\"elementor-image-box-wrapper\"><div class=\"elementor-image-box-content\"><h3 class=\"elementor-image-box-title\">H\u00ecnh ch\u1eef L<\/h3><p class=\"elementor-image-box-description\">B\u0103ng t\u1ea3i tho\u00e1t b\u0103ng t\u1ea3i PP d\u1ea1ng m\u00f4-\u0111un m\u00e0u tr\u1eafng<\/p><\/div><\/div>\t\t\t\t<\/div>\n\t\t\t\t<\/div>\n\t\t\t\t<div class=\"elementor-element elementor-element-dc3f5a0 elementor-align-center elementor-widget elementor-widget-button\" data-id=\"dc3f5a0\" data-element_type=\"widget\" data-e-type=\"widget\" data-widget_type=\"button.default\">\n\t\t\t\t<div class=\"elementor-widget-container\">\n\t\t\t\t\t\t\t\t\t<div class=\"elementor-button-wrapper\">\n\t\t\t\t\t<a class=\"elementor-button elementor-button-link elementor-size-sm elementor-animation-shrink\" href=\"https:\/\/sepmachinery.com\/vi\/contact-us\/\">\n\t\t\t\t\t\t<span class=\"elementor-button-content-wrapper\">\n\t\t\t\t\t\t\t\t\t<span class=\"elementor-button-text\">Nh\u1eadn b\u00e1o gi\u00e1<\/span>\n\t\t\t\t\t<\/span>\n\t\t\t\t\t<\/a>\n\t\t\t\t<\/div>\n\t\t\t\t\t\t\t\t<\/div>\n\t\t\t\t<\/div>\n\t\t\t\t<\/div>\n\t\t<div class=\"elementor-element elementor-element-dee1794 e-con-full e-flex e-con e-parent\" data-id=\"dee1794\" data-element_type=\"container\" data-e-type=\"container\">\n\t\t\t\t<div class=\"elementor-element elementor-element-f50092a elementor-widget elementor-widget-image\" data-id=\"f50092a\" data-element_type=\"widget\" data-e-type=\"widget\" data-settings=\"{&quot;_animation&quot;:&quot;none&quot;}\" data-widget_type=\"image.default\">\n\t\t\t\t<div class=\"elementor-widget-container\">\n\t\t\t\t\t\t\t\t\t\t\t\t\t\t\t<img decoding=\"async\" width=\"700\" height=\"700\" src=\"https:\/\/sepmachinery.com\/wp-content\/uploads\/2023\/06\/pack-off-take-away-z-conveyors.jpg\" class=\"elementor-animation-shrink attachment-large size-large wp-image-5924\" alt=\"b\u0103ng chuy\u1ec1n mang \u0111i\" srcset=\"https:\/\/sepmachinery.com\/wp-content\/uploads\/2023\/06\/pack-off-take-away-z-conveyors.jpg 700w, https:\/\/sepmachinery.com\/wp-content\/uploads\/2023\/06\/pack-off-take-away-z-conveyors-300x300.jpg 300w, https:\/\/sepmachinery.com\/wp-content\/uploads\/2023\/06\/pack-off-take-away-z-conveyors-80x80.jpg 80w, https:\/\/sepmachinery.com\/wp-content\/uploads\/2023\/06\/pack-off-take-away-z-conveyors-12x12.jpg 12w\" sizes=\"(max-width: 700px) 100vw, 700px\" \/>\t\t\t\t\t\t\t\t\t\t\t\t\t\t\t<\/div>\n\t\t\t\t<\/div>\n\t\t\t\t<div class=\"elementor-element elementor-element-400fb2d elementor-widget elementor-widget-image-box\" data-id=\"400fb2d\" data-element_type=\"widget\" data-e-type=\"widget\" data-widget_type=\"image-box.default\">\n\t\t\t\t<div class=\"elementor-widget-container\">\n\t\t\t\t\t<div class=\"elementor-image-box-wrapper\"><div class=\"elementor-image-box-content\"><h3 class=\"elementor-image-box-title\">H\u00ecnh ch\u1eef Z<\/h3><p class=\"elementor-image-box-description\">B\u0103ng t\u1ea3i POM m\u00e0u xanh lam<\/p><\/div><\/div>\t\t\t\t<\/div>\n\t\t\t\t<\/div>\n\t\t\t\t<div class=\"elementor-element elementor-element-e6cf225 elementor-align-center elementor-widget elementor-widget-button\" data-id=\"e6cf225\" data-element_type=\"widget\" data-e-type=\"widget\" data-widget_type=\"button.default\">\n\t\t\t\t<div class=\"elementor-widget-container\">\n\t\t\t\t\t\t\t\t\t<div class=\"elementor-button-wrapper\">\n\t\t\t\t\t<a class=\"elementor-button elementor-button-link elementor-size-sm elementor-animation-shrink\" href=\"https:\/\/sepmachinery.com\/vi\/contact-us\/\">\n\t\t\t\t\t\t<span class=\"elementor-button-content-wrapper\">\n\t\t\t\t\t\t\t\t\t<span class=\"elementor-button-text\">Nh\u1eadn b\u00e1o gi\u00e1<\/span>\n\t\t\t\t\t<\/span>\n\t\t\t\t\t<\/a>\n\t\t\t\t<\/div>\n\t\t\t\t\t\t\t\t<\/div>\n\t\t\t\t<\/div>\n\t\t\t\t<\/div>\n\t\t<div class=\"elementor-element elementor-element-99f4d05 e-con-full e-flex e-con e-parent\" data-id=\"99f4d05\" data-element_type=\"container\" data-e-type=\"container\">\n\t\t\t\t<div class=\"elementor-element elementor-element-94ab81f elementor-widget elementor-widget-image\" data-id=\"94ab81f\" data-element_type=\"widget\" data-e-type=\"widget\" data-settings=\"{&quot;_animation&quot;:&quot;none&quot;}\" data-widget_type=\"image.default\">\n\t\t\t\t<div class=\"elementor-widget-container\">\n\t\t\t\t\t\t\t\t\t\t\t\t\t\t\t<img decoding=\"async\" width=\"700\" height=\"700\" src=\"https:\/\/sepmachinery.com\/wp-content\/uploads\/2023\/06\/Exit-Conveyor.jpg\" class=\"elementor-animation-shrink attachment-large size-large wp-image-5923\" alt=\"B\u0103ng t\u1ea3i tho\u00e1t\" srcset=\"https:\/\/sepmachinery.com\/wp-content\/uploads\/2023\/06\/Exit-Conveyor.jpg 700w, https:\/\/sepmachinery.com\/wp-content\/uploads\/2023\/06\/Exit-Conveyor-300x300.jpg 300w, https:\/\/sepmachinery.com\/wp-content\/uploads\/2023\/06\/Exit-Conveyor-80x80.jpg 80w, https:\/\/sepmachinery.com\/wp-content\/uploads\/2023\/06\/Exit-Conveyor-12x12.jpg 12w\" sizes=\"(max-width: 700px) 100vw, 700px\" \/>\t\t\t\t\t\t\t\t\t\t\t\t\t\t\t<\/div>\n\t\t\t\t<\/div>\n\t\t\t\t<div class=\"elementor-element elementor-element-1973302 elementor-widget elementor-widget-image-box\" data-id=\"1973302\" data-element_type=\"widget\" data-e-type=\"widget\" data-widget_type=\"image-box.default\">\n\t\t\t\t<div class=\"elementor-widget-container\">\n\t\t\t\t\t<div class=\"elementor-image-box-wrapper\"><div class=\"elementor-image-box-content\"><h3 class=\"elementor-image-box-title\">\u0110i\u1ec1u ch\u1ec9nh g\u00f3c<\/h3><p class=\"elementor-image-box-description\">D\u00e2y \u0111ai PU m\u00e0u tr\u1eafng, c\u00f3 th\u1ec3 \u0111i\u1ec1u ch\u1ec9nh \u0111\u1ed9 cao<\/p><\/div><\/div>\t\t\t\t<\/div>\n\t\t\t\t<\/div>\n\t\t\t\t<div class=\"elementor-element elementor-element-71dd817 elementor-align-center elementor-widget elementor-widget-button\" data-id=\"71dd817\" data-element_type=\"widget\" data-e-type=\"widget\" data-widget_type=\"button.default\">\n\t\t\t\t<div class=\"elementor-widget-container\">\n\t\t\t\t\t\t\t\t\t<div class=\"elementor-button-wrapper\">\n\t\t\t\t\t<a class=\"elementor-button elementor-button-link elementor-size-sm elementor-animation-shrink\" href=\"https:\/\/sepmachinery.com\/vi\/contact-us\/\">\n\t\t\t\t\t\t<span class=\"elementor-button-content-wrapper\">\n\t\t\t\t\t\t\t\t\t<span class=\"elementor-button-text\">Nh\u1eadn b\u00e1o gi\u00e1<\/span>\n\t\t\t\t\t<\/span>\n\t\t\t\t\t<\/a>\n\t\t\t\t<\/div>\n\t\t\t\t\t\t\t\t<\/div>\n\t\t\t\t<\/div>\n\t\t\t\t<\/div>\n\t\t\t\t\t<\/div>\n\t\t\t\t<\/div>\n\t\t<div class=\"elementor-element elementor-element-b97b320 elementor-hidden-tablet elementor-hidden-mobile e-flex e-con-boxed e-con e-parent\" data-id=\"b97b320\" data-element_type=\"container\" data-e-type=\"container\" data-settings=\"{&quot;background_background&quot;:&quot;classic&quot;}\">\n\t\t\t\t\t<div class=\"e-con-inner\">\n\t\t<div class=\"elementor-element elementor-element-005744e e-con-full e-flex e-con e-parent\" data-id=\"005744e\" data-element_type=\"container\" data-e-type=\"container\" data-settings=\"{&quot;background_background&quot;:&quot;classic&quot;}\">\n\t\t<div class=\"elementor-element elementor-element-84c3fe7 e-con-full e-flex e-con e-parent\" data-id=\"84c3fe7\" data-element_type=\"container\" data-e-type=\"container\">\n\t\t<div class=\"elementor-element elementor-element-eec4a0d e-con-full e-flex e-con e-parent\" data-id=\"eec4a0d\" data-element_type=\"container\" data-e-type=\"container\">\n\t\t\t\t<div class=\"elementor-element elementor-element-56af167 elementor-widget elementor-widget-heading\" data-id=\"56af167\" data-element_type=\"widget\" data-e-type=\"widget\" data-widget_type=\"heading.default\">\n\t\t\t\t<div class=\"elementor-widget-container\">\n\t\t\t\t\t<h2 class=\"elementor-heading-title elementor-size-xl\">B\u0103ng t\u1ea3i mang \u0111i <\/h2>\t\t\t\t<\/div>\n\t\t\t\t<\/div>\n\t\t\t\t<div class=\"elementor-element elementor-element-c9a0cee elementor-widget elementor-widget-text-editor\" data-id=\"c9a0cee\" data-element_type=\"widget\" data-e-type=\"widget\" data-widget_type=\"text-editor.default\">\n\t\t\t\t<div class=\"elementor-widget-container\">\n\t\t\t\t\t\t\t\t\t<p>Kh\u00e1m ph\u00e1 s\u1ef1 xu\u1ea5t s\u1eafc: H\u00e3y c\u00f9ng ch\u00fang t\u00f4i tham gia h\u00e0nh tr\u00ecnh tr\u1ef1c quan qua video ki\u1ec3m tra c\u1ee7a ch\u00fang t\u00f4i, l\u00e0m n\u1ed5i b\u1eadt s\u1ef1 xu\u1ea5t s\u1eafc c\u1ee7a b\u0103ng t\u1ea3i tho\u00e1t v\u00e0 b\u00e0n xoay t\u00edch l\u0169y t\u00f9y ch\u1ec9nh c\u1ee7a ch\u00fang t\u00f4i. H\u00e3y t\u1eadn m\u1eaft ch\u1ee9ng ki\u1ebfn c\u00e1ch ki\u1ec3m tra ch\u1ea5t l\u01b0\u1ee3ng nghi\u00eam ng\u1eb7t v\u00e0 c\u00e1c gi\u1ea3i ph\u00e1p t\u00f9y ch\u1ec9nh c\u1ee7a ch\u00fang t\u00f4i \u0111\u1ea3m b\u1ea3o n\u0103ng su\u1ea5t t\u1ed1i \u01b0u v\u00e0 ho\u1ea1t \u0111\u1ed9ng li\u1ec1n m\u1ea1ch<\/p>\t\t\t\t\t\t\t\t<\/div>\n\t\t\t\t<\/div>\n\t\t\t\t<div class=\"elementor-element elementor-element-ca2f5ca elementor-align-justify elementor-tablet-align-justify elementor-mobile-align-justify elementor-widget-tablet__width-inherit elementor-invisible elementor-widget elementor-widget-button\" data-id=\"ca2f5ca\" data-element_type=\"widget\" data-e-type=\"widget\" data-settings=\"{&quot;_animation&quot;:&quot;fadeIn&quot;,&quot;_animation_delay&quot;:300}\" data-widget_type=\"button.default\">\n\t\t\t\t<div class=\"elementor-widget-container\">\n\t\t\t\t\t\t\t\t\t<div class=\"elementor-button-wrapper\">\n\t\t\t\t\t<a class=\"elementor-button elementor-button-link elementor-size-sm\" href=\"https:\/\/sepmachinery.com\/vi\/contact-us\/\">\n\t\t\t\t\t\t<span class=\"elementor-button-content-wrapper\">\n\t\t\t\t\t\t<span class=\"elementor-button-icon\">\n\t\t\t\t<svg aria-hidden=\"true\" class=\"e-font-icon-svg e-fas-play\" viewbox=\"0 0 448 512\" xmlns=\"http:\/\/www.w3.org\/2000\/svg\"><path d=\"M424.4 214.7L72.4 6.6C43.8-10.3 0 6.1 0 47.9V464c0 37.5 40.7 60.1 72.4 41.3l352-208c31.4-18.5 31.5-64.1 0-82.6z\"><\/path><\/svg>\t\t\t<\/span>\n\t\t\t\t\t\t\t\t\t<span class=\"elementor-button-text\">Nh\u1eadn b\u00e1o gi\u00e1 ngay<\/span>\n\t\t\t\t\t<\/span>\n\t\t\t\t\t<\/a>\n\t\t\t\t<\/div>\n\t\t\t\t\t\t\t\t<\/div>\n\t\t\t\t<\/div>\n\t\t\t\t<\/div>\n\t\t<div class=\"elementor-element elementor-element-7055b8e e-con-full e-flex e-con e-parent\" data-id=\"7055b8e\" data-element_type=\"container\" data-e-type=\"container\">\n\t\t\t\t<div class=\"elementor-element elementor-element-7ade758 elementor-widget elementor-widget-video\" data-id=\"7ade758\" data-element_type=\"widget\" data-e-type=\"widget\" data-settings=\"{&quot;youtube_url&quot;:&quot;https:\\\/\\\/youtu.be\\\/sCP_yQaoXyk&quot;,&quot;autoplay&quot;:&quot;yes&quot;,&quot;mute&quot;:&quot;yes&quot;,&quot;loop&quot;:&quot;yes&quot;,&quot;yt_privacy&quot;:&quot;yes&quot;,&quot;video_type&quot;:&quot;youtube&quot;}\" data-widget_type=\"video.default\">\n\t\t\t\t<div class=\"elementor-widget-container\">\n\t\t\t\t\t\t\t<div class=\"elementor-wrapper elementor-open-inline\">\n\t\t\t<div class=\"elementor-video\"><\/div>\t\t<\/div>\n\t\t\t\t\t\t<\/div>\n\t\t\t\t<\/div>\n\t\t\t\t<\/div>\n\t\t\t\t<\/div>\n\t\t\t\t<\/div>\n\t\t\t\t\t<\/div>\n\t\t\t\t<\/div>\n\t\t<div class=\"elementor-element elementor-element-3706439 elementor-hidden-desktop e-flex e-con-boxed e-con e-parent\" data-id=\"3706439\" data-element_type=\"container\" data-e-type=\"container\">\n\t\t\t\t\t<div class=\"e-con-inner\">\n\t\t\t\t<div class=\"elementor-element elementor-element-5085cda elementor-widget elementor-widget-video\" data-id=\"5085cda\" data-element_type=\"widget\" data-e-type=\"widget\" data-settings=\"{&quot;youtube_url&quot;:&quot;https:\\\/\\\/youtu.be\\\/sCP_yQaoXyk&quot;,&quot;autoplay&quot;:&quot;yes&quot;,&quot;play_on_mobile&quot;:&quot;yes&quot;,&quot;mute&quot;:&quot;yes&quot;,&quot;video_type&quot;:&quot;youtube&quot;,&quot;controls&quot;:&quot;yes&quot;}\" data-widget_type=\"video.default\">\n\t\t\t\t<div class=\"elementor-widget-container\">\n\t\t\t\t\t\t\t<div class=\"elementor-wrapper elementor-open-inline\">\n\t\t\t<div class=\"elementor-video\"><\/div>\t\t<\/div>\n\t\t\t\t\t\t<\/div>\n\t\t\t\t<\/div>\n\t\t\t\t\t<\/div>\n\t\t\t\t<\/div>\n\t\t\t\t<\/div>","protected":false},"excerpt":{"rendered":"<p>Takeaway Conveyor Whether your product is coffee, frozen raspberries, or fruits, you want to make it at the highest possible quality and with packaging that sets you apart from the competition. Our machines are able to transport a large variety of products. Select and explore our solutions for your product. The\u00a0Take away conveyor\u00a0is built from [&hellip;]<\/p>\n","protected":false},"author":1,"featured_media":5924,"parent":0,"menu_order":0,"comment_status":"closed","ping_status":"closed","template":"","meta":{"two_page_speed":[],"footnotes":""},"class_list":["post-140","page","type-page","status-publish","has-post-thumbnail","hentry"],"_links":{"self":[{"href":"https:\/\/sepmachinery.com\/vi\/wp-json\/wp\/v2\/pages\/140","targetHints":{"allow":["GET"]}}],"collection":[{"href":"https:\/\/sepmachinery.com\/vi\/wp-json\/wp\/v2\/pages"}],"about":[{"href":"https:\/\/sepmachinery.com\/vi\/wp-json\/wp\/v2\/types\/page"}],"author":[{"embeddable":true,"href":"https:\/\/sepmachinery.com\/vi\/wp-json\/wp\/v2\/users\/1"}],"replies":[{"embeddable":true,"href":"https:\/\/sepmachinery.com\/vi\/wp-json\/wp\/v2\/comments?post=140"}],"version-history":[{"count":184,"href":"https:\/\/sepmachinery.com\/vi\/wp-json\/wp\/v2\/pages\/140\/revisions"}],"predecessor-version":[{"id":7431,"href":"https:\/\/sepmachinery.com\/vi\/wp-json\/wp\/v2\/pages\/140\/revisions\/7431"}],"wp:featuredmedia":[{"embeddable":true,"href":"https:\/\/sepmachinery.com\/vi\/wp-json\/wp\/v2\/media\/5924"}],"wp:attachment":[{"href":"https:\/\/sepmachinery.com\/vi\/wp-json\/wp\/v2\/media?parent=140"}],"curies":[{"name":"wp","href":"https:\/\/api.w.org\/{rel}","templated":true}]}}