{"id":1745,"date":"2018-07-29T09:13:51","date_gmt":"2018-07-29T09:13:51","guid":{"rendered":"https:\/\/sepmachinery.com\/?page_id=1745"},"modified":"2024-07-05T07:38:22","modified_gmt":"2024-07-05T07:38:22","slug":"material-handling-equipment-3","status":"publish","type":"page","link":"https:\/\/sepmachinery.com\/vi\/material-handling-equipment-3\/","title":{"rendered":"THI\u1ebeT B\u1eca X\u1eec L\u00dd V\u1eacT LI\u1ec6U"},"content":{"rendered":"<div data-elementor-type=\"wp-page\" data-elementor-id=\"1745\" class=\"elementor elementor-1745\" data-elementor-post-type=\"page\">\n\t\t\t\t\t\t<section class=\"elementor-section elementor-top-section elementor-element elementor-element-533df9f2 elementor-section-boxed elementor-section-height-default elementor-section-height-default\" data-id=\"533df9f2\" data-element_type=\"section\" data-e-type=\"section\">\n\t\t\t\t\t\t<div class=\"elementor-container elementor-column-gap-default\">\n\t\t\t\t\t<div class=\"elementor-column elementor-col-100 elementor-top-column elementor-element elementor-element-ba61e1a\" data-id=\"ba61e1a\" data-element_type=\"column\" data-e-type=\"column\">\n\t\t\t<div class=\"elementor-widget-wrap elementor-element-populated\">\n\t\t\t\t\t\t<div class=\"elementor-element elementor-element-18b40ddc elementor-widget elementor-widget-text-editor\" data-id=\"18b40ddc\" data-element_type=\"widget\" data-e-type=\"widget\" data-widget_type=\"text-editor.default\">\n\t\t\t\t<div class=\"elementor-widget-container\">\n\t\t\t\t\t\t\t\t\t<p><img fetchpriority=\"high\" decoding=\"async\" class=\"wp-image-1755 size-full\" src=\"https:\/\/sepmachinery.com\/wp-content\/uploads\/2018\/07\/belt-conveyor-system.jpg\" alt=\"h\u1ec7 th\u1ed1ng b\u0103ng t\u1ea3i\" width=\"1130\" height=\"350\" style=\"font-size: 1rem;\" srcset=\"https:\/\/sepmachinery.com\/wp-content\/uploads\/2018\/07\/belt-conveyor-system.jpg 1130w, https:\/\/sepmachinery.com\/wp-content\/uploads\/2018\/07\/belt-conveyor-system-300x93.jpg 300w, https:\/\/sepmachinery.com\/wp-content\/uploads\/2018\/07\/belt-conveyor-system-1030x319.jpg 1030w, https:\/\/sepmachinery.com\/wp-content\/uploads\/2018\/07\/belt-conveyor-system-768x238.jpg 768w, https:\/\/sepmachinery.com\/wp-content\/uploads\/2018\/07\/belt-conveyor-system-18x6.jpg 18w\" sizes=\"(max-width: 1130px) 100vw, 1130px\" \/><span style=\"font-size: 1rem;\">&nbsp;<\/span><br><\/p>\n<p><span style=\"color: inherit; font-family: inherit; font-size: 2.5rem;\">Thi\u1ebft b\u1ecb x\u1eed l\u00fd v\u1eadt li\u1ec7u cho d\u00e2y chuy\u1ec1n ch\u1ebf bi\u1ebfn th\u1ef1c ph\u1ea9m<\/span><br><\/p>\n<h2>S\u1ef1 \u0111a d\u1ea1ng c\u1ee7a c\u00e1c thi\u1ebft b\u1ecb x\u1eed l\u00fd v\u1eadt li\u1ec7u c\u00f3 \u0111\u1eb7c \u0111i\u1ec3m:<\/h2>\n<p>V\u1eadt li\u1ec7u b\u0103ng t\u1ea3i c\u00f3 polypropylen, b\u0103ng t\u1ea3i l\u01b0\u1edbi th\u00e9p kh\u00f4ng g\u1ec9, b\u0103ng t\u1ea3i polyurethane; ki\u1ec3u b\u0103ng t\u1ea3i c\u00f3 b\u0103ng t\u1ea3i m\u00f4-\u0111un, b\u0103ng t\u1ea3i ph\u1eb3ng, b\u0103ng t\u1ea3i g\u1ee3n s\u00f3ng, v.v.; khung c\u00f3 d\u1ea1ng nghi\u00eang, ngang v\u00e0 xoay, v.v.; k\u00edch th\u01b0\u1edbc c\u00f3 th\u1ec3 \u0111\u01b0\u1ee3c s\u1ea3n xu\u1ea5t theo t\u00ednh n\u0103ng c\u1ee7a s\u1ea3n ph\u1ea9m v\u00e0 m\u00f4i tr\u01b0\u1eddng x\u01b0\u1edfng th\u1ef1c t\u1ebf.<\/p>\n<p>H\u1ec7 th\u1ed1ng x\u1eed l\u00fd v\u1eadt li\u1ec7u r\u1ea5t linh ho\u1ea1t, t\u00edch h\u1ee3p m\u00e1y n\u1ea1p li\u1ec7u, thi\u1ebft b\u1ecb ch\u1ebf bi\u1ebfn th\u1ef1c ph\u1ea9m kh\u00e1c<\/p>\n<p>Nh\u1eefng l\u00fd do tr\u00ean l\u00e0m cho thi\u1ebft b\u1ecb x\u1eed l\u00fd v\u1eadt li\u1ec7u tr\u1edf n\u00ean ph\u1ed5 bi\u1ebfn r\u1ed9ng r\u00e3i trong ng\u00e0nh th\u1ef1c ph\u1ea9m v\u00e0 c\u00e1c \u1ee9ng d\u1ee5ng, ng\u00e0nh c\u00f4ng nghi\u1ec7p kh\u00e1c.<\/p>\n<p>Li\u00ean h\u1ec7 <a href=\"https:\/\/sepmachinery.com\/vi\/contact-us\/\" target=\"_blank\" rel=\"noopener\">Th\u00e1ng 9<\/a> Hi\u1ec7n nay<br><\/p>\n<h2 style=\"text-align: center;\"><span style=\"color: #89b929;\">B\u0103ng t\u1ea3i nghi\u00eang<\/span><\/h2>\n<p><br><\/p>\n<h2 style=\"text-align: center;\"><span style=\"color: #89b929;\">B\u0103ng t\u1ea3i ngang<\/span><\/h2>\n<p><br><\/p>\n<h2 style=\"text-align: center;\"><span style=\"color: #89b929;\">B\u0103ng t\u1ea3i quay<\/span><\/h2>\n<p><br><\/p>\n<h2 style=\"text-align: center;\"><span style=\"color: #89b929;\">H\u1ec7 th\u1ed1ng t\u00edch h\u1ee3p<\/span><\/h2>\n<p><br><\/p>\n<ul>\n<li>\u0110\u1eb7c \u0111i\u1ec3m thi\u1ebft k\u1ebf v\u1ec7 sinh<\/li>\n<li>X\u00e2y d\u1ef1ng ch\u1ecbu l\u1ef1c n\u1eb7ng<\/li>\n<li>T\u1ed1c \u0111\u1ed9 c\u00f3 th\u1ec3 \u0111i\u1ec1u ch\u1ec9nh<\/li>\n<li>Ph\u1ee5 t\u00f9ng th\u01b0\u01a1ng hi\u1ec7u n\u1ed5i ti\u1ebfng<\/li>\n<li>Khung th\u00e9p nh\u1eb9 ho\u1eb7c th\u00e9p kh\u00f4ng g\u1ec9<\/li>\n<li>Ph\u1ea1m vi \u1ee9ng d\u1ee5ng r\u1ed9ng r\u00e3i<\/li>\n<li>D\u1ec5 d\u00e0ng v\u1ec7 sinh v\u00e0 l\u1eafp \u0111\u1eb7t<\/li>\n<li>Ph\u1ed1i h\u1ee3p t\u1ed1t v\u1edbi c\u00e1c thi\u1ebft b\u1ecb kh\u00e1c<\/li>\n<li>\u0111\u01b0\u1ee3c trang b\u1ecb b\u00e1nh xe di chuy\u1ec3n d\u1ec5 d\u00e0ng<\/li>\n<li><br><\/li><\/ul>\t\t\t\t\t\t\t\t<\/div>\n\t\t\t\t<\/div>\n\t\t\t\t\t<\/div>\n\t\t<\/div>\n\t\t\t\t\t<\/div>\n\t\t<\/section>\n\t\t\t\t<\/div>","protected":false},"excerpt":{"rendered":"<p>Material handling equipment for the food\u00a0processing line The variety of the material handling equipment features: Such as belt materials have the polypropylene, stainless steel mesh belt,\u00a0polyurethane belt; the belt styles have the modular\u00a0belt, flat belt, corrugated belt etc; the frames have the inclined, horizontal and turning etc; sizes can be manufactured as per the products [&hellip;]<\/p>\n","protected":false},"author":1,"featured_media":1923,"parent":0,"menu_order":0,"comment_status":"closed","ping_status":"closed","template":"","meta":{"two_page_speed":[],"footnotes":""},"class_list":["post-1745","page","type-page","status-publish","has-post-thumbnail","hentry"],"_links":{"self":[{"href":"https:\/\/sepmachinery.com\/vi\/wp-json\/wp\/v2\/pages\/1745","targetHints":{"allow":["GET"]}}],"collection":[{"href":"https:\/\/sepmachinery.com\/vi\/wp-json\/wp\/v2\/pages"}],"about":[{"href":"https:\/\/sepmachinery.com\/vi\/wp-json\/wp\/v2\/types\/page"}],"author":[{"embeddable":true,"href":"https:\/\/sepmachinery.com\/vi\/wp-json\/wp\/v2\/users\/1"}],"replies":[{"embeddable":true,"href":"https:\/\/sepmachinery.com\/vi\/wp-json\/wp\/v2\/comments?post=1745"}],"version-history":[{"count":35,"href":"https:\/\/sepmachinery.com\/vi\/wp-json\/wp\/v2\/pages\/1745\/revisions"}],"predecessor-version":[{"id":7888,"href":"https:\/\/sepmachinery.com\/vi\/wp-json\/wp\/v2\/pages\/1745\/revisions\/7888"}],"wp:featuredmedia":[{"embeddable":true,"href":"https:\/\/sepmachinery.com\/vi\/wp-json\/wp\/v2\/media\/1923"}],"wp:attachment":[{"href":"https:\/\/sepmachinery.com\/vi\/wp-json\/wp\/v2\/media?parent=1745"}],"curies":[{"name":"wp","href":"https:\/\/api.w.org\/{rel}","templated":true}]}}