{"id":450,"date":"2017-07-24T14:23:47","date_gmt":"2017-07-24T14:23:47","guid":{"rendered":"https:\/\/www.sepmachinery.com\/?page_id=450"},"modified":"2023-07-24T08:38:15","modified_gmt":"2023-07-24T08:38:15","slug":"sitemap","status":"publish","type":"page","link":"https:\/\/sepmachinery.com\/vi\/sitemap\/","title":{"rendered":"B\u1ea2N \u0110\u1ed2 TRANG WEB"},"content":{"rendered":"<div data-elementor-type=\"wp-page\" data-elementor-id=\"450\" class=\"elementor elementor-450\" data-elementor-post-type=\"page\">\n\t\t\t\t<div class=\"elementor-element elementor-element-1c10b7e e-flex e-con-boxed e-con e-parent\" data-id=\"1c10b7e\" data-element_type=\"container\" data-e-type=\"container\">\n\t\t\t\t\t<div class=\"e-con-inner\">\n\t\t\t\t<div class=\"elementor-element elementor-element-b3f5235 elementor-widget elementor-widget-heading\" data-id=\"b3f5235\" data-element_type=\"widget\" data-e-type=\"widget\" data-widget_type=\"heading.default\">\n\t\t\t\t<div class=\"elementor-widget-container\">\n\t\t\t\t\t<h1 class=\"elementor-heading-title elementor-size-default\">S\u01a1 \u0111\u1ed3 trang web September Machinery<\/h1>\t\t\t\t<\/div>\n\t\t\t\t<\/div>\n\t\t\t\t<div class=\"elementor-element elementor-element-2f6e0de elementor-widget elementor-widget-sitemap\" data-id=\"2f6e0de\" data-element_type=\"widget\" data-e-type=\"widget\" data-widget_type=\"sitemap.default\">\n\t\t\t\t<div class=\"elementor-widget-container\">\n\t\t\t\t\t<div class=\"elementor-sitemap-wrap\"><div class=\"elementor-sitemap-section\"><h2 class=\"elementor-sitemap-title elementor-sitemap-page-title\">C\u00e1c trang<\/h2><ul class=\"elementor-sitemap-list elementor-sitemap-page-list\"><li class=\"elementor-sitemap-item elementor-sitemap-item-page page_item page-item-9\"><a href=\"https:\/\/sepmachinery.com\/vi\/\">TRANG CH\u1ee6<\/a><\/li><li class=\"elementor-sitemap-item elementor-sitemap-item-page page_item page-item-11\"><a href=\"https:\/\/sepmachinery.com\/vi\/about\/\">V\u1ec0<\/a><\/li><li class=\"elementor-sitemap-item elementor-sitemap-item-page page_item page-item-15\"><a href=\"https:\/\/sepmachinery.com\/vi\/contact-us\/\">LI\u00caN H\u1ec6 V\u1edaI CH\u00daNG T\u00d4I<\/a><\/li><li class=\"elementor-sitemap-item elementor-sitemap-item-page page_item page-item-136\"><a href=\"https:\/\/sepmachinery.com\/vi\/incline-conveyor\/\">B\u0103ng t\u1ea3i nghi\u00eang<\/a><\/li><li class=\"elementor-sitemap-item elementor-sitemap-item-page page_item page-item-138\"><a href=\"https:\/\/sepmachinery.com\/vi\/screw-conveyor\/\">B\u0103ng t\u1ea3i tr\u1ee5c v\u00edt<\/a><\/li><li class=\"elementor-sitemap-item elementor-sitemap-item-page page_item page-item-140\"><a href=\"https:\/\/sepmachinery.com\/vi\/takeaway-conveyor\/\">B\u0103ng chuy\u1ec1n mang \u0111i<\/a><\/li><li class=\"elementor-sitemap-item elementor-sitemap-item-page page_item page-item-142\"><a href=\"https:\/\/sepmachinery.com\/vi\/stainless-steel-platforms-mezzanines\/\">S\u00e0n v\u00e0 g\u00e1c l\u1eedng b\u1eb1ng th\u00e9p kh\u00f4ng g\u1ec9<\/a><\/li><li class=\"elementor-sitemap-item elementor-sitemap-item-page page_item page-item-450\"><a href=\"https:\/\/sepmachinery.com\/vi\/sitemap\/\">B\u1ea2N \u0110\u1ed2 TRANG WEB<\/a><\/li><li class=\"elementor-sitemap-item elementor-sitemap-item-page page_item page-item-603\"><a href=\"https:\/\/sepmachinery.com\/vi\/food-conveyors\/\">CU\u1ed0N S\u00c1CH NH\u1ece<\/a><\/li><li class=\"elementor-sitemap-item elementor-sitemap-item-page page_item page-item-1103\"><a href=\"https:\/\/sepmachinery.com\/vi\/infeed-vibratory-feeder\/\">M\u00e1y c\u1ea5p li\u1ec7u rung<\/a><\/li><li class=\"elementor-sitemap-item elementor-sitemap-item-page page_item page-item-1254\"><a href=\"https:\/\/sepmachinery.com\/vi\/project-videos\/\">VIDEO D\u1ef0 \u00c1N<\/a><\/li><li class=\"elementor-sitemap-item elementor-sitemap-item-page page_item page-item-1745\"><a href=\"https:\/\/sepmachinery.com\/vi\/material-handling-equipment-3\/\">THI\u1ebeT B\u1eca X\u1eec L\u00dd V\u1eacT LI\u1ec6U<\/a><\/li><li class=\"elementor-sitemap-item elementor-sitemap-item-page page_item page-item-1948\"><a href=\"https:\/\/sepmachinery.com\/vi\/bucket-elevator\/\">B\u0103ng T\u1ea3i G\u1ea7u<\/a><\/li><li class=\"elementor-sitemap-item elementor-sitemap-item-page page_item page-item-2335\"><a href=\"https:\/\/sepmachinery.com\/vi\/food-conveyors-spare-parts\/\">PH\u1ee4 T\u00d9NG<\/a><\/li><li class=\"elementor-sitemap-item elementor-sitemap-item-page page_item page-item-4932\"><a href=\"https:\/\/sepmachinery.com\/vi\/rotary-accumulation-tables\/\">B\u1ea3ng t\u00edch l\u0169y quay<\/a><\/li><li class=\"elementor-sitemap-item elementor-sitemap-item-page page_item page-item-4934\"><a href=\"https:\/\/sepmachinery.com\/vi\/in-stock-machines\/\">M\u00e1y m\u00f3c trong kho<\/a><\/li><li class=\"elementor-sitemap-item elementor-sitemap-item-page page_item page-item-8207\"><a href=\"https:\/\/sepmachinery.com\/vi\/small-sachet-packaging-machines\/\">M\u00e1y \u0111\u00f3ng g\u00f3i t\u00fai nh\u1ecf<\/a><\/li><li class=\"elementor-sitemap-item elementor-sitemap-item-page page_item page-item-7169\"><a href=\"https:\/\/sepmachinery.com\/vi\/september-machinery-latest-blog-and-news\/\">Blog<\/a><\/li><li class=\"elementor-sitemap-item elementor-sitemap-item-page page_item page-item-8305\"><a href=\"https:\/\/sepmachinery.com\/vi\/bag-formers-tubes-for-vertical-form-fill-seal\/\">M\u00e1y t\u1ea1o h\u00ecnh t\u00fai &amp; \u1ed1ng<\/a><\/li><\/ul><\/div><div class=\"elementor-sitemap-section\"><h2 class=\"elementor-sitemap-title elementor-sitemap-category-title\">Th\u1ec3 lo\u1ea1i<\/h2><ul class=\"elementor-sitemap-list elementor-sitemap-category-list\">\t<li class=\"elementor-sitemap-item elementor-sitemap-item-category cat-item cat-item-3\"><a href=\"https:\/\/sepmachinery.com\/vi\/blog\/\">Blog<\/a>\n<\/li>\n<\/ul><\/div><\/div>\t\t\t\t<\/div>\n\t\t\t\t<\/div>\n\t\t\t\t\t<\/div>\n\t\t\t\t<\/div>\n\t\t\t\t<\/div>","protected":false},"excerpt":{"rendered":"<p>S\u01a1 \u0111\u1ed3 trang web September Machinery<\/p>","protected":false},"author":1,"featured_media":1808,"parent":0,"menu_order":0,"comment_status":"closed","ping_status":"closed","template":"","meta":{"two_page_speed":[],"footnotes":""},"class_list":["post-450","page","type-page","status-publish","has-post-thumbnail","hentry"],"_links":{"self":[{"href":"https:\/\/sepmachinery.com\/vi\/wp-json\/wp\/v2\/pages\/450","targetHints":{"allow":["GET"]}}],"collection":[{"href":"https:\/\/sepmachinery.com\/vi\/wp-json\/wp\/v2\/pages"}],"about":[{"href":"https:\/\/sepmachinery.com\/vi\/wp-json\/wp\/v2\/types\/page"}],"author":[{"embeddable":true,"href":"https:\/\/sepmachinery.com\/vi\/wp-json\/wp\/v2\/users\/1"}],"replies":[{"embeddable":true,"href":"https:\/\/sepmachinery.com\/vi\/wp-json\/wp\/v2\/comments?post=450"}],"version-history":[{"count":13,"href":"https:\/\/sepmachinery.com\/vi\/wp-json\/wp\/v2\/pages\/450\/revisions"}],"predecessor-version":[{"id":7910,"href":"https:\/\/sepmachinery.com\/vi\/wp-json\/wp\/v2\/pages\/450\/revisions\/7910"}],"wp:featuredmedia":[{"embeddable":true,"href":"https:\/\/sepmachinery.com\/vi\/wp-json\/wp\/v2\/media\/1808"}],"wp:attachment":[{"href":"https:\/\/sepmachinery.com\/vi\/wp-json\/wp\/v2\/media?parent=450"}],"curies":[{"name":"wp","href":"https:\/\/api.w.org\/{rel}","templated":true}]}}