{"id":603,"date":"2017-11-03T02:45:16","date_gmt":"2017-11-03T02:45:16","guid":{"rendered":"https:\/\/sepmachinery.com\/?page_id=603"},"modified":"2023-06-28T09:49:45","modified_gmt":"2023-06-28T09:49:45","slug":"food-conveyors","status":"publish","type":"page","link":"https:\/\/sepmachinery.com\/vi\/food-conveyors\/","title":{"rendered":"CU\u1ed0N S\u00c1CH NH\u1ece"},"content":{"rendered":"<div data-elementor-type=\"wp-page\" data-elementor-id=\"603\" class=\"elementor elementor-603\" data-elementor-post-type=\"page\">\n\t\t\t\t<div class=\"elementor-element elementor-element-1791713 e-flex e-con-boxed e-con e-parent\" data-id=\"1791713\" data-element_type=\"container\" data-e-type=\"container\">\n\t\t\t\t\t<div class=\"e-con-inner\">\n\t\t<div class=\"elementor-element elementor-element-2c8b314 e-con-full e-flex e-con e-child\" data-id=\"2c8b314\" data-element_type=\"container\" data-e-type=\"container\">\n\t\t\t\t<div class=\"elementor-element elementor-element-27b3487 elementor-widget elementor-widget-image\" data-id=\"27b3487\" data-element_type=\"widget\" data-e-type=\"widget\" data-widget_type=\"image.default\">\n\t\t\t\t<div class=\"elementor-widget-container\">\n\t\t\t\t\t\t\t\t\t\t\t\t\t\t\t\t<a href=\"https:\/\/sepmachinery.com\/wp-content\/uploads\/2023\/06\/food-conveyors-catalog-September-Machinery.pdf\">\n\t\t\t\t\t\t\t<img fetchpriority=\"high\" decoding=\"async\" width=\"618\" height=\"868\" src=\"https:\/\/sepmachinery.com\/wp-content\/uploads\/2017\/11\/cover.png\" class=\"attachment-large size-large wp-image-921\" alt=\"che ph\u1ee7\" srcset=\"https:\/\/sepmachinery.com\/wp-content\/uploads\/2017\/11\/cover.png 618w, https:\/\/sepmachinery.com\/wp-content\/uploads\/2017\/11\/cover-214x300.png 214w, https:\/\/sepmachinery.com\/wp-content\/uploads\/2017\/11\/cover-502x705.png 502w, https:\/\/sepmachinery.com\/wp-content\/uploads\/2017\/11\/cover-450x632.png 450w\" sizes=\"(max-width: 618px) 100vw, 618px\" \/>\t\t\t\t\t\t\t\t<\/a>\n\t\t\t\t\t\t\t\t\t\t\t\t\t\t\t<\/div>\n\t\t\t\t<\/div>\n\t\t\t\t<div class=\"elementor-element elementor-element-fc2d74c elementor-widget elementor-widget-heading\" data-id=\"fc2d74c\" data-element_type=\"widget\" data-e-type=\"widget\" data-widget_type=\"heading.default\">\n\t\t\t\t<div class=\"elementor-widget-container\">\n\t\t\t\t\t<h2 class=\"elementor-heading-title elementor-size-default\"><a href=\"https:\/\/sepmachinery.com\/wp-content\/uploads\/2023\/06\/food-conveyors-catalog-September-Machinery.pdf\">Danh m\u1ee5c b\u0103ng t\u1ea3i th\u1ef1c ph\u1ea9m<\/a><\/h2>\t\t\t\t<\/div>\n\t\t\t\t<\/div>\n\t\t\t\t<div class=\"elementor-element elementor-element-1cfc092 elementor-widget elementor-widget-text-editor\" data-id=\"1cfc092\" data-element_type=\"widget\" data-e-type=\"widget\" data-widget_type=\"text-editor.default\">\n\t\t\t\t<div class=\"elementor-widget-container\">\n\t\t\t\t\t\t\t\t\t<p>Kh\u00e1m ph\u00e1 nhi\u1ec1u lo\u1ea1i thang n\u00e2ng x\u00f4, b\u0103ng t\u1ea3i, b\u00e0n xoay v\u00e0 b\u0103ng t\u1ea3i tr\u1ee5c v\u00edt h\u00e0ng \u0111\u1ea7u c\u1ee7a ch\u00fang t\u00f4i. Duy\u1ec7t qua <span style=\"color: #99cc00;\"><a style=\"color: #99cc00;\" href=\"https:\/\/sepmachinery.com\/wp-content\/uploads\/2023\/06\/food-conveyors-catalog-September-Machinery.pdf\">danh m\u1ee5c \u0111i\u1ec7n t\u1eed<\/a><\/span> \u0111\u1ec3 c\u00f3 c\u00e1c gi\u1ea3i ph\u00e1p \u0111\u00e1ng tin c\u1eady v\u00e0 hi\u1ec7u qu\u1ea3 nh\u1eb1m h\u1ee3p l\u00fd h\u00f3a c\u00e1c quy tr\u00ecnh c\u00f4ng nghi\u1ec7p c\u1ee7a b\u1ea1n. Li\u00ean h\u1ec7 v\u1edbi ch\u00fang t\u00f4i ngay h\u00f4m nay \u0111\u1ec3 \u0111\u01b0\u1ee3c t\u01b0 v\u1ea5n chuy\u00ean m\u00f4n<\/p>\t\t\t\t\t\t\t\t<\/div>\n\t\t\t\t<\/div>\n\t\t\t\t<\/div>\n\t\t<div class=\"elementor-element elementor-element-62ca0e9 e-con-full e-flex e-con e-child\" data-id=\"62ca0e9\" data-element_type=\"container\" data-e-type=\"container\">\n\t\t\t\t<\/div>\n\t\t<div class=\"elementor-element elementor-element-669d4ab e-con-full e-flex e-con e-child\" data-id=\"669d4ab\" data-element_type=\"container\" data-e-type=\"container\">\n\t\t\t\t<\/div>\n\t\t\t\t\t<\/div>\n\t\t\t\t<\/div>\n\t\t\t\t<\/div>","protected":false},"excerpt":{"rendered":"<p>Danh m\u1ee5c B\u0103ng t\u1ea3i Th\u1ef1c ph\u1ea9m Kh\u00e1m ph\u00e1 danh m\u1ee5c \u0111a d\u1ea1ng c\u00e1c lo\u1ea1i m\u00e1y n\u00e2ng g\u1ea7u, b\u0103ng t\u1ea3i \u0111ai, b\u00e0n xoay v\u00e0 b\u0103ng t\u1ea3i tr\u1ee5c v\u00edt h\u00e0ng \u0111\u1ea7u c\u1ee7a ch\u00fang t\u00f4i. Duy\u1ec7t qua danh m\u1ee5c \u0111i\u1ec7n t\u1eed c\u1ee7a ch\u00fang t\u00f4i \u0111\u1ec3 t\u00ecm c\u00e1c gi\u1ea3i ph\u00e1p \u0111\u00e1ng tin c\u1eady v\u00e0 hi\u1ec7u qu\u1ea3 gi\u00fap h\u1ee3p l\u00fd h\u00f3a quy tr\u00ecnh c\u00f4ng nghi\u1ec7p c\u1ee7a b\u1ea1n. Li\u00ean h\u1ec7 v\u1edbi ch\u00fang t\u00f4i ngay h\u00f4m nay \u0111\u1ec3 \u0111\u01b0\u1ee3c t\u01b0 v\u1ea5n chuy\u00ean m\u00f4n.<\/p>","protected":false},"author":1,"featured_media":4578,"parent":0,"menu_order":0,"comment_status":"closed","ping_status":"closed","template":"","meta":{"two_page_speed":[],"footnotes":""},"class_list":["post-603","page","type-page","status-publish","has-post-thumbnail","hentry"],"_links":{"self":[{"href":"https:\/\/sepmachinery.com\/vi\/wp-json\/wp\/v2\/pages\/603","targetHints":{"allow":["GET"]}}],"collection":[{"href":"https:\/\/sepmachinery.com\/vi\/wp-json\/wp\/v2\/pages"}],"about":[{"href":"https:\/\/sepmachinery.com\/vi\/wp-json\/wp\/v2\/types\/page"}],"author":[{"embeddable":true,"href":"https:\/\/sepmachinery.com\/vi\/wp-json\/wp\/v2\/users\/1"}],"replies":[{"embeddable":true,"href":"https:\/\/sepmachinery.com\/vi\/wp-json\/wp\/v2\/comments?post=603"}],"version-history":[{"count":34,"href":"https:\/\/sepmachinery.com\/vi\/wp-json\/wp\/v2\/pages\/603\/revisions"}],"predecessor-version":[{"id":7118,"href":"https:\/\/sepmachinery.com\/vi\/wp-json\/wp\/v2\/pages\/603\/revisions\/7118"}],"wp:featuredmedia":[{"embeddable":true,"href":"https:\/\/sepmachinery.com\/vi\/wp-json\/wp\/v2\/media\/4578"}],"wp:attachment":[{"href":"https:\/\/sepmachinery.com\/vi\/wp-json\/wp\/v2\/media?parent=603"}],"curies":[{"name":"wp","href":"https:\/\/api.w.org\/{rel}","templated":true}]}}