{"id":7169,"date":"2023-06-29T08:23:33","date_gmt":"2023-06-29T08:23:33","guid":{"rendered":"https:\/\/sepmachinery.com\/?page_id=7169"},"modified":"2024-07-05T07:51:07","modified_gmt":"2024-07-05T07:51:07","slug":"september-machinery-latest-blog-and-news","status":"publish","type":"page","link":"https:\/\/sepmachinery.com\/vi\/september-machinery-latest-blog-and-news\/","title":{"rendered":"Blog"},"content":{"rendered":"<div data-elementor-type=\"wp-page\" data-elementor-id=\"7169\" class=\"elementor elementor-7169\" data-elementor-post-type=\"page\">\n\t\t\t\t<div class=\"elementor-element elementor-element-ae13bbe e-flex e-con-boxed e-con e-parent\" data-id=\"ae13bbe\" data-element_type=\"container\" data-e-type=\"container\">\n\t\t\t\t\t<div class=\"e-con-inner\">\n\t\t\t\t\t<\/div>\n\t\t\t\t<\/div>\n\t\t<div class=\"elementor-element elementor-element-b65504d e-flex e-con-boxed e-con e-parent\" data-id=\"b65504d\" data-element_type=\"container\" data-e-type=\"container\">\n\t\t\t\t\t<div class=\"e-con-inner\">\n\t\t\t\t<div class=\"elementor-element elementor-element-d7b4d68 elementor-widget elementor-widget-heading\" data-id=\"d7b4d68\" data-element_type=\"widget\" data-e-type=\"widget\" data-widget_type=\"heading.default\">\n\t\t\t\t<div class=\"elementor-widget-container\">\n\t\t\t\t\t<h1 class=\"elementor-heading-title elementor-size-default\">Tin t\u1ee9c v\u00e0 b\u00e0i vi\u1ebft m\u1edbi nh\u1ea5t v\u1ec1 b\u0103ng t\u1ea3i th\u1ef1c ph\u1ea9m<\/h1>\t\t\t\t<\/div>\n\t\t\t\t<\/div>\n\t\t\t\t<div class=\"elementor-element elementor-element-bb1da0e elementor-widget-divider--view-line elementor-widget elementor-widget-divider\" data-id=\"bb1da0e\" data-element_type=\"widget\" data-e-type=\"widget\" data-widget_type=\"divider.default\">\n\t\t\t\t<div class=\"elementor-widget-container\">\n\t\t\t\t\t\t\t<div class=\"elementor-divider\">\n\t\t\t<span class=\"elementor-divider-separator\">\n\t\t\t\t\t\t<\/span>\n\t\t<\/div>\n\t\t\t\t\t\t<\/div>\n\t\t\t\t<\/div>\n\t\t\t\t<div class=\"elementor-element elementor-element-be13b52 elementor-widget elementor-widget-text-editor\" data-id=\"be13b52\" data-element_type=\"widget\" data-e-type=\"widget\" data-widget_type=\"text-editor.default\">\n\t\t\t\t<div class=\"elementor-widget-container\">\n\t\t\t\t\t\t\t\t\t<p>H\u00e3y lu\u00f4n c\u1eadp nh\u1eadt nh\u1eefng tin t\u1ee9c v\u00e0 di\u1ec5n bi\u1ebfn m\u1edbi nh\u1ea5t v\u1ec1 b\u0103ng t\u1ea3i th\u1ef1c ph\u1ea9m v\u1edbi September Machinery. Kh\u00e1m ph\u00e1 c\u00e1c gi\u1ea3i ph\u00e1p b\u0103ng t\u1ea3i hi\u1ec7u qu\u1ea3 c\u1ee7a ch\u00fang t\u00f4i d\u00e0nh cho ng\u00e0nh ch\u1ebf bi\u1ebfn th\u1ef1c ph\u1ea9m.<\/p>\n<p>T\u1eeb b\u0103ng t\u1ea3i \u0111\u1ebfn thang m\u00e1y g\u1ea7u, b\u00e0n xoay v\u00e0 s\u00e0n l\u00e0m vi\u1ec7c, h\u00e3y kh\u00e1m ph\u00e1 ph\u1ea1m vi to\u00e0n di\u1ec7n c\u1ee7a ch\u00fang t\u00f4i v\u1ec1 c\u00e1c h\u1ec7 th\u1ed1ng b\u0103ng t\u1ea3i \u0111\u01b0\u1ee3c thi\u1ebft k\u1ebf d\u00e0nh ri\u00eang cho ng\u00e0nh c\u00f4ng nghi\u1ec7p th\u1ef1c ph\u1ea9m. C\u00e1c gi\u1ea3i ph\u00e1p c\u1ee7a ch\u00fang t\u00f4i t\u1ed1i \u01b0u h\u00f3a n\u0103ng su\u1ea5t, h\u1ee3p l\u00fd h\u00f3a ho\u1ea1t \u0111\u1ed9ng v\u00e0 \u0111\u1ea3m b\u1ea3o \u0111\u00e1p \u1ee9ng c\u00e1c ti\u00eau chu\u1ea9n v\u1ec1 an to\u00e0n v\u00e0 v\u1ec7 sinh th\u1ef1c ph\u1ea9m.<\/p>\n<p><span style=\"color: #99cc00;\"><a style=\"color: #99cc00;\" href=\"https:\/\/sepmachinery.com\/vi\/contact-us\/\">Li\u00ean h\u1ec7 September Machinery<\/a><\/span>&nbsp;h\u00f4m nay \u0111\u1ec3 th\u1ea3o lu\u1eadn v\u1ec1 c\u00e1c y\u00eau c\u1ea7u b\u0103ng t\u1ea3i c\u1ee5 th\u1ec3 c\u1ee7a b\u1ea1n v\u00e0 h\u01b0\u1edfng l\u1ee3i t\u1eeb chuy\u00ean m\u00f4n c\u1ee7a ch\u00fang t\u00f4i trong c\u00e1c gi\u1ea3i ph\u00e1p ch\u1ebf bi\u1ebfn th\u1ef1c ph\u1ea9m. H\u00e3y k\u1ebft n\u1ed1i v\u1edbi ch\u00fang t\u00f4i \u0111\u1ec3 lu\u00f4n d\u1eabn \u0111\u1ea7u v\u1ec1 b\u0103ng t\u1ea3i th\u1ef1c ph\u1ea9m.<\/p>\t\t\t\t\t\t\t\t<\/div>\n\t\t\t\t<\/div>\n\t\t\t\t<div class=\"elementor-element elementor-element-a407b9c elementor-grid-tablet-3 elementor-posts--align-left elementor-grid-3 elementor-grid-mobile-1 elementor-posts--thumbnail-top elementor-widget elementor-widget-posts\" data-id=\"a407b9c\" data-element_type=\"widget\" data-e-type=\"widget\" data-settings=\"{&quot;classic_columns_tablet&quot;:&quot;3&quot;,&quot;pagination_type&quot;:&quot;numbers_and_prev_next&quot;,&quot;classic_columns&quot;:&quot;3&quot;,&quot;classic_columns_mobile&quot;:&quot;1&quot;,&quot;classic_row_gap&quot;:{&quot;unit&quot;:&quot;px&quot;,&quot;size&quot;:35,&quot;sizes&quot;:[]},&quot;classic_row_gap_tablet&quot;:{&quot;unit&quot;:&quot;px&quot;,&quot;size&quot;:&quot;&quot;,&quot;sizes&quot;:[]},&quot;classic_row_gap_mobile&quot;:{&quot;unit&quot;:&quot;px&quot;,&quot;size&quot;:&quot;&quot;,&quot;sizes&quot;:[]}}\" data-widget_type=\"posts.classic\">\n\t\t\t\t<div class=\"elementor-widget-container\">\n\t\t\t\t\t\t\t<div class=\"elementor-posts-container elementor-posts elementor-posts--skin-classic elementor-grid\" role=\"list\">\n\t\t\t\t<article class=\"elementor-post elementor-grid-item post-7613 post type-post status-publish format-standard has-post-thumbnail hentry category-blog\" role=\"listitem\">\n\t\t\t\t<a class=\"elementor-post__thumbnail__link\" href=\"https:\/\/sepmachinery.com\/vi\/roller-conveyor\/\" tabindex=\"-1\">\n\t\t\t<div class=\"elementor-post__thumbnail\"><img fetchpriority=\"high\" decoding=\"async\" width=\"768\" height=\"576\" src=\"https:\/\/sepmachinery.com\/wp-content\/uploads\/2023\/07\/roller-conveyor-768x576.jpg\" class=\"attachment-medium_large size-medium_large wp-image-7629\" alt=\"b\u0103ng t\u1ea3i con l\u0103n\" srcset=\"https:\/\/sepmachinery.com\/wp-content\/uploads\/2023\/07\/roller-conveyor-768x576.jpg 768w, https:\/\/sepmachinery.com\/wp-content\/uploads\/2023\/07\/roller-conveyor-300x225.jpg 300w, https:\/\/sepmachinery.com\/wp-content\/uploads\/2023\/07\/roller-conveyor-600x450.jpg 600w, https:\/\/sepmachinery.com\/wp-content\/uploads\/2023\/07\/roller-conveyor.jpg 1024w\" sizes=\"(max-width: 768px) 100vw, 768px\" \/><\/div>\n\t\t<\/a>\n\t\t\t\t<div class=\"elementor-post__text\">\n\t\t\t\t<h3 class=\"elementor-post__title\">\n\t\t\t<a href=\"https:\/\/sepmachinery.com\/vi\/roller-conveyor\/\">\n\t\t\t\tB\u0103ng t\u1ea3i con l\u0103n\t\t\t<\/a>\n\t\t<\/h3>\n\t\t\t\t<div class=\"elementor-post__meta-data\">\n\t\t\t\t\t<span class=\"elementor-post-date\">\n\t\t\tTh\u00e1ng 7 7, 2023\t\t<\/span>\n\t\t\t\t<span class=\"elementor-post-avatar\">\n\t\t\tKh\u00f4ng c\u00f3 b\u00ecnh lu\u1eadn\t\t<\/span>\n\t\t\t\t<\/div>\n\t\t\t\t<div class=\"elementor-post__excerpt\">\n\t\t\t<p>B\u0103ng t\u1ea3i con l\u0103n linh ho\u1ea1t l\u00e0 m\u1ed9t lo\u1ea1i h\u1ec7 th\u1ed1ng b\u0103ng t\u1ea3i s\u1eed d\u1ee5ng m\u1ed9t lo\u1ea1t c\u00e1c con l\u0103n \u0111\u1ec3 v\u1eadn chuy\u1ec3n h\u00e0ng h\u00f3a ho\u1eb7c v\u1eadt li\u1ec7u t\u1eeb \u0111i\u1ec3m n\u00e0y \u0111\u1ebfn \u0111i\u1ec3m kh\u00e1c.<\/p>\n\t\t<\/div>\n\t\t\n\t\t<a class=\"elementor-post__read-more\" href=\"https:\/\/sepmachinery.com\/vi\/roller-conveyor\/\" aria-label=\"T\u00ecm hi\u1ec3u th\u00eam v\u1ec1 B\u0103ng t\u1ea3i con l\u0103n\" tabindex=\"-1\">\n\t\t\t\u0110\u1ecdc th\u00eam \u00bb\t\t<\/a>\n\n\t\t\t\t<\/div>\n\t\t\t\t<\/article>\n\t\t\t\t<article class=\"elementor-post elementor-grid-item post-7511 post type-post status-publish format-standard has-post-thumbnail hentry category-blog\" role=\"listitem\">\n\t\t\t\t<a class=\"elementor-post__thumbnail__link\" href=\"https:\/\/sepmachinery.com\/vi\/inclined-belt-conveyor\/\" tabindex=\"-1\">\n\t\t\t<div class=\"elementor-post__thumbnail\"><img decoding=\"async\" width=\"768\" height=\"432\" src=\"https:\/\/sepmachinery.com\/wp-content\/uploads\/2023\/07\/Inclined-Belt-Conveyor-1-768x432.jpg\" class=\"attachment-medium_large size-medium_large wp-image-7581\" alt=\"B\u0103ng t\u1ea3i nghi\u00eang\" srcset=\"https:\/\/sepmachinery.com\/wp-content\/uploads\/2023\/07\/Inclined-Belt-Conveyor-1-768x432.jpg 768w, https:\/\/sepmachinery.com\/wp-content\/uploads\/2023\/07\/Inclined-Belt-Conveyor-1-300x169.jpg 300w, https:\/\/sepmachinery.com\/wp-content\/uploads\/2023\/07\/Inclined-Belt-Conveyor-1-1030x579.jpg 1030w, https:\/\/sepmachinery.com\/wp-content\/uploads\/2023\/07\/Inclined-Belt-Conveyor-1-1536x864.jpg 1536w, https:\/\/sepmachinery.com\/wp-content\/uploads\/2023\/07\/Inclined-Belt-Conveyor-1-2048x1152.jpg 2048w, https:\/\/sepmachinery.com\/wp-content\/uploads\/2023\/07\/Inclined-Belt-Conveyor-1-600x338.jpg 600w\" sizes=\"(max-width: 768px) 100vw, 768px\" \/><\/div>\n\t\t<\/a>\n\t\t\t\t<div class=\"elementor-post__text\">\n\t\t\t\t<h3 class=\"elementor-post__title\">\n\t\t\t<a href=\"https:\/\/sepmachinery.com\/vi\/inclined-belt-conveyor\/\">\n\t\t\t\tB\u0103ng t\u1ea3i nghi\u00eang\t\t\t<\/a>\n\t\t<\/h3>\n\t\t\t\t<div class=\"elementor-post__meta-data\">\n\t\t\t\t\t<span class=\"elementor-post-date\">\n\t\t\tTh\u00e1ng 7 4, 2023\t\t<\/span>\n\t\t\t\t<span class=\"elementor-post-avatar\">\n\t\t\tKh\u00f4ng c\u00f3 b\u00ecnh lu\u1eadn\t\t<\/span>\n\t\t\t\t<\/div>\n\t\t\t\t<div class=\"elementor-post__excerpt\">\n\t\t\t<p>Gi\u1edbi thi\u1ec7u B\u0103ng t\u1ea3i nghi\u00eang c\u00f3 th\u1ec3 r\u1eeda t\u00f9y ch\u1ec9nh c\u1ee7a ch\u00fang t\u00f4i B\u0103ng t\u1ea3i nghi\u00eang c\u00f3 th\u1ec3 r\u1eeda c\u1ee7a ch\u00fang t\u00f4i \u0111\u01b0\u1ee3c thi\u1ebft k\u1ebf ri\u00eang cho ng\u00e0nh c\u00f4ng nghi\u1ec7p th\u1ef1c ph\u1ea9m, \u0111\u1ea3m b\u1ea3o v\u1ec7 sinh v\u00e0 s\u1ea1ch s\u1ebd t\u1ed1i \u01b0u. V\u1edbi<\/p>\n\t\t<\/div>\n\t\t\n\t\t<a class=\"elementor-post__read-more\" href=\"https:\/\/sepmachinery.com\/vi\/inclined-belt-conveyor\/\" aria-label=\"\u0110\u1ecdc th\u00eam v\u1ec1 B\u0103ng t\u1ea3i nghi\u00eang\" tabindex=\"-1\">\n\t\t\t\u0110\u1ecdc th\u00eam \u00bb\t\t<\/a>\n\n\t\t\t\t<\/div>\n\t\t\t\t<\/article>\n\t\t\t\t<article class=\"elementor-post elementor-grid-item post-7041 post type-post status-publish format-standard has-post-thumbnail hentry category-blog\" role=\"listitem\">\n\t\t\t\t<a class=\"elementor-post__thumbnail__link\" href=\"https:\/\/sepmachinery.com\/vi\/s-shaped-belt-conveyor\/\" tabindex=\"-1\">\n\t\t\t<div class=\"elementor-post__thumbnail\"><img decoding=\"async\" width=\"768\" height=\"433\" src=\"https:\/\/sepmachinery.com\/wp-content\/uploads\/2023\/06\/S-shape-belt-conveyor-2-2-768x433.jpg\" class=\"attachment-medium_large size-medium_large wp-image-7197\" alt=\"B\u0103ng t\u1ea3i h\u00ecnh ch\u1eef S\" srcset=\"https:\/\/sepmachinery.com\/wp-content\/uploads\/2023\/06\/S-shape-belt-conveyor-2-2-768x433.jpg 768w, https:\/\/sepmachinery.com\/wp-content\/uploads\/2023\/06\/S-shape-belt-conveyor-2-2-300x169.jpg 300w, https:\/\/sepmachinery.com\/wp-content\/uploads\/2023\/06\/S-shape-belt-conveyor-2-2-1030x581.jpg 1030w, https:\/\/sepmachinery.com\/wp-content\/uploads\/2023\/06\/S-shape-belt-conveyor-2-2-1536x866.jpg 1536w, https:\/\/sepmachinery.com\/wp-content\/uploads\/2023\/06\/S-shape-belt-conveyor-2-2-600x338.jpg 600w, https:\/\/sepmachinery.com\/wp-content\/uploads\/2023\/06\/S-shape-belt-conveyor-2-2.jpg 1908w\" sizes=\"(max-width: 768px) 100vw, 768px\" \/><\/div>\n\t\t<\/a>\n\t\t\t\t<div class=\"elementor-post__text\">\n\t\t\t\t<h3 class=\"elementor-post__title\">\n\t\t\t<a href=\"https:\/\/sepmachinery.com\/vi\/s-shaped-belt-conveyor\/\">\n\t\t\t\tB\u0103ng t\u1ea3i h\u00ecnh ch\u1eef S\t\t\t<\/a>\n\t\t<\/h3>\n\t\t\t\t<div class=\"elementor-post__meta-data\">\n\t\t\t\t\t<span class=\"elementor-post-date\">\n\t\t\tTh\u00e1ng 6 24, 2023\t\t<\/span>\n\t\t\t\t<span class=\"elementor-post-avatar\">\n\t\t\tKh\u00f4ng c\u00f3 b\u00ecnh lu\u1eadn\t\t<\/span>\n\t\t\t\t<\/div>\n\t\t\t\t<div class=\"elementor-post__excerpt\">\n\t\t\t<p>B\u0103ng t\u1ea3i h\u00ecnh ch\u1eef S Video b\u0103ng t\u1ea3i h\u00ecnh ch\u1eef S B\u0103ng t\u1ea3i h\u00ecnh ch\u1eef S d\u1ea1ng m\u00f4-\u0111un l\u00e0 m\u1ed9t lo\u1ea1i h\u1ec7 th\u1ed1ng b\u0103ng t\u1ea3i s\u1eed d\u1ee5ng m\u1ed9t lo\u1ea1t<\/p>\n\t\t<\/div>\n\t\t\n\t\t<a class=\"elementor-post__read-more\" href=\"https:\/\/sepmachinery.com\/vi\/s-shaped-belt-conveyor\/\" aria-label=\"\u0110\u1ecdc th\u00eam v\u1ec1 b\u0103ng t\u1ea3i h\u00ecnh ch\u1eef S\" tabindex=\"-1\">\n\t\t\t\u0110\u1ecdc th\u00eam \u00bb\t\t<\/a>\n\n\t\t\t\t<\/div>\n\t\t\t\t<\/article>\n\t\t\t\t<article class=\"elementor-post elementor-grid-item post-2702 post type-post status-publish format-standard has-post-thumbnail hentry category-blog\" role=\"listitem\">\n\t\t\t\t<a class=\"elementor-post__thumbnail__link\" href=\"https:\/\/sepmachinery.com\/vi\/food-bucket-elevators\/\" tabindex=\"-1\">\n\t\t\t<div class=\"elementor-post__thumbnail\"><img loading=\"lazy\" decoding=\"async\" width=\"768\" height=\"548\" src=\"https:\/\/sepmachinery.com\/wp-content\/uploads\/2019\/09\/food-bucket-conveyors-768x548.jpg\" class=\"attachment-medium_large size-medium_large wp-image-2779\" alt=\"Thang m\u00e1y x\u00f4 th\u1ef1c ph\u1ea9m b\u0103ng t\u1ea3i x\u00f4\" srcset=\"https:\/\/sepmachinery.com\/wp-content\/uploads\/2019\/09\/food-bucket-conveyors-768x548.jpg 768w, https:\/\/sepmachinery.com\/wp-content\/uploads\/2019\/09\/food-bucket-conveyors-300x214.jpg 300w, https:\/\/sepmachinery.com\/wp-content\/uploads\/2019\/09\/food-bucket-conveyors-260x185.jpg 260w, https:\/\/sepmachinery.com\/wp-content\/uploads\/2019\/09\/food-bucket-conveyors-705x503.jpg 705w, https:\/\/sepmachinery.com\/wp-content\/uploads\/2019\/09\/food-bucket-conveyors-450x321.jpg 450w, https:\/\/sepmachinery.com\/wp-content\/uploads\/2019\/09\/food-bucket-conveyors.jpg 790w\" sizes=\"(max-width: 768px) 100vw, 768px\" \/><\/div>\n\t\t<\/a>\n\t\t\t\t<div class=\"elementor-post__text\">\n\t\t\t\t<h3 class=\"elementor-post__title\">\n\t\t\t<a href=\"https:\/\/sepmachinery.com\/vi\/food-bucket-elevators\/\">\n\t\t\t\tThang m\u00e1y x\u00f4 \u0111\u1ef1ng th\u1ee9c \u0103n\t\t\t<\/a>\n\t\t<\/h3>\n\t\t\t\t<div class=\"elementor-post__meta-data\">\n\t\t\t\t\t<span class=\"elementor-post-date\">\n\t\t\tTh\u00e1ng 9 7, 2019\t\t<\/span>\n\t\t\t\t<span class=\"elementor-post-avatar\">\n\t\t\tKh\u00f4ng c\u00f3 b\u00ecnh lu\u1eadn\t\t<\/span>\n\t\t\t\t<\/div>\n\t\t\t\t<div class=\"elementor-post__excerpt\">\n\t\t\t<p>Thang m\u00e1y g\u1ea7u c\u00f3 ph\u1ea7n th\u1eb3ng \u0111\u1ee9ng v\u00e0 n\u1eb1m ngang \u0111\u1ec3 d\u1ecbch chuy\u1ec3n v\u1eadt li\u1ec7u r\u1eddi, n\u00f3 \u0111\u01b0\u1ee3c s\u1eed d\u1ee5ng r\u1ed9ng r\u00e3i cho nhi\u1ec1u lo\u1ea1i s\u1ea3n ph\u1ea9m. V\u00e0 n\u00f3 c\u00f3 th\u1ec3 c\u00f3 <\/p>\n\t\t<\/div>\n\t\t\n\t\t<a class=\"elementor-post__read-more\" href=\"https:\/\/sepmachinery.com\/vi\/food-bucket-elevators\/\" aria-label=\"\u0110\u1ecdc th\u00eam v\u1ec1 Thang m\u00e1y x\u00f4 \u0111\u1ef1ng th\u1ef1c ph\u1ea9m\" tabindex=\"-1\">\n\t\t\t\u0110\u1ecdc th\u00eam \u00bb\t\t<\/a>\n\n\t\t\t\t<\/div>\n\t\t\t\t<\/article>\n\t\t\t\t<article class=\"elementor-post elementor-grid-item post-1494 post type-post status-publish format-standard has-post-thumbnail hentry category-blog\" role=\"listitem\">\n\t\t\t\t<a class=\"elementor-post__thumbnail__link\" href=\"https:\/\/sepmachinery.com\/vi\/indexing-conveyor\/\" tabindex=\"-1\">\n\t\t\t<div class=\"elementor-post__thumbnail\"><img loading=\"lazy\" decoding=\"async\" width=\"768\" height=\"641\" src=\"https:\/\/sepmachinery.com\/wp-content\/uploads\/2018\/07\/bowl-type-conveyor-food-768x641.jpg\" class=\"attachment-medium_large size-medium_large wp-image-1515\" alt=\"b\u0103ng t\u1ea3i th\u1ef1c ph\u1ea9m lo\u1ea1i b\u00e1t\" srcset=\"https:\/\/sepmachinery.com\/wp-content\/uploads\/2018\/07\/bowl-type-conveyor-food-768x641.jpg 768w, https:\/\/sepmachinery.com\/wp-content\/uploads\/2018\/07\/bowl-type-conveyor-food-300x250.jpg 300w, https:\/\/sepmachinery.com\/wp-content\/uploads\/2018\/07\/bowl-type-conveyor-food-1030x859.jpg 1030w, https:\/\/sepmachinery.com\/wp-content\/uploads\/2018\/07\/bowl-type-conveyor-food-1500x1251.jpg 1500w, https:\/\/sepmachinery.com\/wp-content\/uploads\/2018\/07\/bowl-type-conveyor-food-705x588.jpg 705w, https:\/\/sepmachinery.com\/wp-content\/uploads\/2018\/07\/bowl-type-conveyor-food-450x375.jpg 450w, https:\/\/sepmachinery.com\/wp-content\/uploads\/2018\/07\/bowl-type-conveyor-food.jpg 1755w\" sizes=\"(max-width: 768px) 100vw, 768px\" \/><\/div>\n\t\t<\/a>\n\t\t\t\t<div class=\"elementor-post__text\">\n\t\t\t\t<h3 class=\"elementor-post__title\">\n\t\t\t<a href=\"https:\/\/sepmachinery.com\/vi\/indexing-conveyor\/\">\n\t\t\t\tB\u0103ng t\u1ea3i l\u1eadp ch\u1ec9 m\u1ee5c\t\t\t<\/a>\n\t\t<\/h3>\n\t\t\t\t<div class=\"elementor-post__meta-data\">\n\t\t\t\t\t<span class=\"elementor-post-date\">\n\t\t\tTh\u00e1ng 7 5, 2018\t\t<\/span>\n\t\t\t\t<span class=\"elementor-post-avatar\">\n\t\t\tKh\u00f4ng c\u00f3 b\u00ecnh lu\u1eadn\t\t<\/span>\n\t\t\t\t<\/div>\n\t\t\t\t<div class=\"elementor-post__excerpt\">\n\t\t\t<p>B\u0103ng t\u1ea3i l\u1eadp ch\u1ec9 m\u1ee5c l\u00e0 m\u1ed9t ph\u1ea7n c\u1ee7a d\u00e2y chuy\u1ec1n ch\u1ebf bi\u1ebfn th\u1ef1c ph\u1ea9m, thi\u1ebft k\u1ebf linh ho\u1ea1t v\u00e0 ti\u1ebft ki\u1ec7m chi ph\u00ed khi\u1ebfn n\u00f3 \u0111\u01b0\u1ee3c s\u1eed d\u1ee5ng r\u1ed9ng r\u00e3i trong c\u00e1c ng\u00e0nh c\u00f4ng nghi\u1ec7p phi th\u1ef1c ph\u1ea9m. L\u1eadp ch\u1ec9 m\u1ee5c ki\u1ec3u b\u00e1t<\/p>\n\t\t<\/div>\n\t\t\n\t\t<a class=\"elementor-post__read-more\" href=\"https:\/\/sepmachinery.com\/vi\/indexing-conveyor\/\" aria-label=\"\u0110\u1ecdc th\u00eam v\u1ec1 B\u0103ng t\u1ea3i l\u1eadp ch\u1ec9 m\u1ee5c\" tabindex=\"-1\">\n\t\t\t\u0110\u1ecdc th\u00eam \u00bb\t\t<\/a>\n\n\t\t\t\t<\/div>\n\t\t\t\t<\/article>\n\t\t\t\t<article class=\"elementor-post elementor-grid-item post-1422 post type-post status-publish format-standard has-post-thumbnail hentry category-blog\" role=\"listitem\">\n\t\t\t\t<a class=\"elementor-post__thumbnail__link\" href=\"https:\/\/sepmachinery.com\/vi\/bucket-conveyor\/\" tabindex=\"-1\">\n\t\t\t<div class=\"elementor-post__thumbnail\"><img loading=\"lazy\" decoding=\"async\" width=\"768\" height=\"641\" src=\"https:\/\/sepmachinery.com\/wp-content\/uploads\/2018\/06\/3.8L-bucket-elevator-1-768x641.jpg\" class=\"attachment-medium_large size-medium_large wp-image-1454\" alt=\"Thi\u1ebft k\u1ebf b\u0103ng t\u1ea3i x\u00f4 ch\u1ed1ng tr\u00e0n 3.8L\" srcset=\"https:\/\/sepmachinery.com\/wp-content\/uploads\/2018\/06\/3.8L-bucket-elevator-1-768x641.jpg 768w, https:\/\/sepmachinery.com\/wp-content\/uploads\/2018\/06\/3.8L-bucket-elevator-1-300x250.jpg 300w, https:\/\/sepmachinery.com\/wp-content\/uploads\/2018\/06\/3.8L-bucket-elevator-1-1030x859.jpg 1030w, https:\/\/sepmachinery.com\/wp-content\/uploads\/2018\/06\/3.8L-bucket-elevator-1-1500x1251.jpg 1500w, https:\/\/sepmachinery.com\/wp-content\/uploads\/2018\/06\/3.8L-bucket-elevator-1-705x588.jpg 705w, https:\/\/sepmachinery.com\/wp-content\/uploads\/2018\/06\/3.8L-bucket-elevator-1-450x375.jpg 450w, https:\/\/sepmachinery.com\/wp-content\/uploads\/2018\/06\/3.8L-bucket-elevator-1.jpg 1755w\" sizes=\"(max-width: 768px) 100vw, 768px\" \/><\/div>\n\t\t<\/a>\n\t\t\t\t<div class=\"elementor-post__text\">\n\t\t\t\t<h3 class=\"elementor-post__title\">\n\t\t\t<a href=\"https:\/\/sepmachinery.com\/vi\/bucket-conveyor\/\">\n\t\t\t\tThi\u1ebft k\u1ebf b\u0103ng t\u1ea3i g\u1ea7u ng\u0103n tr\u00e0n\t\t\t<\/a>\n\t\t<\/h3>\n\t\t\t\t<div class=\"elementor-post__meta-data\">\n\t\t\t\t\t<span class=\"elementor-post-date\">\n\t\t\tTh\u00e1ng 6 9, 2018\t\t<\/span>\n\t\t\t\t<span class=\"elementor-post-avatar\">\n\t\t\tKh\u00f4ng c\u00f3 b\u00ecnh lu\u1eadn\t\t<\/span>\n\t\t\t\t<\/div>\n\t\t\t\t<div class=\"elementor-post__excerpt\">\n\t\t\t<p>M\u00e1y c\u1ea5p li\u1ec7u g\u1ea7u c\u00f3 nhi\u1ec1u lo\u1ea1i g\u1ea7u nh\u01b0 g\u1ea7u 1L, 1.8L, 3.8L v\u00e0 6.5L.<br \/>\nTrong v\u00e0i th\u00e1ng qua, nh\u00f3m c\u1ee7a ch\u00fang t\u00f4i \u0111\u00e3 n\u1ed7 l\u1ef1c r\u1ea5t nhi\u1ec1u \u0111\u1ec3 c\u1ea3i ti\u1ebfn lo\u1ea1i b\u0103ng t\u1ea3i g\u1ea7u 3,8L c\u0169 th\u00e0nh lo\u1ea1i ho\u1ea1t \u0111\u1ed9ng tr\u01a1n tru h\u01a1n. <\/p>\n\t\t<\/div>\n\t\t\n\t\t<a class=\"elementor-post__read-more\" href=\"https:\/\/sepmachinery.com\/vi\/bucket-conveyor\/\" aria-label=\"\u0110\u1ecdc th\u00eam v\u1ec1 Thi\u1ebft k\u1ebf ng\u0103n tr\u00e0n c\u1ee7a b\u0103ng t\u1ea3i g\u1ea7u\" tabindex=\"-1\">\n\t\t\t\u0110\u1ecdc th\u00eam \u00bb\t\t<\/a>\n\n\t\t\t\t<\/div>\n\t\t\t\t<\/article>\n\t\t\t\t<\/div>\n\t\t\n\t\t\t\t<div class=\"e-load-more-anchor\" data-page=\"1\" data-max-page=\"2\" data-next-page=\"https:\/\/sepmachinery.com\/vi\/wp-json\/wp\/v2\/pages\/7169\/page\/2\/\"><\/div>\n\t\t\t\t<nav class=\"elementor-pagination\" aria-label=\"Ph\u00e2n trang\">\n\t\t\t<span class=\"page-numbers prev\">&quot; Tr\u01b0\u1edbc<\/span>\n<span aria-current=\"page\" class=\"page-numbers current\"><span class=\"elementor-screen-only\">Trang<\/span>1<\/span>\n<a class=\"page-numbers\" href=\"https:\/\/sepmachinery.com\/vi\/wp-json\/wp\/v2\/pages\/7169\/page\/2\/\"><span class=\"elementor-screen-only\">Trang<\/span>2<\/a>\n<a class=\"page-numbers next\" href=\"https:\/\/sepmachinery.com\/vi\/wp-json\/wp\/v2\/pages\/7169\/page\/2\/\">K\u1ebf ti\u1ebfp &quot;<\/a>\t\t<\/nav>\n\t\t\t\t\t\t<\/div>\n\t\t\t\t<\/div>\n\t\t\t\t\t<\/div>\n\t\t\t\t<\/div>\n\t\t\t\t<\/div>","protected":false},"excerpt":{"rendered":"<p>Latest News and Posts on Food Conveyors Stay informed and up to date with the latest news and developments of food conveyors with September Machinery. Discover how our efficient conveyor solutions for the food processing industry. From belt conveyors to bucket elevators, turntables, and working platforms, explore our comprehensive range of conveyor systems designed specifically [&hellip;]<\/p>\n","protected":false},"author":1,"featured_media":7009,"parent":0,"menu_order":0,"comment_status":"closed","ping_status":"closed","template":"","meta":{"two_page_speed":[],"footnotes":""},"class_list":["post-7169","page","type-page","status-publish","has-post-thumbnail","hentry"],"_links":{"self":[{"href":"https:\/\/sepmachinery.com\/vi\/wp-json\/wp\/v2\/pages\/7169","targetHints":{"allow":["GET"]}}],"collection":[{"href":"https:\/\/sepmachinery.com\/vi\/wp-json\/wp\/v2\/pages"}],"about":[{"href":"https:\/\/sepmachinery.com\/vi\/wp-json\/wp\/v2\/types\/page"}],"author":[{"embeddable":true,"href":"https:\/\/sepmachinery.com\/vi\/wp-json\/wp\/v2\/users\/1"}],"replies":[{"embeddable":true,"href":"https:\/\/sepmachinery.com\/vi\/wp-json\/wp\/v2\/comments?post=7169"}],"version-history":[{"count":53,"href":"https:\/\/sepmachinery.com\/vi\/wp-json\/wp\/v2\/pages\/7169\/revisions"}],"predecessor-version":[{"id":8175,"href":"https:\/\/sepmachinery.com\/vi\/wp-json\/wp\/v2\/pages\/7169\/revisions\/8175"}],"wp:featuredmedia":[{"embeddable":true,"href":"https:\/\/sepmachinery.com\/vi\/wp-json\/wp\/v2\/media\/7009"}],"wp:attachment":[{"href":"https:\/\/sepmachinery.com\/vi\/wp-json\/wp\/v2\/media?parent=7169"}],"curies":[{"name":"wp","href":"https:\/\/api.w.org\/{rel}","templated":true}]}}